{"id":41570,"date":"2023-08-08T14:37:24","date_gmt":"2023-08-08T12:37:24","guid":{"rendered":"https:\/\/www.sowosz.com\/?post_type=product&#038;p=41570"},"modified":"2026-02-25T09:50:44","modified_gmt":"2026-02-25T08:50:44","slug":"stlpik-7x7cm","status":"publish","type":"product","link":"https:\/\/www.sowosz.com\/sk\/product\/stlpik-7x7cm\/","title":{"rendered":"St\u013apik 7x7cm"},"content":{"rendered":"<div class=\"flex flex-col text-sm pb-25\">\n<article class=\"text-token-text-primary w-full focus:outline-none [--shadow-height:45px] has-data-writing-block:pointer-events-none has-data-writing-block:-mt-(--shadow-height) has-data-writing-block:pt-(--shadow-height) [&amp;:has([data-writing-block])&gt;*]:pointer-events-auto scroll-mt-[calc(var(--header-height)+min(200px.max(70px.20svh)))]\" dir=\"auto\" tabindex=\"-1\" data-turn-id=\"request-WEB:3720cecb-34c7-4fcd-ba24-8570052d862f-22\" data-testid=\"conversation-turn-28\" data-scroll-anchor=\"true\" data-turn=\"assistant\">\n<div class=\"text-base my-auto mx-auto pb-10 [--thread-content-margin:--spacing(4)] @w-sm\/main:[--thread-content-margin:--spacing(6)] @w-lg\/main:[--thread-content-margin:--spacing(16)] px-(--thread-content-margin)\">\n<div class=\"[--thread-content-max-width:40rem] @w-lg\/main:[--thread-content-max-width:48rem] mx-auto max-w-(--thread-content-max-width) flex-1 group\/turn-messages focus-visible:outline-hidden relative flex w-full min-w-0 flex-col agent-turn\" tabindex=\"-1\">\n<div class=\"flex max-w-full flex-col grow\">\n<div class=\"min-h-8 text-message relative flex w-full flex-col items-end gap-2 text-start break-words whitespace-normal [.text-message+&amp;]:mt-1\" dir=\"auto\" data-message-author-role=\"assistant\" data-message-id=\"b4ac7029-1cf9-4d7b-93c7-a330c6277b02\" data-message-model-slug=\"gpt-5-2-instant\">\n<div class=\"flex w-full flex-col gap-1 empty:hidden first:pt-[1px]\">\n<div class=\"markdown prose dark:prose-invert w-full break-words dark markdown-new-styling\">\n<h2 data-start=\"0\" data-end=\"44\"><strong data-start=\"0\" data-end=\"44\">Rovn\u00fd st\u013apik 7 \u00d7 7 \u00d7 115 cm \u2013 s\u00e9ria BMDK<\/strong><\/h2>\n<p data-start=\"46\" data-end=\"347\">Rovn\u00fd dreven\u00fd st\u013apik s rozmermi 7 \u00d7 7 \u00d7 115 cm je ur\u010den\u00fd na pou\u017eitie so z\u00e1bradliami zo s\u00e9rie BMDK. Je plne kompatibiln\u00fd so v\u0161etk\u00fdmi dielmi z\u00e1bradlia tejto s\u00e9rie. konkr\u00e9tne s modelmi BMDK 50. BMDK 100 a BMDK 150. Sl\u00fa\u017ei ako stabiln\u00fd nosn\u00fd prvok. ktor\u00fd zabezpe\u010duje pevnos\u0165 a bezpe\u010dn\u00e9 ukotvenie z\u00e1bradlia.<\/p>\n<p data-start=\"349\" data-end=\"553\" data-is-last-node=\"\" data-is-only-node=\"\">V\u010faka jednoduch\u00e9mu tvaru je vhodn\u00fd do r\u00f4znych typov interi\u00e9rov a umo\u017e\u0148uje jednoduch\u00fa mont\u00e1\u017e. Ak m\u00e1te ak\u00e9ko\u013evek ot\u00e1zky alebo potrebujete poradi\u0165 s v\u00fdberom. kontaktujte n\u00e1s na e-maile <strong data-start=\"531\" data-end=\"552\"><a class=\"decorated-link cursor-pointer\" href=\"mailto:stairs@sowosz.com\" rel=\"noopener\" data-start=\"533\" data-end=\"550\">stairs@sowosz.com<\/a><\/strong><\/p>\n<\/div>\n<\/div>\n<\/div>\n<\/div>\n<div class=\"z-0 flex min-h-[46px] justify-start\"><\/div>\n<div class=\"mt-3 w-full empty:hidden\">\n<div class=\"text-center\"><\/div>\n<\/div>\n<\/div>\n<\/div>\n<\/article>\n<\/div>\n<div class=\"pointer-events-none h-px w-px absolute bottom-0\" aria-hidden=\"true\" data-edge=\"true\"><\/div>\n","protected":false},"excerpt":{"rendered":"<p data-start=\"0\" data-end=\"22\"><strong data-start=\"0\" data-end=\"22\">Hlavn\u00e9 vlastnosti:<\/strong><\/p>\n<p data-start=\"24\" data-end=\"134\" data-is-last-node=\"\" data-is-only-node=\"\">\u2714\ufe0f rovn\u00fd st\u013apik<br data-start=\"39\" data-end=\"42\" \/>\u2714\ufe0f rozmery: 7 cm \u00d7 7 cm \u00d7 115 cm<br data-start=\"74\" data-end=\"77\" \/>\u2714\ufe0f kompatibiln\u00fd s rovnou z\u00e1bradliou BMDK<br data-start=\"117\" data-end=\"120\" \/>\u2714\ufe0f nenatieran\u00e9<br data-start=\"132\" data-end=\"135\" \/>\u2714\ufe0f ur\u010den\u00e9 na svojpomocn\u00fa mont\u00e1\u017e<br data-start=\"166\" data-end=\"169\" \/>\u2714\ufe0f certifik\u00e1t PEFC<br data-start=\"233\" data-end=\"236\" \/>\u2714\ufe0f dodacia lehota: 2-5 t\u00fd\u017ed\u0148ov<\/p>\n","protected":false},"featured_media":31786,"template":"","meta":{"_acf_changed":false,"_themeisle_gutenberg_block_has_review":false},"product_brand":[],"product_cat":[848],"product_tag":[],"class_list":{"0":"post-41570","1":"product","2":"type-product","3":"status-publish","4":"has-post-thumbnail","6":"product_cat-ostatne","8":"first","9":"instock","10":"shipping-taxable","11":"purchasable","12":"product-type-simple"},"acf":[],"yoast_head":"<!-- This site is optimized with the Yoast SEO plugin v27.3 - https:\/\/yoast.com\/product\/yoast-seo-wordpress\/ -->\n<title>St\u013apik 7x7cm - SOWOSZ dreven\u00e9 schody<\/title>\n<meta name=\"description\" content=\"S\u0142upek 7x7cm drewniany kompatybilny z balustradami z serii BMDK. Wejd\u017a na nasz\u0105 stron\u0119 i zapoznaj si\u0119 z pe\u0142n\u0105 ofert\u0105 naszych schod\u00f3w i balustrad.\" \/>\n<meta name=\"robots\" content=\"index, follow, max-snippet:-1, max-image-preview:large, max-video-preview:-1\" \/>\n<link rel=\"canonical\" href=\"https:\/\/www.sowosz.com\/sk\/product\/stlpik-7x7cm\/\" \/>\n<meta property=\"og:locale\" content=\"sk_SK\" \/>\n<meta property=\"og:type\" content=\"article\" \/>\n<meta property=\"og:title\" content=\"St\u013apik 7x7cm - SOWOSZ dreven\u00e9 schody\" \/>\n<meta property=\"og:description\" content=\"S\u0142upek 7x7cm drewniany kompatybilny z balustradami z serii BMDK. Wejd\u017a na nasz\u0105 stron\u0119 i zapoznaj si\u0119 z pe\u0142n\u0105 ofert\u0105 naszych schod\u00f3w i balustrad.\" \/>\n<meta property=\"og:url\" content=\"https:\/\/www.sowosz.com\/sk\/product\/stlpik-7x7cm\/\" \/>\n<meta property=\"og:site_name\" content=\"Dreven\u00e9 schody SOWOSZ \u2013 priame a zabiehov\u00e9 schody od v\u00fdrobcu\" \/>\n<meta property=\"article:publisher\" content=\"https:\/\/www.facebook.com\/Sowosz\/\" \/>\n<meta property=\"article:modified_time\" content=\"2026-02-25T08:50:44+00:00\" \/>\n<meta property=\"og:image\" content=\"https:\/\/www.sowosz.com\/wp-content\/uploads\/2023\/10\/Slupek-7x7-1.jpg\" \/>\n\t<meta property=\"og:image:width\" content=\"1238\" \/>\n\t<meta property=\"og:image:height\" content=\"1583\" \/>\n\t<meta property=\"og:image:type\" content=\"image\/jpeg\" \/>\n<meta name=\"twitter:card\" content=\"summary_large_image\" \/>\n<meta name=\"twitter:label1\" content=\"Predpokladan\u00fd \u010das \u010d\u00edtania\" \/>\n\t<meta name=\"twitter:data1\" content=\"1 min\u00fata\" \/>\n<script type=\"application\/ld+json\" class=\"yoast-schema-graph\">{\"@context\":\"https:\\\/\\\/schema.org\",\"@graph\":[{\"@type\":\"WebPage\",\"@id\":\"https:\\\/\\\/www.sowosz.com\\\/sk\\\/product\\\/stlpik-7x7cm\\\/\",\"url\":\"https:\\\/\\\/www.sowosz.com\\\/sk\\\/product\\\/stlpik-7x7cm\\\/\",\"name\":\"St\u013apik 7x7cm - SOWOSZ dreven\u00e9 schody\",\"isPartOf\":{\"@id\":\"https:\\\/\\\/www.sowosz.com\\\/sk\\\/#website\"},\"primaryImageOfPage\":{\"@id\":\"https:\\\/\\\/www.sowosz.com\\\/sk\\\/product\\\/stlpik-7x7cm\\\/#primaryimage\"},\"image\":{\"@id\":\"https:\\\/\\\/www.sowosz.com\\\/sk\\\/product\\\/stlpik-7x7cm\\\/#primaryimage\"},\"thumbnailUrl\":\"https:\\\/\\\/www.sowosz.com\\\/wp-content\\\/uploads\\\/2023\\\/10\\\/Slupek-7x7-1.jpg\",\"datePublished\":\"2023-08-08T12:37:24+00:00\",\"dateModified\":\"2026-02-25T08:50:44+00:00\",\"description\":\"S\u0142upek 7x7cm drewniany kompatybilny z balustradami z serii BMDK. Wejd\u017a na nasz\u0105 stron\u0119 i zapoznaj si\u0119 z pe\u0142n\u0105 ofert\u0105 naszych schod\u00f3w i balustrad.\",\"breadcrumb\":{\"@id\":\"https:\\\/\\\/www.sowosz.com\\\/sk\\\/product\\\/stlpik-7x7cm\\\/#breadcrumb\"},\"inLanguage\":\"sk-SK\",\"potentialAction\":[{\"@type\":\"ReadAction\",\"target\":[\"https:\\\/\\\/www.sowosz.com\\\/sk\\\/product\\\/stlpik-7x7cm\\\/\"]}]},{\"@type\":\"ImageObject\",\"inLanguage\":\"sk-SK\",\"@id\":\"https:\\\/\\\/www.sowosz.com\\\/sk\\\/product\\\/stlpik-7x7cm\\\/#primaryimage\",\"url\":\"https:\\\/\\\/www.sowosz.com\\\/wp-content\\\/uploads\\\/2023\\\/10\\\/Slupek-7x7-1.jpg\",\"contentUrl\":\"https:\\\/\\\/www.sowosz.com\\\/wp-content\\\/uploads\\\/2023\\\/10\\\/Slupek-7x7-1.jpg\",\"width\":1238,\"height\":1583,\"caption\":\"S\u0142upek prosty 7x7cm\"},{\"@type\":\"BreadcrumbList\",\"@id\":\"https:\\\/\\\/www.sowosz.com\\\/sk\\\/product\\\/stlpik-7x7cm\\\/#breadcrumb\",\"itemListElement\":[{\"@type\":\"ListItem\",\"position\":1,\"name\":\"Strona g\u0142\u00f3wna\",\"item\":\"https:\\\/\\\/www.sowosz.com\\\/sk\\\/\"},{\"@type\":\"ListItem\",\"position\":2,\"name\":\"Shop\",\"item\":\"https:\\\/\\\/www.sowosz.com\\\/sk\\\/shop\\\/\"},{\"@type\":\"ListItem\",\"position\":3,\"name\":\"St\u013apik 7x7cm\"}]},{\"@type\":\"WebSite\",\"@id\":\"https:\\\/\\\/www.sowosz.com\\\/sk\\\/#website\",\"url\":\"https:\\\/\\\/www.sowosz.com\\\/sk\\\/\",\"name\":\"SOWOSZ wooden straight and winder stairs manufacturer\",\"description\":\"sowosz\",\"publisher\":{\"@id\":\"https:\\\/\\\/www.sowosz.com\\\/sk\\\/#organization\"},\"alternateName\":\"SOWOSZ wooden stairs\",\"potentialAction\":[{\"@type\":\"SearchAction\",\"target\":{\"@type\":\"EntryPoint\",\"urlTemplate\":\"https:\\\/\\\/www.sowosz.com\\\/sk\\\/?s={search_term_string}\"},\"query-input\":{\"@type\":\"PropertyValueSpecification\",\"valueRequired\":true,\"valueName\":\"search_term_string\"}}],\"inLanguage\":\"sk-SK\"},{\"@type\":\"Organization\",\"@id\":\"https:\\\/\\\/www.sowosz.com\\\/sk\\\/#organization\",\"name\":\"Dreven\u00e9 schody SOWOSZ \u2013 priame a zabiehov\u00e9 schody od v\u00fdrobcu\",\"alternateName\":\"Schody SOWOSZ\",\"url\":\"https:\\\/\\\/www.sowosz.com\\\/sk\\\/\",\"logo\":{\"@type\":\"ImageObject\",\"inLanguage\":\"sk-SK\",\"@id\":\"https:\\\/\\\/www.sowosz.com\\\/sk\\\/#\\\/schema\\\/logo\\\/image\\\/\",\"url\":\"https:\\\/\\\/www.sowosz.com\\\/wp-content\\\/uploads\\\/2023\\\/08\\\/sowosz_logo.webp\",\"contentUrl\":\"https:\\\/\\\/www.sowosz.com\\\/wp-content\\\/uploads\\\/2023\\\/08\\\/sowosz_logo.webp\",\"width\":800,\"height\":303,\"caption\":\"Dreven\u00e9 schody SOWOSZ \u2013 priame a zabiehov\u00e9 schody od v\u00fdrobcu\"},\"image\":{\"@id\":\"https:\\\/\\\/www.sowosz.com\\\/sk\\\/#\\\/schema\\\/logo\\\/image\\\/\"},\"sameAs\":[\"https:\\\/\\\/www.facebook.com\\\/Sowosz\\\/\",\"https:\\\/\\\/www.instagram.com\\\/sowosz\\\/\",\"https:\\\/\\\/pl.pinterest.com\\\/sowosz\\\/\"]}]}<\/script>\n<!-- \/ Yoast SEO plugin. -->","yoast_head_json":{"title":"St\u013apik 7x7cm - SOWOSZ dreven\u00e9 schody","description":"S\u0142upek 7x7cm drewniany kompatybilny z balustradami z serii BMDK. Wejd\u017a na nasz\u0105 stron\u0119 i zapoznaj si\u0119 z pe\u0142n\u0105 ofert\u0105 naszych schod\u00f3w i balustrad.","robots":{"index":"index","follow":"follow","max-snippet":"max-snippet:-1","max-image-preview":"max-image-preview:large","max-video-preview":"max-video-preview:-1"},"canonical":"https:\/\/www.sowosz.com\/sk\/product\/stlpik-7x7cm\/","og_locale":"sk_SK","og_type":"article","og_title":"St\u013apik 7x7cm - SOWOSZ dreven\u00e9 schody","og_description":"S\u0142upek 7x7cm drewniany kompatybilny z balustradami z serii BMDK. Wejd\u017a na nasz\u0105 stron\u0119 i zapoznaj si\u0119 z pe\u0142n\u0105 ofert\u0105 naszych schod\u00f3w i balustrad.","og_url":"https:\/\/www.sowosz.com\/sk\/product\/stlpik-7x7cm\/","og_site_name":"Dreven\u00e9 schody SOWOSZ \u2013 priame a zabiehov\u00e9 schody od v\u00fdrobcu","article_publisher":"https:\/\/www.facebook.com\/Sowosz\/","article_modified_time":"2026-02-25T08:50:44+00:00","og_image":[{"width":1238,"height":1583,"url":"https:\/\/www.sowosz.com\/wp-content\/uploads\/2023\/10\/Slupek-7x7-1.jpg","type":"image\/jpeg"}],"twitter_card":"summary_large_image","twitter_misc":{"Predpokladan\u00fd \u010das \u010d\u00edtania":"1 min\u00fata"},"schema":{"@context":"https:\/\/schema.org","@graph":[{"@type":"WebPage","@id":"https:\/\/www.sowosz.com\/sk\/product\/stlpik-7x7cm\/","url":"https:\/\/www.sowosz.com\/sk\/product\/stlpik-7x7cm\/","name":"St\u013apik 7x7cm - SOWOSZ dreven\u00e9 schody","isPartOf":{"@id":"https:\/\/www.sowosz.com\/sk\/#website"},"primaryImageOfPage":{"@id":"https:\/\/www.sowosz.com\/sk\/product\/stlpik-7x7cm\/#primaryimage"},"image":{"@id":"https:\/\/www.sowosz.com\/sk\/product\/stlpik-7x7cm\/#primaryimage"},"thumbnailUrl":"https:\/\/www.sowosz.com\/wp-content\/uploads\/2023\/10\/Slupek-7x7-1.jpg","datePublished":"2023-08-08T12:37:24+00:00","dateModified":"2026-02-25T08:50:44+00:00","description":"S\u0142upek 7x7cm drewniany kompatybilny z balustradami z serii BMDK. Wejd\u017a na nasz\u0105 stron\u0119 i zapoznaj si\u0119 z pe\u0142n\u0105 ofert\u0105 naszych schod\u00f3w i balustrad.","breadcrumb":{"@id":"https:\/\/www.sowosz.com\/sk\/product\/stlpik-7x7cm\/#breadcrumb"},"inLanguage":"sk-SK","potentialAction":[{"@type":"ReadAction","target":["https:\/\/www.sowosz.com\/sk\/product\/stlpik-7x7cm\/"]}]},{"@type":"ImageObject","inLanguage":"sk-SK","@id":"https:\/\/www.sowosz.com\/sk\/product\/stlpik-7x7cm\/#primaryimage","url":"https:\/\/www.sowosz.com\/wp-content\/uploads\/2023\/10\/Slupek-7x7-1.jpg","contentUrl":"https:\/\/www.sowosz.com\/wp-content\/uploads\/2023\/10\/Slupek-7x7-1.jpg","width":1238,"height":1583,"caption":"S\u0142upek prosty 7x7cm"},{"@type":"BreadcrumbList","@id":"https:\/\/www.sowosz.com\/sk\/product\/stlpik-7x7cm\/#breadcrumb","itemListElement":[{"@type":"ListItem","position":1,"name":"Strona g\u0142\u00f3wna","item":"https:\/\/www.sowosz.com\/sk\/"},{"@type":"ListItem","position":2,"name":"Shop","item":"https:\/\/www.sowosz.com\/sk\/shop\/"},{"@type":"ListItem","position":3,"name":"St\u013apik 7x7cm"}]},{"@type":"WebSite","@id":"https:\/\/www.sowosz.com\/sk\/#website","url":"https:\/\/www.sowosz.com\/sk\/","name":"SOWOSZ wooden straight and winder stairs manufacturer","description":"sowosz","publisher":{"@id":"https:\/\/www.sowosz.com\/sk\/#organization"},"alternateName":"SOWOSZ wooden stairs","potentialAction":[{"@type":"SearchAction","target":{"@type":"EntryPoint","urlTemplate":"https:\/\/www.sowosz.com\/sk\/?s={search_term_string}"},"query-input":{"@type":"PropertyValueSpecification","valueRequired":true,"valueName":"search_term_string"}}],"inLanguage":"sk-SK"},{"@type":"Organization","@id":"https:\/\/www.sowosz.com\/sk\/#organization","name":"Dreven\u00e9 schody SOWOSZ \u2013 priame a zabiehov\u00e9 schody od v\u00fdrobcu","alternateName":"Schody SOWOSZ","url":"https:\/\/www.sowosz.com\/sk\/","logo":{"@type":"ImageObject","inLanguage":"sk-SK","@id":"https:\/\/www.sowosz.com\/sk\/#\/schema\/logo\/image\/","url":"https:\/\/www.sowosz.com\/wp-content\/uploads\/2023\/08\/sowosz_logo.webp","contentUrl":"https:\/\/www.sowosz.com\/wp-content\/uploads\/2023\/08\/sowosz_logo.webp","width":800,"height":303,"caption":"Dreven\u00e9 schody SOWOSZ \u2013 priame a zabiehov\u00e9 schody od v\u00fdrobcu"},"image":{"@id":"https:\/\/www.sowosz.com\/sk\/#\/schema\/logo\/image\/"},"sameAs":["https:\/\/www.facebook.com\/Sowosz\/","https:\/\/www.instagram.com\/sowosz\/","https:\/\/pl.pinterest.com\/sowosz\/"]}]}},"_links":{"self":[{"href":"https:\/\/www.sowosz.com\/sk\/wp-json\/wp\/v2\/product\/41570","targetHints":{"allow":["GET"]}}],"collection":[{"href":"https:\/\/www.sowosz.com\/sk\/wp-json\/wp\/v2\/product"}],"about":[{"href":"https:\/\/www.sowosz.com\/sk\/wp-json\/wp\/v2\/types\/product"}],"version-history":[{"count":1,"href":"https:\/\/www.sowosz.com\/sk\/wp-json\/wp\/v2\/product\/41570\/revisions"}],"predecessor-version":[{"id":41571,"href":"https:\/\/www.sowosz.com\/sk\/wp-json\/wp\/v2\/product\/41570\/revisions\/41571"}],"wp:featuredmedia":[{"embeddable":true,"href":"https:\/\/www.sowosz.com\/sk\/wp-json\/wp\/v2\/media\/31786"}],"wp:attachment":[{"href":"https:\/\/www.sowosz.com\/sk\/wp-json\/wp\/v2\/media?parent=41570"}],"wp:term":[{"taxonomy":"product_brand","embeddable":true,"href":"https:\/\/www.sowosz.com\/sk\/wp-json\/wp\/v2\/product_brand?post=41570"},{"taxonomy":"product_cat","embeddable":true,"href":"https:\/\/www.sowosz.com\/sk\/wp-json\/wp\/v2\/product_cat?post=41570"},{"taxonomy":"product_tag","embeddable":true,"href":"https:\/\/www.sowosz.com\/sk\/wp-json\/wp\/v2\/product_tag?post=41570"}],"curies":[{"name":"wp","href":"https:\/\/api.w.org\/{rel}","templated":true}]}}