{"id":41376,"date":"2023-08-08T14:31:47","date_gmt":"2023-08-08T12:31:47","guid":{"rendered":"https:\/\/www.sowosz.com\/?post_type=product&#038;p=41376"},"modified":"2026-02-25T09:46:38","modified_gmt":"2026-02-25T08:46:38","slug":"drevene-rovne-schody-plne-egd-070r","status":"publish","type":"product","link":"https:\/\/www.sowosz.com\/sk\/product\/drevene-rovne-schody-plne-egd-070r\/","title":{"rendered":"Dreven\u00e9 rovn\u00e9 schody pln\u00e9 EGD 070R"},"content":{"rendered":"\t\t\t<link rel=\"stylesheet\" id=\"elementor-post-31114-css\" href=\"https:\/\/www.sowosz.com\/wp-content\/uploads\/elementor\/css\/post-31114.css?ver=1776569222\" type=\"text\/css\" media=\"all\">\n\t\t\t\t\t<div data-elementor-type=\"wp-post\" data-elementor-id=\"31114\" class=\"elementor elementor-31114 elementor-18399\" data-elementor-post-type=\"cms_block\">\n\t\t\t\t\t\t<section class=\"wd-negative-gap elementor-section elementor-top-section elementor-element elementor-element-7bf7182a elementor-section-boxed elementor-section-height-default elementor-section-height-default\" data-id=\"7bf7182a\" data-element_type=\"section\" data-e-type=\"section\">\n\t\t\t\t\t\t<div class=\"elementor-container elementor-column-gap-default\">\n\t\t\t\t\t<div class=\"elementor-column elementor-col-100 elementor-top-column elementor-element elementor-element-4b81cc52\" data-id=\"4b81cc52\" data-element_type=\"column\" data-e-type=\"column\">\n\t\t\t<div class=\"elementor-widget-wrap elementor-element-populated\">\n\t\t\t\t\t\t<div class=\"elementor-element elementor-element-40e4112c color-scheme-inherit text-left elementor-widget elementor-widget-text-editor\" data-id=\"40e4112c\" data-element_type=\"widget\" data-e-type=\"widget\" data-widget_type=\"text-editor.default\">\n\t\t\t\t<div class=\"elementor-widget-container\">\n\t\t\t\t\t\t\t\t\t<h2>rovn\u00e9 schody s podstupnicami EGD 070R \u2013 ide\u00e1lne rie\u0161enie pre v\u00e1\u0161 domov<\/h2><p>Ak h\u013ead\u00e1te jednoduch\u00e9, nen\u00e1padn\u00e9 dreven\u00e9 schody, ktor\u00e9 dokonale doplnia v\u00e1\u0161 domov, model EGD 070R ako dreven\u00e9 schody s podstupnicami spln\u00ed va\u0161e o\u010dak\u00e1vania. Pon\u00fakame rovn\u00e9 schody, ktor\u00e9 s\u00fa nielen praktick\u00e9, ale aj estetick\u00e9 a vhodn\u00e9 takmer do ka\u017ed\u00e9ho interi\u00e9ru.<\/p><p>Kon\u0161trukcia s uzavret\u00fdmi podstupnicami umo\u017e\u0148uje efekt\u00edvne vyu\u017ei\u0165 priestor pod schodmi \u2014 ide\u00e1lne na umiestnenie telev\u00edzora, pohovky alebo na realiz\u00e1ciu vstavan\u00e9ho \u00falo\u017en\u00e9ho priestoru.<\/p>\t\t\t\t\t\t\t\t<\/div>\n\t\t\t\t<\/div>\n\t\t\t\t\t<\/div>\n\t\t<\/div>\n\t\t\t\t\t<\/div>\n\t\t<\/section>\n\t\t\t\t<section class=\"wd-negative-gap elementor-section elementor-top-section elementor-element elementor-element-214f6d9b elementor-section-boxed elementor-section-height-default elementor-section-height-default\" data-id=\"214f6d9b\" data-element_type=\"section\" data-e-type=\"section\">\n\t\t\t\t\t\t<div class=\"elementor-container elementor-column-gap-default\">\n\t\t\t\t\t<div class=\"elementor-column elementor-col-100 elementor-top-column elementor-element elementor-element-7fef01f6\" data-id=\"7fef01f6\" data-element_type=\"column\" data-e-type=\"column\">\n\t\t\t<div class=\"elementor-widget-wrap elementor-element-populated\">\n\t\t\t\t\t\t<div class=\"elementor-element elementor-element-41a20f40 elementor-widget elementor-widget-spacer\" data-id=\"41a20f40\" data-element_type=\"widget\" data-e-type=\"widget\" data-widget_type=\"spacer.default\">\n\t\t\t\t<div class=\"elementor-widget-container\">\n\t\t\t\t\t\t\t<div class=\"elementor-spacer\">\n\t\t\t<div class=\"elementor-spacer-inner\"><\/div>\n\t\t<\/div>\n\t\t\t\t\t\t<\/div>\n\t\t\t\t<\/div>\n\t\t\t\t\t<\/div>\n\t\t<\/div>\n\t\t\t\t\t<\/div>\n\t\t<\/section>\n\t\t\t\t<section class=\"wd-negative-gap elementor-section elementor-top-section elementor-element elementor-element-521f0d3b elementor-section-boxed elementor-section-height-default elementor-section-height-default\" data-id=\"521f0d3b\" data-element_type=\"section\" data-e-type=\"section\">\n\t\t\t\t\t\t<div class=\"elementor-container elementor-column-gap-default\">\n\t\t\t\t\t<div class=\"elementor-column elementor-col-100 elementor-top-column elementor-element elementor-element-2983311c\" data-id=\"2983311c\" data-element_type=\"column\" data-e-type=\"column\">\n\t\t\t<div class=\"elementor-widget-wrap elementor-element-populated\">\n\t\t\t\t\t\t<div class=\"elementor-element elementor-element-3fd821cf color-scheme-inherit text-left elementor-widget elementor-widget-text-editor\" data-id=\"3fd821cf\" data-element_type=\"widget\" data-e-type=\"widget\" data-widget_type=\"text-editor.default\">\n\t\t\t\t<div class=\"elementor-widget-container\">\n\t\t\t\t\t\t\t\t\t<h2>\u010c\u00edm vynikaj\u00fa na\u0161e rovn\u00e9 schody?<\/h2>\n<ul>\n \t<li><span style=\"color: #149414;\"><strong>Kvalita materi\u00e1lu:<\/strong><\/span> Na\u0161e schody s\u00fa vyroben\u00e9 z \u013eahk\u00e9ho a z\u00e1rove\u0148 odoln\u00e9ho smrekov\u00e9ho dreva, ktor\u00e9 zaru\u010duje pevnos\u0165 aj kr\u00e1sny prirodzen\u00fd vzh\u013ead. Drevo je certifikovan\u00e9 PEFC. Jednotliv\u00e9 komponenty s\u00fa opracovan\u00e9 na profesion\u00e1lnych CNC strojoch, p\u00edlach a br\u00faskach.<\/li>\n \t<li><span style=\"color: #149414;\"><strong>Mo\u017enosti prisp\u00f4sobenia:<\/strong><\/span> Schody m\u00f4\u017eete natrie\u0165 na \u013eubovo\u013en\u00fa farbu, aby dokonale ladili s interi\u00e9rom.<\/li>\n \t<li><span style=\"color: #149414;\"><strong>R\u00fdchla a jednoduch\u00e1 mont\u00e1\u017e:<\/strong><\/span> Aj bez sk\u00fasenost\u00ed so svojpomocnou mont\u00e1\u017eou je zostavenie schodov jednoduch\u00e9 a pr\u00edjemn\u00e9.<\/li>\n \t<li><span style=\"color: #149414;\"><strong>Praktick\u00e9 vyu\u017eitie zvisl\u00fdch podstupn\u00edc:<\/strong><\/span> Umo\u017e\u0148uj\u00fa efekt\u00edvne vyu\u017ei\u0165 priestor pod schodmi na police, skrinky alebo dokonca poste\u013e.<\/li>\n \t<li><span style=\"color: #149414;\"><strong>S\u00fa\u010das\u0165ou je univerz\u00e1lne z\u00e1bradlie:<\/strong><\/span> Z\u00e1bradlie je mo\u017en\u00e9 namontova\u0165 z \u013eavej alebo pravej strany, \u010do v\u00e1m d\u00e1va vo\u013enos\u0165 pri rie\u0161en\u00ed dispoz\u00edcie.<\/li>\n<\/ul>\n\t\t\t\t\t\t\t\t<\/div>\n\t\t\t\t<\/div>\n\t\t\t\t\t<\/div>\n\t\t<\/div>\n\t\t\t\t\t<\/div>\n\t\t<\/section>\n\t\t\t\t<section class=\"wd-negative-gap elementor-section elementor-top-section elementor-element elementor-element-3db6acbf elementor-section-boxed elementor-section-height-default elementor-section-height-default\" data-id=\"3db6acbf\" data-element_type=\"section\" data-e-type=\"section\">\n\t\t\t\t\t\t<div class=\"elementor-container elementor-column-gap-default\">\n\t\t\t\t\t<div class=\"elementor-column elementor-col-100 elementor-top-column elementor-element elementor-element-4c69a29c\" data-id=\"4c69a29c\" data-element_type=\"column\" data-e-type=\"column\">\n\t\t\t<div class=\"elementor-widget-wrap elementor-element-populated\">\n\t\t\t\t\t\t<div class=\"elementor-element elementor-element-741477e4 elementor-widget elementor-widget-spacer\" data-id=\"741477e4\" data-element_type=\"widget\" data-e-type=\"widget\" data-widget_type=\"spacer.default\">\n\t\t\t\t<div class=\"elementor-widget-container\">\n\t\t\t\t\t\t\t<div class=\"elementor-spacer\">\n\t\t\t<div class=\"elementor-spacer-inner\"><\/div>\n\t\t<\/div>\n\t\t\t\t\t\t<\/div>\n\t\t\t\t<\/div>\n\t\t\t\t\t<\/div>\n\t\t<\/div>\n\t\t\t\t\t<\/div>\n\t\t<\/section>\n\t\t\t\t<section class=\"wd-negative-gap elementor-section elementor-top-section elementor-element elementor-element-52fdce81 elementor-section-boxed elementor-section-height-default elementor-section-height-default\" data-id=\"52fdce81\" data-element_type=\"section\" data-e-type=\"section\">\n\t\t\t\t\t\t<div class=\"elementor-container elementor-column-gap-default\">\n\t\t\t\t\t<div class=\"elementor-column elementor-col-100 elementor-top-column elementor-element elementor-element-5d3b55df\" data-id=\"5d3b55df\" data-element_type=\"column\" data-e-type=\"column\">\n\t\t\t<div class=\"elementor-widget-wrap elementor-element-populated\">\n\t\t\t\t\t\t<div class=\"elementor-element elementor-element-e71013c color-scheme-inherit text-left elementor-widget elementor-widget-text-editor\" data-id=\"e71013c\" data-element_type=\"widget\" data-e-type=\"widget\" data-widget_type=\"text-editor.default\">\n\t\t\t\t<div class=\"elementor-widget-container\">\n\t\t\t\t\t\t\t\t\t<h2 data-start=\"50\" data-end=\"99\"><strong data-start=\"50\" data-end=\"99\">Prisp\u00f4sobenie schodov r\u00f4znym rozmerom:<\/strong><\/h2><p>Ch\u00e1peme, \u017ee ka\u017ed\u00fd priestor m\u00e1 svoje jedine\u010dn\u00e9 rozmery alebo netypick\u00e9 usporiadanie stien. Preto v\u00e1m odpor\u00fa\u010dame vyu\u017ei\u0165 n\u00e1\u0161 formul\u00e1r <span style=\"color: #f59b00;\"><strong>&#8222;<a style=\"color: #f59b00;\" href=\"https:\/\/www.sowosz.com\/sk\/zadajte-vlastne-rozmery\/\">Zada\u0165 vlastn\u00e9 rozmery<\/a>&#8222;<\/strong><\/span>, ktor\u00fd n\u00e1m umo\u017en\u00ed prisp\u00f4sobi\u0165 schody presne va\u0161im potreb\u00e1m.<br data-start=\"311\" data-end=\"314\" \/><strong>Pam\u00e4tajte \u2014 t\u00e1to slu\u017eba je \u00faplne bezplatn\u00e1!<\/strong><\/p>\t\t\t\t\t\t\t\t<\/div>\n\t\t\t\t<\/div>\n\t\t\t\t\t<\/div>\n\t\t<\/div>\n\t\t\t\t\t<\/div>\n\t\t<\/section>\n\t\t\t\t<section class=\"wd-negative-gap elementor-section elementor-top-section elementor-element elementor-element-79267966 elementor-section-boxed elementor-section-height-default elementor-section-height-default\" data-id=\"79267966\" data-element_type=\"section\" data-e-type=\"section\">\n\t\t\t\t\t\t<div class=\"elementor-container elementor-column-gap-default\">\n\t\t\t\t\t<div class=\"elementor-column elementor-col-100 elementor-top-column elementor-element elementor-element-7d2056cb\" data-id=\"7d2056cb\" data-element_type=\"column\" data-e-type=\"column\">\n\t\t\t<div class=\"elementor-widget-wrap elementor-element-populated\">\n\t\t\t\t\t\t<div class=\"elementor-element elementor-element-61d240ea elementor-widget elementor-widget-spacer\" data-id=\"61d240ea\" data-element_type=\"widget\" data-e-type=\"widget\" data-widget_type=\"spacer.default\">\n\t\t\t\t<div class=\"elementor-widget-container\">\n\t\t\t\t\t\t\t<div class=\"elementor-spacer\">\n\t\t\t<div class=\"elementor-spacer-inner\"><\/div>\n\t\t<\/div>\n\t\t\t\t\t\t<\/div>\n\t\t\t\t<\/div>\n\t\t\t\t\t<\/div>\n\t\t<\/div>\n\t\t\t\t\t<\/div>\n\t\t<\/section>\n\t\t\t\t<section class=\"wd-negative-gap elementor-section elementor-top-section elementor-element elementor-element-78b1aee3 elementor-section-boxed elementor-section-height-default elementor-section-height-default\" data-id=\"78b1aee3\" data-element_type=\"section\" data-e-type=\"section\">\n\t\t\t\t\t\t<div class=\"elementor-container elementor-column-gap-default\">\n\t\t\t\t\t<div class=\"elementor-column elementor-col-100 elementor-top-column elementor-element elementor-element-690ea521\" data-id=\"690ea521\" data-element_type=\"column\" data-e-type=\"column\">\n\t\t\t<div class=\"elementor-widget-wrap elementor-element-populated\">\n\t\t\t\t\t\t<div class=\"elementor-element elementor-element-72017588 color-scheme-inherit text-left elementor-widget elementor-widget-text-editor\" data-id=\"72017588\" data-element_type=\"widget\" data-e-type=\"widget\" data-widget_type=\"text-editor.default\">\n\t\t\t\t<div class=\"elementor-widget-container\">\n\t\t\t\t\t\t\t\t\t<h3 data-start=\"37\" data-end=\"60\"><strong data-start=\"37\" data-end=\"58\">S\u00fa\u010das\u0165 balenia:<\/strong><\/h3>\n<ul>\n \t<li data-start=\"61\" data-end=\"105\">\n<p data-start=\"63\" data-end=\"105\">dreven\u00e9 komponenty kon\u0161trukcie schodov<\/p>\n<\/li>\n \t<li data-start=\"106\" data-end=\"136\">\n<p data-start=\"108\" data-end=\"136\">sada kol\u00edkov a skrutiek<\/p>\n<\/li>\n \t<li data-start=\"106\" data-end=\"136\">\n<p data-start=\"108\" data-end=\"136\">mont\u00e1\u017eny n\u00e1vod<\/p>\n<\/li>\n<\/ul>\n\t\t\t\t\t\t\t\t<\/div>\n\t\t\t\t<\/div>\n\t\t\t\t\t<\/div>\n\t\t<\/div>\n\t\t\t\t\t<\/div>\n\t\t<\/section>\n\t\t\t\t<\/div>\n\t\t\n","protected":false},"excerpt":{"rendered":"[html_block id=\"30787\"]\n","protected":false},"featured_media":33908,"template":"","meta":{"_acf_changed":false,"_themeisle_gutenberg_block_has_review":false},"product_brand":[],"product_cat":[791,853,805],"product_tag":[878,1779,879],"class_list":{"0":"post-41376","1":"product","2":"type-product","3":"status-publish","4":"has-post-thumbnail","6":"product_cat-drevene-schody","7":"product_cat-rovne-schody","8":"product_cat-schody-s-podstupnicami","9":"product_tag-priame-schody","10":"product_tag-s-podstupnicami","11":"product_tag-smrekove","13":"first","14":"instock","15":"shipping-taxable","16":"purchasable","17":"product-type-simple"},"acf":[],"yoast_head":"<!-- This site is optimized with the Yoast SEO plugin v27.3 - https:\/\/yoast.com\/product\/yoast-seo-wordpress\/ -->\n<title>Dreven\u00e9 rovn\u00e9 schody pln\u00e9 EGD 070R - SOWOSZ<\/title>\n<meta name=\"robots\" content=\"index, follow, max-snippet:-1, max-image-preview:large, max-video-preview:-1\" \/>\n<link rel=\"canonical\" href=\"https:\/\/www.sowosz.com\/sk\/product\/drevene-rovne-schody-plne-egd-070r\/\" \/>\n<meta property=\"og:locale\" content=\"sk_SK\" \/>\n<meta property=\"og:type\" content=\"article\" \/>\n<meta property=\"og:title\" content=\"Dreven\u00e9 rovn\u00e9 schody pln\u00e9 EGD 070R - SOWOSZ\" \/>\n<meta property=\"og:url\" content=\"https:\/\/www.sowosz.com\/sk\/product\/drevene-rovne-schody-plne-egd-070r\/\" \/>\n<meta property=\"og:site_name\" content=\"Dreven\u00e9 schody SOWOSZ \u2013 priame a zabiehov\u00e9 schody od v\u00fdrobcu\" \/>\n<meta property=\"article:publisher\" content=\"https:\/\/www.facebook.com\/Sowosz\/\" \/>\n<meta property=\"article:modified_time\" content=\"2026-02-25T08:46:38+00:00\" \/>\n<meta property=\"og:image\" content=\"https:\/\/www.sowosz.com\/wp-content\/uploads\/2025\/08\/Priame-schody-EGD-070R-k46-1.webp\" \/>\n\t<meta property=\"og:image:width\" content=\"1238\" \/>\n\t<meta property=\"og:image:height\" content=\"1583\" \/>\n\t<meta property=\"og:image:type\" content=\"image\/webp\" \/>\n<meta name=\"twitter:card\" content=\"summary_large_image\" \/>\n<meta name=\"twitter:description\" content=\"[html_block id=&quot;30787&quot;]\" \/>\n<meta name=\"twitter:label1\" content=\"Predpokladan\u00fd \u010das \u010d\u00edtania\" \/>\n\t<meta name=\"twitter:data1\" content=\"1 min\u00fata\" \/>\n<script type=\"application\/ld+json\" class=\"yoast-schema-graph\">{\"@context\":\"https:\\\/\\\/schema.org\",\"@graph\":[{\"@type\":\"WebPage\",\"@id\":\"https:\\\/\\\/www.sowosz.com\\\/sk\\\/product\\\/drevene-rovne-schody-plne-egd-070r\\\/\",\"url\":\"https:\\\/\\\/www.sowosz.com\\\/sk\\\/product\\\/drevene-rovne-schody-plne-egd-070r\\\/\",\"name\":\"Dreven\u00e9 rovn\u00e9 schody pln\u00e9 EGD 070R - SOWOSZ\",\"isPartOf\":{\"@id\":\"https:\\\/\\\/www.sowosz.com\\\/sk\\\/#website\"},\"primaryImageOfPage\":{\"@id\":\"https:\\\/\\\/www.sowosz.com\\\/sk\\\/product\\\/drevene-rovne-schody-plne-egd-070r\\\/#primaryimage\"},\"image\":{\"@id\":\"https:\\\/\\\/www.sowosz.com\\\/sk\\\/product\\\/drevene-rovne-schody-plne-egd-070r\\\/#primaryimage\"},\"thumbnailUrl\":\"https:\\\/\\\/www.sowosz.com\\\/wp-content\\\/uploads\\\/2025\\\/08\\\/Priame-schody-EGD-070R-k46-1.webp\",\"datePublished\":\"2023-08-08T12:31:47+00:00\",\"dateModified\":\"2026-02-25T08:46:38+00:00\",\"breadcrumb\":{\"@id\":\"https:\\\/\\\/www.sowosz.com\\\/sk\\\/product\\\/drevene-rovne-schody-plne-egd-070r\\\/#breadcrumb\"},\"inLanguage\":\"sk-SK\",\"potentialAction\":[{\"@type\":\"ReadAction\",\"target\":[\"https:\\\/\\\/www.sowosz.com\\\/sk\\\/product\\\/drevene-rovne-schody-plne-egd-070r\\\/\"]}]},{\"@type\":\"ImageObject\",\"inLanguage\":\"sk-SK\",\"@id\":\"https:\\\/\\\/www.sowosz.com\\\/sk\\\/product\\\/drevene-rovne-schody-plne-egd-070r\\\/#primaryimage\",\"url\":\"https:\\\/\\\/www.sowosz.com\\\/wp-content\\\/uploads\\\/2025\\\/08\\\/Priame-schody-EGD-070R-k46-1.webp\",\"contentUrl\":\"https:\\\/\\\/www.sowosz.com\\\/wp-content\\\/uploads\\\/2025\\\/08\\\/Priame-schody-EGD-070R-k46-1.webp\",\"width\":1238,\"height\":1583,\"caption\":\"Dreven\u00e9 schody priame \u2013 uzavret\u00e9 EGD 070R Sowosz \u2013 stavebnicov\u00e9 schody na mieru s balustr\u00e1dou \u2013 mont\u00e1\u017e svojpomocne.\"},{\"@type\":\"BreadcrumbList\",\"@id\":\"https:\\\/\\\/www.sowosz.com\\\/sk\\\/product\\\/drevene-rovne-schody-plne-egd-070r\\\/#breadcrumb\",\"itemListElement\":[{\"@type\":\"ListItem\",\"position\":1,\"name\":\"Strona g\u0142\u00f3wna\",\"item\":\"https:\\\/\\\/www.sowosz.com\\\/sk\\\/\"},{\"@type\":\"ListItem\",\"position\":2,\"name\":\"Shop\",\"item\":\"https:\\\/\\\/www.sowosz.com\\\/sk\\\/shop\\\/\"},{\"@type\":\"ListItem\",\"position\":3,\"name\":\"Dreven\u00e9 rovn\u00e9 schody pln\u00e9 EGD 070R\"}]},{\"@type\":\"WebSite\",\"@id\":\"https:\\\/\\\/www.sowosz.com\\\/sk\\\/#website\",\"url\":\"https:\\\/\\\/www.sowosz.com\\\/sk\\\/\",\"name\":\"SOWOSZ wooden straight and winder stairs manufacturer\",\"description\":\"sowosz\",\"publisher\":{\"@id\":\"https:\\\/\\\/www.sowosz.com\\\/sk\\\/#organization\"},\"alternateName\":\"SOWOSZ wooden stairs\",\"potentialAction\":[{\"@type\":\"SearchAction\",\"target\":{\"@type\":\"EntryPoint\",\"urlTemplate\":\"https:\\\/\\\/www.sowosz.com\\\/sk\\\/?s={search_term_string}\"},\"query-input\":{\"@type\":\"PropertyValueSpecification\",\"valueRequired\":true,\"valueName\":\"search_term_string\"}}],\"inLanguage\":\"sk-SK\"},{\"@type\":\"Organization\",\"@id\":\"https:\\\/\\\/www.sowosz.com\\\/sk\\\/#organization\",\"name\":\"Dreven\u00e9 schody SOWOSZ \u2013 priame a zabiehov\u00e9 schody od v\u00fdrobcu\",\"alternateName\":\"Schody SOWOSZ\",\"url\":\"https:\\\/\\\/www.sowosz.com\\\/sk\\\/\",\"logo\":{\"@type\":\"ImageObject\",\"inLanguage\":\"sk-SK\",\"@id\":\"https:\\\/\\\/www.sowosz.com\\\/sk\\\/#\\\/schema\\\/logo\\\/image\\\/\",\"url\":\"https:\\\/\\\/www.sowosz.com\\\/wp-content\\\/uploads\\\/2023\\\/08\\\/sowosz_logo.webp\",\"contentUrl\":\"https:\\\/\\\/www.sowosz.com\\\/wp-content\\\/uploads\\\/2023\\\/08\\\/sowosz_logo.webp\",\"width\":800,\"height\":303,\"caption\":\"Dreven\u00e9 schody SOWOSZ \u2013 priame a zabiehov\u00e9 schody od v\u00fdrobcu\"},\"image\":{\"@id\":\"https:\\\/\\\/www.sowosz.com\\\/sk\\\/#\\\/schema\\\/logo\\\/image\\\/\"},\"sameAs\":[\"https:\\\/\\\/www.facebook.com\\\/Sowosz\\\/\",\"https:\\\/\\\/www.instagram.com\\\/sowosz\\\/\",\"https:\\\/\\\/pl.pinterest.com\\\/sowosz\\\/\"]}]}<\/script>\n<!-- \/ Yoast SEO plugin. -->","yoast_head_json":{"title":"Dreven\u00e9 rovn\u00e9 schody pln\u00e9 EGD 070R - SOWOSZ","robots":{"index":"index","follow":"follow","max-snippet":"max-snippet:-1","max-image-preview":"max-image-preview:large","max-video-preview":"max-video-preview:-1"},"canonical":"https:\/\/www.sowosz.com\/sk\/product\/drevene-rovne-schody-plne-egd-070r\/","og_locale":"sk_SK","og_type":"article","og_title":"Dreven\u00e9 rovn\u00e9 schody pln\u00e9 EGD 070R - SOWOSZ","og_url":"https:\/\/www.sowosz.com\/sk\/product\/drevene-rovne-schody-plne-egd-070r\/","og_site_name":"Dreven\u00e9 schody SOWOSZ \u2013 priame a zabiehov\u00e9 schody od v\u00fdrobcu","article_publisher":"https:\/\/www.facebook.com\/Sowosz\/","article_modified_time":"2026-02-25T08:46:38+00:00","og_image":[{"width":1238,"height":1583,"url":"https:\/\/www.sowosz.com\/wp-content\/uploads\/2025\/08\/Priame-schody-EGD-070R-k46-1.webp","type":"image\/webp"}],"twitter_card":"summary_large_image","twitter_description":"[html_block id=\"30787\"]","twitter_misc":{"Predpokladan\u00fd \u010das \u010d\u00edtania":"1 min\u00fata"},"schema":{"@context":"https:\/\/schema.org","@graph":[{"@type":"WebPage","@id":"https:\/\/www.sowosz.com\/sk\/product\/drevene-rovne-schody-plne-egd-070r\/","url":"https:\/\/www.sowosz.com\/sk\/product\/drevene-rovne-schody-plne-egd-070r\/","name":"Dreven\u00e9 rovn\u00e9 schody pln\u00e9 EGD 070R - SOWOSZ","isPartOf":{"@id":"https:\/\/www.sowosz.com\/sk\/#website"},"primaryImageOfPage":{"@id":"https:\/\/www.sowosz.com\/sk\/product\/drevene-rovne-schody-plne-egd-070r\/#primaryimage"},"image":{"@id":"https:\/\/www.sowosz.com\/sk\/product\/drevene-rovne-schody-plne-egd-070r\/#primaryimage"},"thumbnailUrl":"https:\/\/www.sowosz.com\/wp-content\/uploads\/2025\/08\/Priame-schody-EGD-070R-k46-1.webp","datePublished":"2023-08-08T12:31:47+00:00","dateModified":"2026-02-25T08:46:38+00:00","breadcrumb":{"@id":"https:\/\/www.sowosz.com\/sk\/product\/drevene-rovne-schody-plne-egd-070r\/#breadcrumb"},"inLanguage":"sk-SK","potentialAction":[{"@type":"ReadAction","target":["https:\/\/www.sowosz.com\/sk\/product\/drevene-rovne-schody-plne-egd-070r\/"]}]},{"@type":"ImageObject","inLanguage":"sk-SK","@id":"https:\/\/www.sowosz.com\/sk\/product\/drevene-rovne-schody-plne-egd-070r\/#primaryimage","url":"https:\/\/www.sowosz.com\/wp-content\/uploads\/2025\/08\/Priame-schody-EGD-070R-k46-1.webp","contentUrl":"https:\/\/www.sowosz.com\/wp-content\/uploads\/2025\/08\/Priame-schody-EGD-070R-k46-1.webp","width":1238,"height":1583,"caption":"Dreven\u00e9 schody priame \u2013 uzavret\u00e9 EGD 070R Sowosz \u2013 stavebnicov\u00e9 schody na mieru s balustr\u00e1dou \u2013 mont\u00e1\u017e svojpomocne."},{"@type":"BreadcrumbList","@id":"https:\/\/www.sowosz.com\/sk\/product\/drevene-rovne-schody-plne-egd-070r\/#breadcrumb","itemListElement":[{"@type":"ListItem","position":1,"name":"Strona g\u0142\u00f3wna","item":"https:\/\/www.sowosz.com\/sk\/"},{"@type":"ListItem","position":2,"name":"Shop","item":"https:\/\/www.sowosz.com\/sk\/shop\/"},{"@type":"ListItem","position":3,"name":"Dreven\u00e9 rovn\u00e9 schody pln\u00e9 EGD 070R"}]},{"@type":"WebSite","@id":"https:\/\/www.sowosz.com\/sk\/#website","url":"https:\/\/www.sowosz.com\/sk\/","name":"SOWOSZ wooden straight and winder stairs manufacturer","description":"sowosz","publisher":{"@id":"https:\/\/www.sowosz.com\/sk\/#organization"},"alternateName":"SOWOSZ wooden stairs","potentialAction":[{"@type":"SearchAction","target":{"@type":"EntryPoint","urlTemplate":"https:\/\/www.sowosz.com\/sk\/?s={search_term_string}"},"query-input":{"@type":"PropertyValueSpecification","valueRequired":true,"valueName":"search_term_string"}}],"inLanguage":"sk-SK"},{"@type":"Organization","@id":"https:\/\/www.sowosz.com\/sk\/#organization","name":"Dreven\u00e9 schody SOWOSZ \u2013 priame a zabiehov\u00e9 schody od v\u00fdrobcu","alternateName":"Schody SOWOSZ","url":"https:\/\/www.sowosz.com\/sk\/","logo":{"@type":"ImageObject","inLanguage":"sk-SK","@id":"https:\/\/www.sowosz.com\/sk\/#\/schema\/logo\/image\/","url":"https:\/\/www.sowosz.com\/wp-content\/uploads\/2023\/08\/sowosz_logo.webp","contentUrl":"https:\/\/www.sowosz.com\/wp-content\/uploads\/2023\/08\/sowosz_logo.webp","width":800,"height":303,"caption":"Dreven\u00e9 schody SOWOSZ \u2013 priame a zabiehov\u00e9 schody od v\u00fdrobcu"},"image":{"@id":"https:\/\/www.sowosz.com\/sk\/#\/schema\/logo\/image\/"},"sameAs":["https:\/\/www.facebook.com\/Sowosz\/","https:\/\/www.instagram.com\/sowosz\/","https:\/\/pl.pinterest.com\/sowosz\/"]}]}},"_links":{"self":[{"href":"https:\/\/www.sowosz.com\/sk\/wp-json\/wp\/v2\/product\/41376","targetHints":{"allow":["GET"]}}],"collection":[{"href":"https:\/\/www.sowosz.com\/sk\/wp-json\/wp\/v2\/product"}],"about":[{"href":"https:\/\/www.sowosz.com\/sk\/wp-json\/wp\/v2\/types\/product"}],"version-history":[{"count":1,"href":"https:\/\/www.sowosz.com\/sk\/wp-json\/wp\/v2\/product\/41376\/revisions"}],"predecessor-version":[{"id":41377,"href":"https:\/\/www.sowosz.com\/sk\/wp-json\/wp\/v2\/product\/41376\/revisions\/41377"}],"wp:featuredmedia":[{"embeddable":true,"href":"https:\/\/www.sowosz.com\/sk\/wp-json\/wp\/v2\/media\/33908"}],"wp:attachment":[{"href":"https:\/\/www.sowosz.com\/sk\/wp-json\/wp\/v2\/media?parent=41376"}],"wp:term":[{"taxonomy":"product_brand","embeddable":true,"href":"https:\/\/www.sowosz.com\/sk\/wp-json\/wp\/v2\/product_brand?post=41376"},{"taxonomy":"product_cat","embeddable":true,"href":"https:\/\/www.sowosz.com\/sk\/wp-json\/wp\/v2\/product_cat?post=41376"},{"taxonomy":"product_tag","embeddable":true,"href":"https:\/\/www.sowosz.com\/sk\/wp-json\/wp\/v2\/product_tag?post=41376"}],"curies":[{"name":"wp","href":"https:\/\/api.w.org\/{rel}","templated":true}]}}