{"id":41368,"date":"2016-07-18T12:51:42","date_gmt":"2016-07-18T10:51:42","guid":{"rendered":"https:\/\/www.sowosz.com\/?post_type=product&#038;p=41368"},"modified":"2026-02-25T09:46:30","modified_gmt":"2026-02-25T08:46:30","slug":"drevene-rovne-schody-otvorene-ead-080r","status":"publish","type":"product","link":"https:\/\/www.sowosz.com\/sk\/product\/drevene-rovne-schody-otvorene-ead-080r\/","title":{"rendered":"Dreven\u00e9 rovn\u00e9 schody otvoren\u00e9 EAD 080R"},"content":{"rendered":"\t\t\t<link rel=\"stylesheet\" id=\"elementor-post-31110-css\" href=\"https:\/\/www.sowosz.com\/wp-content\/uploads\/elementor\/css\/post-31110.css?ver=1776559824\" type=\"text\/css\" media=\"all\">\n\t\t\t\t\t<div data-elementor-type=\"wp-post\" data-elementor-id=\"31110\" class=\"elementor elementor-31110 elementor-19947\" data-elementor-post-type=\"cms_block\">\n\t\t\t\t\t\t<section class=\"wd-negative-gap elementor-section elementor-top-section elementor-element elementor-element-69bed54f elementor-section-boxed elementor-section-height-default elementor-section-height-default\" data-id=\"69bed54f\" data-element_type=\"section\" data-e-type=\"section\">\n\t\t\t\t\t\t<div class=\"elementor-container elementor-column-gap-default\">\n\t\t\t\t\t<div class=\"elementor-column elementor-col-100 elementor-top-column elementor-element elementor-element-73d3e557\" data-id=\"73d3e557\" data-element_type=\"column\" data-e-type=\"column\">\n\t\t\t<div class=\"elementor-widget-wrap elementor-element-populated\">\n\t\t\t\t\t\t<div class=\"elementor-element elementor-element-25601fc8 color-scheme-inherit text-left elementor-widget elementor-widget-text-editor\" data-id=\"25601fc8\" data-element_type=\"widget\" data-e-type=\"widget\" data-widget_type=\"text-editor.default\">\n\t\t\t\t<div class=\"elementor-widget-container\">\n\t\t\t\t\t\t\t\t\t<h2>rovn\u00e9 schody otvoren\u00e9 EAD 080R \u2013 ide\u00e1lne rie\u0161enie pre v\u00e1\u0161 domov<\/h2><p>Ak h\u013ead\u00e1te jednoduch\u00e9, nen\u00e1padn\u00e9 schody, ktor\u00e9 dokonale zapadn\u00fa do v\u00e1\u0161ho interi\u00e9ru, model EAD 080R ako dreven\u00e9 schody otvoren\u00e9 spln\u00ed va\u0161e o\u010dak\u00e1vania. Pon\u00fakame rovn\u00e9 schody, ktor\u00e9 s\u00fa nielen praktick\u00e9, ale aj estetick\u00e9 a prisp\u00f4sobite\u013en\u00e9 takmer do ka\u017ed\u00e9ho priestoru. Otvoren\u00e1 kon\u0161trukcia zabezpe\u010duje optim\u00e1lny pr\u00edstup svetla a zabra\u0148uje tomu, aby schody v men\u0161\u00edch miestnostiach p\u00f4sobili mas\u00edvne.<\/p>\t\t\t\t\t\t\t\t<\/div>\n\t\t\t\t<\/div>\n\t\t\t\t\t<\/div>\n\t\t<\/div>\n\t\t\t\t\t<\/div>\n\t\t<\/section>\n\t\t\t\t<section class=\"wd-negative-gap elementor-section elementor-top-section elementor-element elementor-element-4f0b64be elementor-section-boxed elementor-section-height-default elementor-section-height-default\" data-id=\"4f0b64be\" data-element_type=\"section\" data-e-type=\"section\">\n\t\t\t\t\t\t<div class=\"elementor-container elementor-column-gap-default\">\n\t\t\t\t\t<div class=\"elementor-column elementor-col-100 elementor-top-column elementor-element elementor-element-7ddd5d24\" data-id=\"7ddd5d24\" data-element_type=\"column\" data-e-type=\"column\">\n\t\t\t<div class=\"elementor-widget-wrap elementor-element-populated\">\n\t\t\t\t\t\t<div class=\"elementor-element elementor-element-4b64f5b4 elementor-widget elementor-widget-spacer\" data-id=\"4b64f5b4\" data-element_type=\"widget\" data-e-type=\"widget\" data-widget_type=\"spacer.default\">\n\t\t\t\t<div class=\"elementor-widget-container\">\n\t\t\t\t\t\t\t<div class=\"elementor-spacer\">\n\t\t\t<div class=\"elementor-spacer-inner\"><\/div>\n\t\t<\/div>\n\t\t\t\t\t\t<\/div>\n\t\t\t\t<\/div>\n\t\t\t\t\t<\/div>\n\t\t<\/div>\n\t\t\t\t\t<\/div>\n\t\t<\/section>\n\t\t\t\t<section class=\"wd-negative-gap elementor-section elementor-top-section elementor-element elementor-element-48d554b6 elementor-section-boxed elementor-section-height-default elementor-section-height-default\" data-id=\"48d554b6\" data-element_type=\"section\" data-e-type=\"section\">\n\t\t\t\t\t\t<div class=\"elementor-container elementor-column-gap-default\">\n\t\t\t\t\t<div class=\"elementor-column elementor-col-100 elementor-top-column elementor-element elementor-element-41c1c7b3\" data-id=\"41c1c7b3\" data-element_type=\"column\" data-e-type=\"column\">\n\t\t\t<div class=\"elementor-widget-wrap elementor-element-populated\">\n\t\t\t\t\t\t<div class=\"elementor-element elementor-element-7dd13600 color-scheme-inherit text-left elementor-widget elementor-widget-text-editor\" data-id=\"7dd13600\" data-element_type=\"widget\" data-e-type=\"widget\" data-widget_type=\"text-editor.default\">\n\t\t\t\t<div class=\"elementor-widget-container\">\n\t\t\t\t\t\t\t\t\t<h2>\u010c\u00edm vynikaj\u00fa na\u0161e rovn\u00e9 schody?<\/h2>\n<ul>\n \t<li><span style=\"color: #149414;\"><strong>Kvalita materi\u00e1lu:<\/strong><\/span> Na\u0161e schody s\u00fa vyroben\u00e9 z \u013eahk\u00e9ho a z\u00e1rove\u0148 odoln\u00e9ho smrekov\u00e9ho dreva, ktor\u00e9 zaru\u010duje pevnos\u0165 aj kr\u00e1sny prirodzen\u00fd vzh\u013ead. Drevo je certifikovan\u00e9 PEFC. Jednotliv\u00e9 prvky s\u00fa opracovan\u00e9 na profesion\u00e1lnych CNC strojoch, p\u00edlach a br\u00faskach.<\/li>\n \t<li><span style=\"color: #149414;\"><strong>Mo\u017enosti prisp\u00f4sobenia:<\/strong><\/span> Schody je mo\u017en\u00e9 natrie\u0165 na ak\u00fako\u013evek farbu, v\u010faka \u010domu ich jednoducho zlad\u00edte s interi\u00e9rom.<\/li>\n \t<li><span style=\"color: #149414;\"><strong>R\u00fdchla a jednoduch\u00e1 mont\u00e1\u017e:<\/strong><\/span> Aj bez sk\u00fasenost\u00ed so svojpomocnou mont\u00e1\u017eou zvl\u00e1dnete zostavenie schodov \u013eahko a bez stresu.<\/li>\n \t<li><span style=\"color: #149414;\"><strong>Otvoren\u00fd priestor medzi stup\u0148ami:<\/strong><\/span> Absencia podstupn\u00edc vytv\u00e1ra vzdu\u0161n\u00fd priestor medzi stup\u0148ami, v\u010faka \u010domu interi\u00e9r p\u00f4sob\u00ed priestrannej\u0161ie a \u013eah\u0161ie.<\/li>\n \t<li><span style=\"color: #149414;\"><strong>S\u00fa\u010das\u0165ou je univerz\u00e1lne z\u00e1bradlie:<\/strong><\/span> Z\u00e1bradlie je mo\u017en\u00e9 namontova\u0165 z \u013eavej alebo pravej strany, \u010do v\u00e1m d\u00e1va vo\u013enos\u0165 pri rie\u0161en\u00ed dispoz\u00edcie.<\/li>\n<\/ul>\n\t\t\t\t\t\t\t\t<\/div>\n\t\t\t\t<\/div>\n\t\t\t\t\t<\/div>\n\t\t<\/div>\n\t\t\t\t\t<\/div>\n\t\t<\/section>\n\t\t\t\t<section class=\"wd-negative-gap elementor-section elementor-top-section elementor-element elementor-element-62250fd2 elementor-section-boxed elementor-section-height-default elementor-section-height-default\" data-id=\"62250fd2\" data-element_type=\"section\" data-e-type=\"section\">\n\t\t\t\t\t\t<div class=\"elementor-container elementor-column-gap-default\">\n\t\t\t\t\t<div class=\"elementor-column elementor-col-100 elementor-top-column elementor-element elementor-element-296c879f\" data-id=\"296c879f\" data-element_type=\"column\" data-e-type=\"column\">\n\t\t\t<div class=\"elementor-widget-wrap elementor-element-populated\">\n\t\t\t\t\t\t<div class=\"elementor-element elementor-element-5da7c767 elementor-widget elementor-widget-spacer\" data-id=\"5da7c767\" data-element_type=\"widget\" data-e-type=\"widget\" data-widget_type=\"spacer.default\">\n\t\t\t\t<div class=\"elementor-widget-container\">\n\t\t\t\t\t\t\t<div class=\"elementor-spacer\">\n\t\t\t<div class=\"elementor-spacer-inner\"><\/div>\n\t\t<\/div>\n\t\t\t\t\t\t<\/div>\n\t\t\t\t<\/div>\n\t\t\t\t\t<\/div>\n\t\t<\/div>\n\t\t\t\t\t<\/div>\n\t\t<\/section>\n\t\t\t\t<section class=\"wd-negative-gap elementor-section elementor-top-section elementor-element elementor-element-1be2312 elementor-section-boxed elementor-section-height-default elementor-section-height-default\" data-id=\"1be2312\" data-element_type=\"section\" data-e-type=\"section\">\n\t\t\t\t\t\t<div class=\"elementor-container elementor-column-gap-default\">\n\t\t\t\t\t<div class=\"elementor-column elementor-col-100 elementor-top-column elementor-element elementor-element-4ba87074\" data-id=\"4ba87074\" data-element_type=\"column\" data-e-type=\"column\">\n\t\t\t<div class=\"elementor-widget-wrap elementor-element-populated\">\n\t\t\t\t\t\t<div class=\"elementor-element elementor-element-410c24be color-scheme-inherit text-left elementor-widget elementor-widget-text-editor\" data-id=\"410c24be\" data-element_type=\"widget\" data-e-type=\"widget\" data-widget_type=\"text-editor.default\">\n\t\t\t\t<div class=\"elementor-widget-container\">\n\t\t\t\t\t\t\t\t\t<h2 data-start=\"50\" data-end=\"99\"><strong data-start=\"50\" data-end=\"99\">Prisp\u00f4sobenie schodov r\u00f4znym rozmerom:<\/strong><\/h2><p>Ch\u00e1peme, \u017ee ka\u017ed\u00fd priestor m\u00e1 svoje \u0161pecifick\u00e9 rozmery alebo netypick\u00e9 usporiadanie stien. Preto v\u00e1m odpor\u00fa\u010dame vyu\u017ei\u0165 n\u00e1\u0161 formul\u00e1r <span style=\"color: #f59b00;\"><strong>&#8222;<a style=\"color: #f59b00;\" href=\"https:\/\/www.sowosz.com\/sk\/zadajte-vlastne-rozmery\/\">Zada\u0165 vlastn\u00e9 rozmery<\/a>&#8222;<\/strong><\/span>, v\u010faka ktor\u00e9mu vieme schody prisp\u00f4sobi\u0165 presne va\u0161im po\u017eiadavk\u00e1m.<br data-start=\"311\" data-end=\"314\" \/><strong>Pam\u00e4tajte \u2014 t\u00e1to slu\u017eba je \u00faplne bezplatn\u00e1!<\/strong><\/p>\t\t\t\t\t\t\t\t<\/div>\n\t\t\t\t<\/div>\n\t\t\t\t\t<\/div>\n\t\t<\/div>\n\t\t\t\t\t<\/div>\n\t\t<\/section>\n\t\t\t\t<section class=\"wd-negative-gap elementor-section elementor-top-section elementor-element elementor-element-4e808c9a elementor-section-boxed elementor-section-height-default elementor-section-height-default\" data-id=\"4e808c9a\" data-element_type=\"section\" data-e-type=\"section\">\n\t\t\t\t\t\t<div class=\"elementor-container elementor-column-gap-default\">\n\t\t\t\t\t<div class=\"elementor-column elementor-col-100 elementor-top-column elementor-element elementor-element-284ce3bb\" data-id=\"284ce3bb\" data-element_type=\"column\" data-e-type=\"column\">\n\t\t\t<div class=\"elementor-widget-wrap elementor-element-populated\">\n\t\t\t\t\t\t<div class=\"elementor-element elementor-element-4f224a49 elementor-widget elementor-widget-spacer\" data-id=\"4f224a49\" data-element_type=\"widget\" data-e-type=\"widget\" data-widget_type=\"spacer.default\">\n\t\t\t\t<div class=\"elementor-widget-container\">\n\t\t\t\t\t\t\t<div class=\"elementor-spacer\">\n\t\t\t<div class=\"elementor-spacer-inner\"><\/div>\n\t\t<\/div>\n\t\t\t\t\t\t<\/div>\n\t\t\t\t<\/div>\n\t\t\t\t\t<\/div>\n\t\t<\/div>\n\t\t\t\t\t<\/div>\n\t\t<\/section>\n\t\t\t\t<section class=\"wd-negative-gap elementor-section elementor-top-section elementor-element elementor-element-452ce546 elementor-section-boxed elementor-section-height-default elementor-section-height-default\" data-id=\"452ce546\" data-element_type=\"section\" data-e-type=\"section\">\n\t\t\t\t\t\t<div class=\"elementor-container elementor-column-gap-default\">\n\t\t\t\t\t<div class=\"elementor-column elementor-col-100 elementor-top-column elementor-element elementor-element-45529eaf\" data-id=\"45529eaf\" data-element_type=\"column\" data-e-type=\"column\">\n\t\t\t<div class=\"elementor-widget-wrap elementor-element-populated\">\n\t\t\t\t\t\t<div class=\"elementor-element elementor-element-1ea3713f color-scheme-inherit text-left elementor-widget elementor-widget-text-editor\" data-id=\"1ea3713f\" data-element_type=\"widget\" data-e-type=\"widget\" data-widget_type=\"text-editor.default\">\n\t\t\t\t<div class=\"elementor-widget-container\">\n\t\t\t\t\t\t\t\t\t<h3 data-start=\"37\" data-end=\"60\"><strong data-start=\"37\" data-end=\"58\">S\u00fa\u010das\u0165 balenia:<\/strong><\/h3>\n<ul>\n \t<li data-start=\"61\" data-end=\"105\">\n<p data-start=\"63\" data-end=\"105\">dreven\u00e9 komponenty kon\u0161trukcie schodov<\/p>\n<\/li>\n \t<li data-start=\"106\" data-end=\"136\">\n<p data-start=\"108\" data-end=\"136\">sada kol\u00edkov a skrutiek<\/p>\n<\/li>\n \t<li data-start=\"106\" data-end=\"136\">\n<p data-start=\"108\" data-end=\"136\">mont\u00e1\u017eny n\u00e1vod<\/p>\n<\/li>\n<\/ul>\n\t\t\t\t\t\t\t\t<\/div>\n\t\t\t\t<\/div>\n\t\t\t\t\t<\/div>\n\t\t<\/div>\n\t\t\t\t\t<\/div>\n\t\t<\/section>\n\t\t\t\t<\/div>\n\t\t\n","protected":false},"excerpt":{"rendered":"[html_block id=\"30787\"]\n","protected":false},"featured_media":33848,"template":"","meta":{"_acf_changed":false,"_themeisle_gutenberg_block_has_review":false},"product_brand":[],"product_cat":[791,804,853],"product_tag":[877,878,879],"class_list":{"0":"post-41368","1":"product","2":"type-product","3":"status-publish","4":"has-post-thumbnail","6":"product_cat-drevene-schody","7":"product_cat-otvorene-schody","8":"product_cat-rovne-schody","9":"product_tag-bez-podstupnic","10":"product_tag-priame-schody","11":"product_tag-smrekove","13":"first","14":"instock","15":"featured","16":"shipping-taxable","17":"purchasable","18":"product-type-simple"},"acf":[],"yoast_head":"<!-- This site is optimized with the Yoast SEO plugin v27.3 - https:\/\/yoast.com\/product\/yoast-seo-wordpress\/ -->\n<title>Dreven\u00e9 rovn\u00e9 schody otvoren\u00e9 EAD 080R - SOWOSZ<\/title>\n<meta name=\"robots\" content=\"index, follow, max-snippet:-1, max-image-preview:large, max-video-preview:-1\" \/>\n<link rel=\"canonical\" href=\"https:\/\/www.sowosz.com\/sk\/product\/drevene-rovne-schody-otvorene-ead-080r\/\" \/>\n<meta property=\"og:locale\" content=\"sk_SK\" \/>\n<meta property=\"og:type\" content=\"article\" \/>\n<meta property=\"og:title\" content=\"Dreven\u00e9 rovn\u00e9 schody otvoren\u00e9 EAD 080R - SOWOSZ\" \/>\n<meta property=\"og:url\" content=\"https:\/\/www.sowosz.com\/sk\/product\/drevene-rovne-schody-otvorene-ead-080r\/\" \/>\n<meta property=\"og:site_name\" content=\"Dreven\u00e9 schody SOWOSZ \u2013 priame a zabiehov\u00e9 schody od v\u00fdrobcu\" \/>\n<meta property=\"article:publisher\" content=\"https:\/\/www.facebook.com\/Sowosz\/\" \/>\n<meta property=\"article:modified_time\" content=\"2026-02-25T08:46:30+00:00\" \/>\n<meta property=\"og:image\" content=\"https:\/\/www.sowosz.com\/wp-content\/uploads\/2025\/08\/Priame-schody-EAD-080R-k46-1.webp\" \/>\n\t<meta property=\"og:image:width\" content=\"1238\" \/>\n\t<meta property=\"og:image:height\" content=\"1583\" \/>\n\t<meta property=\"og:image:type\" content=\"image\/webp\" \/>\n<meta name=\"twitter:card\" content=\"summary_large_image\" \/>\n<meta name=\"twitter:description\" content=\"[html_block id=&quot;30787&quot;]\" \/>\n<meta name=\"twitter:label1\" content=\"Predpokladan\u00fd \u010das \u010d\u00edtania\" \/>\n\t<meta name=\"twitter:data1\" content=\"1 min\u00fata\" \/>\n<script type=\"application\/ld+json\" class=\"yoast-schema-graph\">{\"@context\":\"https:\\\/\\\/schema.org\",\"@graph\":[{\"@type\":\"WebPage\",\"@id\":\"https:\\\/\\\/www.sowosz.com\\\/sk\\\/product\\\/drevene-rovne-schody-otvorene-ead-080r\\\/\",\"url\":\"https:\\\/\\\/www.sowosz.com\\\/sk\\\/product\\\/drevene-rovne-schody-otvorene-ead-080r\\\/\",\"name\":\"Dreven\u00e9 rovn\u00e9 schody otvoren\u00e9 EAD 080R - SOWOSZ\",\"isPartOf\":{\"@id\":\"https:\\\/\\\/www.sowosz.com\\\/sk\\\/#website\"},\"primaryImageOfPage\":{\"@id\":\"https:\\\/\\\/www.sowosz.com\\\/sk\\\/product\\\/drevene-rovne-schody-otvorene-ead-080r\\\/#primaryimage\"},\"image\":{\"@id\":\"https:\\\/\\\/www.sowosz.com\\\/sk\\\/product\\\/drevene-rovne-schody-otvorene-ead-080r\\\/#primaryimage\"},\"thumbnailUrl\":\"https:\\\/\\\/www.sowosz.com\\\/wp-content\\\/uploads\\\/2025\\\/08\\\/Priame-schody-EAD-080R-k46-1.webp\",\"datePublished\":\"2016-07-18T10:51:42+00:00\",\"dateModified\":\"2026-02-25T08:46:30+00:00\",\"breadcrumb\":{\"@id\":\"https:\\\/\\\/www.sowosz.com\\\/sk\\\/product\\\/drevene-rovne-schody-otvorene-ead-080r\\\/#breadcrumb\"},\"inLanguage\":\"sk-SK\",\"potentialAction\":[{\"@type\":\"ReadAction\",\"target\":[\"https:\\\/\\\/www.sowosz.com\\\/sk\\\/product\\\/drevene-rovne-schody-otvorene-ead-080r\\\/\"]}]},{\"@type\":\"ImageObject\",\"inLanguage\":\"sk-SK\",\"@id\":\"https:\\\/\\\/www.sowosz.com\\\/sk\\\/product\\\/drevene-rovne-schody-otvorene-ead-080r\\\/#primaryimage\",\"url\":\"https:\\\/\\\/www.sowosz.com\\\/wp-content\\\/uploads\\\/2025\\\/08\\\/Priame-schody-EAD-080R-k46-1.webp\",\"contentUrl\":\"https:\\\/\\\/www.sowosz.com\\\/wp-content\\\/uploads\\\/2025\\\/08\\\/Priame-schody-EAD-080R-k46-1.webp\",\"width\":1238,\"height\":1583,\"caption\":\"Dreven\u00e9 schody priame \u2013 otvoren\u00e9 EAD 080R Sowosz \u2013 stavebnicov\u00e9 schody na mieru s balustr\u00e1dou \u2013 mont\u00e1\u017e svojpomocne.\"},{\"@type\":\"BreadcrumbList\",\"@id\":\"https:\\\/\\\/www.sowosz.com\\\/sk\\\/product\\\/drevene-rovne-schody-otvorene-ead-080r\\\/#breadcrumb\",\"itemListElement\":[{\"@type\":\"ListItem\",\"position\":1,\"name\":\"Strona g\u0142\u00f3wna\",\"item\":\"https:\\\/\\\/www.sowosz.com\\\/sk\\\/\"},{\"@type\":\"ListItem\",\"position\":2,\"name\":\"Shop\",\"item\":\"https:\\\/\\\/www.sowosz.com\\\/sk\\\/shop\\\/\"},{\"@type\":\"ListItem\",\"position\":3,\"name\":\"Dreven\u00e9 rovn\u00e9 schody otvoren\u00e9 EAD 080R\"}]},{\"@type\":\"WebSite\",\"@id\":\"https:\\\/\\\/www.sowosz.com\\\/sk\\\/#website\",\"url\":\"https:\\\/\\\/www.sowosz.com\\\/sk\\\/\",\"name\":\"SOWOSZ wooden straight and winder stairs manufacturer\",\"description\":\"sowosz\",\"publisher\":{\"@id\":\"https:\\\/\\\/www.sowosz.com\\\/sk\\\/#organization\"},\"alternateName\":\"SOWOSZ wooden stairs\",\"potentialAction\":[{\"@type\":\"SearchAction\",\"target\":{\"@type\":\"EntryPoint\",\"urlTemplate\":\"https:\\\/\\\/www.sowosz.com\\\/sk\\\/?s={search_term_string}\"},\"query-input\":{\"@type\":\"PropertyValueSpecification\",\"valueRequired\":true,\"valueName\":\"search_term_string\"}}],\"inLanguage\":\"sk-SK\"},{\"@type\":\"Organization\",\"@id\":\"https:\\\/\\\/www.sowosz.com\\\/sk\\\/#organization\",\"name\":\"Dreven\u00e9 schody SOWOSZ \u2013 priame a zabiehov\u00e9 schody od v\u00fdrobcu\",\"alternateName\":\"Schody SOWOSZ\",\"url\":\"https:\\\/\\\/www.sowosz.com\\\/sk\\\/\",\"logo\":{\"@type\":\"ImageObject\",\"inLanguage\":\"sk-SK\",\"@id\":\"https:\\\/\\\/www.sowosz.com\\\/sk\\\/#\\\/schema\\\/logo\\\/image\\\/\",\"url\":\"https:\\\/\\\/www.sowosz.com\\\/wp-content\\\/uploads\\\/2023\\\/08\\\/sowosz_logo.webp\",\"contentUrl\":\"https:\\\/\\\/www.sowosz.com\\\/wp-content\\\/uploads\\\/2023\\\/08\\\/sowosz_logo.webp\",\"width\":800,\"height\":303,\"caption\":\"Dreven\u00e9 schody SOWOSZ \u2013 priame a zabiehov\u00e9 schody od v\u00fdrobcu\"},\"image\":{\"@id\":\"https:\\\/\\\/www.sowosz.com\\\/sk\\\/#\\\/schema\\\/logo\\\/image\\\/\"},\"sameAs\":[\"https:\\\/\\\/www.facebook.com\\\/Sowosz\\\/\",\"https:\\\/\\\/www.instagram.com\\\/sowosz\\\/\",\"https:\\\/\\\/pl.pinterest.com\\\/sowosz\\\/\"]}]}<\/script>\n<!-- \/ Yoast SEO plugin. -->","yoast_head_json":{"title":"Dreven\u00e9 rovn\u00e9 schody otvoren\u00e9 EAD 080R - SOWOSZ","robots":{"index":"index","follow":"follow","max-snippet":"max-snippet:-1","max-image-preview":"max-image-preview:large","max-video-preview":"max-video-preview:-1"},"canonical":"https:\/\/www.sowosz.com\/sk\/product\/drevene-rovne-schody-otvorene-ead-080r\/","og_locale":"sk_SK","og_type":"article","og_title":"Dreven\u00e9 rovn\u00e9 schody otvoren\u00e9 EAD 080R - SOWOSZ","og_url":"https:\/\/www.sowosz.com\/sk\/product\/drevene-rovne-schody-otvorene-ead-080r\/","og_site_name":"Dreven\u00e9 schody SOWOSZ \u2013 priame a zabiehov\u00e9 schody od v\u00fdrobcu","article_publisher":"https:\/\/www.facebook.com\/Sowosz\/","article_modified_time":"2026-02-25T08:46:30+00:00","og_image":[{"width":1238,"height":1583,"url":"https:\/\/www.sowosz.com\/wp-content\/uploads\/2025\/08\/Priame-schody-EAD-080R-k46-1.webp","type":"image\/webp"}],"twitter_card":"summary_large_image","twitter_description":"[html_block id=\"30787\"]","twitter_misc":{"Predpokladan\u00fd \u010das \u010d\u00edtania":"1 min\u00fata"},"schema":{"@context":"https:\/\/schema.org","@graph":[{"@type":"WebPage","@id":"https:\/\/www.sowosz.com\/sk\/product\/drevene-rovne-schody-otvorene-ead-080r\/","url":"https:\/\/www.sowosz.com\/sk\/product\/drevene-rovne-schody-otvorene-ead-080r\/","name":"Dreven\u00e9 rovn\u00e9 schody otvoren\u00e9 EAD 080R - SOWOSZ","isPartOf":{"@id":"https:\/\/www.sowosz.com\/sk\/#website"},"primaryImageOfPage":{"@id":"https:\/\/www.sowosz.com\/sk\/product\/drevene-rovne-schody-otvorene-ead-080r\/#primaryimage"},"image":{"@id":"https:\/\/www.sowosz.com\/sk\/product\/drevene-rovne-schody-otvorene-ead-080r\/#primaryimage"},"thumbnailUrl":"https:\/\/www.sowosz.com\/wp-content\/uploads\/2025\/08\/Priame-schody-EAD-080R-k46-1.webp","datePublished":"2016-07-18T10:51:42+00:00","dateModified":"2026-02-25T08:46:30+00:00","breadcrumb":{"@id":"https:\/\/www.sowosz.com\/sk\/product\/drevene-rovne-schody-otvorene-ead-080r\/#breadcrumb"},"inLanguage":"sk-SK","potentialAction":[{"@type":"ReadAction","target":["https:\/\/www.sowosz.com\/sk\/product\/drevene-rovne-schody-otvorene-ead-080r\/"]}]},{"@type":"ImageObject","inLanguage":"sk-SK","@id":"https:\/\/www.sowosz.com\/sk\/product\/drevene-rovne-schody-otvorene-ead-080r\/#primaryimage","url":"https:\/\/www.sowosz.com\/wp-content\/uploads\/2025\/08\/Priame-schody-EAD-080R-k46-1.webp","contentUrl":"https:\/\/www.sowosz.com\/wp-content\/uploads\/2025\/08\/Priame-schody-EAD-080R-k46-1.webp","width":1238,"height":1583,"caption":"Dreven\u00e9 schody priame \u2013 otvoren\u00e9 EAD 080R Sowosz \u2013 stavebnicov\u00e9 schody na mieru s balustr\u00e1dou \u2013 mont\u00e1\u017e svojpomocne."},{"@type":"BreadcrumbList","@id":"https:\/\/www.sowosz.com\/sk\/product\/drevene-rovne-schody-otvorene-ead-080r\/#breadcrumb","itemListElement":[{"@type":"ListItem","position":1,"name":"Strona g\u0142\u00f3wna","item":"https:\/\/www.sowosz.com\/sk\/"},{"@type":"ListItem","position":2,"name":"Shop","item":"https:\/\/www.sowosz.com\/sk\/shop\/"},{"@type":"ListItem","position":3,"name":"Dreven\u00e9 rovn\u00e9 schody otvoren\u00e9 EAD 080R"}]},{"@type":"WebSite","@id":"https:\/\/www.sowosz.com\/sk\/#website","url":"https:\/\/www.sowosz.com\/sk\/","name":"SOWOSZ wooden straight and winder stairs manufacturer","description":"sowosz","publisher":{"@id":"https:\/\/www.sowosz.com\/sk\/#organization"},"alternateName":"SOWOSZ wooden stairs","potentialAction":[{"@type":"SearchAction","target":{"@type":"EntryPoint","urlTemplate":"https:\/\/www.sowosz.com\/sk\/?s={search_term_string}"},"query-input":{"@type":"PropertyValueSpecification","valueRequired":true,"valueName":"search_term_string"}}],"inLanguage":"sk-SK"},{"@type":"Organization","@id":"https:\/\/www.sowosz.com\/sk\/#organization","name":"Dreven\u00e9 schody SOWOSZ \u2013 priame a zabiehov\u00e9 schody od v\u00fdrobcu","alternateName":"Schody SOWOSZ","url":"https:\/\/www.sowosz.com\/sk\/","logo":{"@type":"ImageObject","inLanguage":"sk-SK","@id":"https:\/\/www.sowosz.com\/sk\/#\/schema\/logo\/image\/","url":"https:\/\/www.sowosz.com\/wp-content\/uploads\/2023\/08\/sowosz_logo.webp","contentUrl":"https:\/\/www.sowosz.com\/wp-content\/uploads\/2023\/08\/sowosz_logo.webp","width":800,"height":303,"caption":"Dreven\u00e9 schody SOWOSZ \u2013 priame a zabiehov\u00e9 schody od v\u00fdrobcu"},"image":{"@id":"https:\/\/www.sowosz.com\/sk\/#\/schema\/logo\/image\/"},"sameAs":["https:\/\/www.facebook.com\/Sowosz\/","https:\/\/www.instagram.com\/sowosz\/","https:\/\/pl.pinterest.com\/sowosz\/"]}]}},"_links":{"self":[{"href":"https:\/\/www.sowosz.com\/sk\/wp-json\/wp\/v2\/product\/41368","targetHints":{"allow":["GET"]}}],"collection":[{"href":"https:\/\/www.sowosz.com\/sk\/wp-json\/wp\/v2\/product"}],"about":[{"href":"https:\/\/www.sowosz.com\/sk\/wp-json\/wp\/v2\/types\/product"}],"version-history":[{"count":1,"href":"https:\/\/www.sowosz.com\/sk\/wp-json\/wp\/v2\/product\/41368\/revisions"}],"predecessor-version":[{"id":41369,"href":"https:\/\/www.sowosz.com\/sk\/wp-json\/wp\/v2\/product\/41368\/revisions\/41369"}],"wp:featuredmedia":[{"embeddable":true,"href":"https:\/\/www.sowosz.com\/sk\/wp-json\/wp\/v2\/media\/33848"}],"wp:attachment":[{"href":"https:\/\/www.sowosz.com\/sk\/wp-json\/wp\/v2\/media?parent=41368"}],"wp:term":[{"taxonomy":"product_brand","embeddable":true,"href":"https:\/\/www.sowosz.com\/sk\/wp-json\/wp\/v2\/product_brand?post=41368"},{"taxonomy":"product_cat","embeddable":true,"href":"https:\/\/www.sowosz.com\/sk\/wp-json\/wp\/v2\/product_cat?post=41368"},{"taxonomy":"product_tag","embeddable":true,"href":"https:\/\/www.sowosz.com\/sk\/wp-json\/wp\/v2\/product_tag?post=41368"}],"curies":[{"name":"wp","href":"https:\/\/api.w.org\/{rel}","templated":true}]}}