{"id":41271,"date":"2024-08-06T12:41:20","date_gmt":"2024-08-06T10:41:20","guid":{"rendered":"https:\/\/www.sowosz.com\/eu-funding-sowosz\/"},"modified":"2026-02-11T07:47:46","modified_gmt":"2026-02-11T06:47:46","slug":"fondy-eu-sowosz","status":"publish","type":"page","link":"https:\/\/www.sowosz.com\/sk\/fondy-eu-sowosz\/","title":{"rendered":"Financovanie z E\u00da"},"content":{"rendered":"\t\t<div data-elementor-type=\"wp-page\" data-elementor-id=\"41271\" class=\"elementor elementor-41271 elementor-23090\" data-elementor-post-type=\"page\">\n\t\t\t\t\t\t<section class=\"wd-negative-gap elementor-section elementor-top-section elementor-element elementor-element-8aa1d04 elementor-section-full_width elementor-section-content-middle elementor-section-height-default elementor-section-height-default\" data-id=\"8aa1d04\" data-element_type=\"section\" data-e-type=\"section\">\n\t\t\t\t\t\t<div class=\"elementor-container elementor-column-gap-default\">\n\t\t\t\t\t<div class=\"elementor-column elementor-col-100 elementor-top-column elementor-element elementor-element-8eaef52\" data-id=\"8eaef52\" data-element_type=\"column\" data-e-type=\"column\">\n\t\t\t<div class=\"elementor-widget-wrap elementor-element-populated\">\n\t\t\t\t\t\t<div class=\"elementor-element elementor-element-43379b6 elementor-widget elementor-widget-wd_image_or_svg\" data-id=\"43379b6\" data-element_type=\"widget\" data-e-type=\"widget\" data-widget_type=\"wd_image_or_svg.default\">\n\t\t\t\t<div class=\"elementor-widget-container\">\n\t\t\t\t\t\n\t\t<div class=\"wd-image text-right\">\n\t\t\t\t\t\t\t\t<img fetchpriority=\"high\" decoding=\"async\" width=\"1165\" height=\"100\" src=\"https:\/\/www.sowosz.com\/wp-content\/uploads\/2024\/08\/PL-Pasek_FE-RGB-poziom_2.webp\" class=\"attachment-full size-full\" alt=\"Dofinansowanie-UE\" srcset=\"https:\/\/www.sowosz.com\/wp-content\/uploads\/2024\/08\/PL-Pasek_FE-RGB-poziom_2.webp 1165w, https:\/\/www.sowosz.com\/wp-content\/uploads\/2024\/08\/PL-Pasek_FE-RGB-poziom_2-400x34.webp 400w, https:\/\/www.sowosz.com\/wp-content\/uploads\/2024\/08\/PL-Pasek_FE-RGB-poziom_2-768x66.webp 768w, https:\/\/www.sowosz.com\/wp-content\/uploads\/2024\/08\/PL-Pasek_FE-RGB-poziom_2-860x74.webp 860w, https:\/\/www.sowosz.com\/wp-content\/uploads\/2024\/08\/PL-Pasek_FE-RGB-poziom_2-430x37.webp 430w, https:\/\/www.sowosz.com\/wp-content\/uploads\/2024\/08\/PL-Pasek_FE-RGB-poziom_2-700x60.webp 700w, https:\/\/www.sowosz.com\/wp-content\/uploads\/2024\/08\/PL-Pasek_FE-RGB-poziom_2-150x13.webp 150w\" sizes=\"(max-width: 1165px) 100vw, 1165px\" \/>\t\t\t\t\t<\/div>\n\n\t\t\t\t\t\t<\/div>\n\t\t\t\t<\/div>\n\t\t\t\t\t<\/div>\n\t\t<\/div>\n\t\t\t\t\t<\/div>\n\t\t<\/section>\n\t\t\t\t<section class=\"wd-negative-gap elementor-section elementor-top-section elementor-element elementor-element-ea539dd elementor-section-content-middle elementor-section-full_width elementor-section-height-default elementor-section-height-default\" data-id=\"ea539dd\" data-element_type=\"section\" data-e-type=\"section\">\n\t\t\t\t\t\t<div class=\"elementor-container elementor-column-gap-default\">\n\t\t\t\t\t<div class=\"elementor-column elementor-col-100 elementor-top-column elementor-element elementor-element-533e2ba\" data-id=\"533e2ba\" data-element_type=\"column\" data-e-type=\"column\">\n\t\t\t<div class=\"elementor-widget-wrap elementor-element-populated\">\n\t\t\t\t\t\t<div data-dce-text-color=\"default\" class=\"elementor-element elementor-element-c051eb6 elementor-widget elementor-widget-wd_text_block\" data-id=\"c051eb6\" data-element_type=\"widget\" data-e-type=\"widget\" data-widget_type=\"wd_text_block.default\">\n\t\t\t\t<div class=\"elementor-widget-container\">\n\t\t\t\t\t\t\t<div class=\"wd-text-block reset-last-child text-left\">\n\t\t\t\n\t\t\t<p class=\"Default\">\nSpolo\u010dnos\u0165 Przedsi\u0119biorstwo Produkcyjno Us\u0142ugowo Handlowe SOWOSZ Sp\u00f3\u0142ka z ograniczon\u0105 odpowiedzialno\u015bci\u0105 z\u00edskala grant z fondov Eur\u00f3pskej \u00fanie na projekt s n\u00e1zvom\n\u201eZavedenie lok\u00e1lne inovat\u00edvnej slu\u017eby spracovania dreva.\u201c\n<\/p>\n\n<p class=\"Default\">\nProjekt realizujeme s cie\u013eom posilni\u0165 potenci\u00e1l spolo\u010dnosti a zavies\u0165 inovat\u00edvne rie\u0161enia v podniku.\n<\/p>\n\n<p class=\"Default\">\nPl\u00e1novan\u00e9 aktivity projektu zah\u0155\u0148aj\u00fa obstaranie dlhodob\u00e9ho hmotn\u00e9ho majetku \u2013 viaclistovej p\u00edly (stroja na rezanie dreva). Cie\u013eom projektu je zavedenie novej slu\u017eby rezania dreva na ne\u0161tandardn\u00e9 rozmery pod\u013ea individu\u00e1lnych objedn\u00e1vok z\u00e1kazn\u00edkov s v\u00fdrazn\u00fdm skr\u00e1ten\u00edm \u010dasu realiz\u00e1cie slu\u017eby. Realiz\u00e1cia projektu umo\u017en\u00ed zavedenie inovat\u00edvnej slu\u017eby v \u010dinnosti spolo\u010dnosti bez zmeny jej podnikate\u013esk\u00e9ho zamerania, pri\u010dom sa roz\u0161\u00edri rozsah slu\u017eieb o rezanie dreva pod\u013ea individu\u00e1lnych preferenci\u00ed z\u00e1kazn\u00edkov. Nov\u00e1 slu\u017eba bude predstavova\u0165 v\u00fdznamn\u00fa zmenu v doteraj\u0161ej ponuke rezania dreva. N\u00e1kupom \u0161pecializovan\u00e9ho stroja a vyu\u017eit\u00edm modernej riadiacej technol\u00f3gie bude spolo\u010dnos\u0165 schopn\u00e1 skr\u00e1ti\u0165 dodacie lehoty, zv\u00fd\u0161i\u0165 flexibilitu slu\u017eieb, obmedzi\u0165 spotrebu energie a pozit\u00edvne ovplyvni\u0165 \u017eivotn\u00e9 prostredie prostredn\u00edctvom zn\u00ed\u017eenia odpadu.\n<\/p>\n\n\t\t\t\t\t<\/div>\n\t\t\t\t\t\t<\/div>\n\t\t\t\t<\/div>\n\t\t\t\t<div data-dce-text-color=\"default\" class=\"elementor-element elementor-element-27cd7c9 elementor-widget elementor-widget-wd_text_block\" data-id=\"27cd7c9\" data-element_type=\"widget\" data-e-type=\"widget\" data-widget_type=\"wd_text_block.default\">\n\t\t\t\t<div class=\"elementor-widget-container\">\n\t\t\t\t\t\t\t<div class=\"wd-text-block reset-last-child text-left\">\n\t\t\t\n\t\t\t<p data-start=\"84\" data-end=\"102\"><strong data-start=\"84\" data-end=\"102\">Cie\u013eov\u00e9 skupiny:<\/strong><\/p>\n\n<ol data-start=\"104\" data-end=\"207\">\n \t<li data-start=\"104\" data-end=\"150\">\n<p data-start=\"107\" data-end=\"150\">Miestni a region\u00e1lni s\u00fakromn\u00ed podnikatelia,<\/p>\n<\/li>\n \t<li data-start=\"151\" data-end=\"207\">\n<p data-start=\"154\" data-end=\"207\">Individu\u00e1lni z\u00e1kazn\u00edci z Malopo\u013esk\u00e9ho vojvodstva.<\/p>\n<\/li>\n<\/ol>\n<p data-start=\"209\" data-end=\"292\"><strong data-start=\"209\" data-end=\"227\">Hodnota projektu:<\/strong> 965 478,83 PLN<br data-start=\"242\" data-end=\"245\" \/><strong data-start=\"245\" data-end=\"277\">Pr\u00edspevok z fondov E\u00da:<\/strong> 669 049,68 PLN<\/p>\n\n<ul>\n \t<li data-start=\"344\" data-end=\"358\">\n<p data-start=\"346\" data-end=\"358\"><code data-start=\"346\" data-end=\"356\">#FondyE\u00da<\/code><\/p>\n<\/li>\n<\/ul>\n<ul>\n \t<li data-start=\"359\" data-end=\"377\">\n<p data-start=\"361\" data-end=\"377\"><code data-start=\"361\" data-end=\"377\">#FondyEur\u00f3pskej\u00danie<\/code><\/p>\n<\/li>\n<\/ul>\n\n\t\t\t\t\t<\/div>\n\t\t\t\t\t\t<\/div>\n\t\t\t\t<\/div>\n\t\t\t\t\t<\/div>\n\t\t<\/div>\n\t\t\t\t\t<\/div>\n\t\t<\/section>\n\t\t\t\t<\/div>\n\t\t","protected":false},"excerpt":{"rendered":"<p>Spolo\u010dnos\u0165 Przedsi\u0119biorstwo Produkcyjno Us\u0142ugowo Handlowe SOWOSZ Sp\u00f3\u0142ka z ograniczon\u0105 odpowiedzialno\u015bci\u0105 z\u00edskala grant z fondov Eur\u00f3pskej \u00fanie na projekt s n\u00e1zvom<\/p>\n","protected":false},"author":3,"featured_media":0,"parent":0,"menu_order":0,"comment_status":"closed","ping_status":"closed","template":"","meta":{"_acf_changed":false,"_themeisle_gutenberg_block_has_review":false,"footnotes":""},"class_list":["post-41271","page","type-page","status-publish","hentry"],"acf":[],"yoast_head":"<!-- This site is optimized with the Yoast SEO plugin v27.3 - https:\/\/yoast.com\/product\/yoast-seo-wordpress\/ -->\n<title>Financovanie z E\u00da - Dreven\u00e9 schody SOWOSZ \u2013 priame a zabiehov\u00e9 schody od v\u00fdrobcu<\/title>\n<meta name=\"description\" content=\"Spolo\u010dnos\u0165 SOWOSZ z\u00edskala financovanie z fondov Eur\u00f3pskej \u00fanie na projekt s n\u00e1zvom \u201eZavedenie lok\u00e1lne inovat\u00edvnej slu\u017eby spracovania dreva.\u201c\" \/>\n<meta name=\"robots\" content=\"index, follow, max-snippet:-1, max-image-preview:large, max-video-preview:-1\" \/>\n<link rel=\"canonical\" href=\"https:\/\/www.sowosz.com\/sk\/fondy-eu-sowosz\/\" \/>\n<meta property=\"og:locale\" content=\"sk_SK\" \/>\n<meta property=\"og:type\" content=\"article\" \/>\n<meta property=\"og:title\" content=\"Financovanie z E\u00da - Dreven\u00e9 schody SOWOSZ \u2013 priame a zabiehov\u00e9 schody od v\u00fdrobcu\" \/>\n<meta property=\"og:description\" content=\"Spolo\u010dnos\u0165 SOWOSZ z\u00edskala financovanie z fondov Eur\u00f3pskej \u00fanie na projekt s n\u00e1zvom \u201eZavedenie lok\u00e1lne inovat\u00edvnej slu\u017eby spracovania dreva.\u201c\" \/>\n<meta property=\"og:url\" content=\"https:\/\/www.sowosz.com\/sk\/fondy-eu-sowosz\/\" \/>\n<meta property=\"og:site_name\" content=\"Dreven\u00e9 schody SOWOSZ \u2013 priame a zabiehov\u00e9 schody od v\u00fdrobcu\" \/>\n<meta property=\"article:publisher\" content=\"https:\/\/www.facebook.com\/Sowosz\/\" \/>\n<meta property=\"article:modified_time\" content=\"2026-02-11T06:47:46+00:00\" \/>\n<meta property=\"og:image\" content=\"https:\/\/www.sowosz.com\/wp-content\/uploads\/2024\/08\/PL-Pasek_FE-RGB-poziom_2.webp\" \/>\n<meta name=\"twitter:card\" content=\"summary_large_image\" \/>\n<meta name=\"twitter:label1\" content=\"Predpokladan\u00fd \u010das \u010d\u00edtania\" \/>\n\t<meta name=\"twitter:data1\" content=\"2 min\u00faty\" \/>\n<script type=\"application\/ld+json\" class=\"yoast-schema-graph\">{\"@context\":\"https:\\\/\\\/schema.org\",\"@graph\":[{\"@type\":\"WebPage\",\"@id\":\"https:\\\/\\\/www.sowosz.com\\\/sk\\\/fondy-eu-sowosz\\\/\",\"url\":\"https:\\\/\\\/www.sowosz.com\\\/sk\\\/fondy-eu-sowosz\\\/\",\"name\":\"Financovanie z E\u00da - Dreven\u00e9 schody SOWOSZ \u2013 priame a zabiehov\u00e9 schody od v\u00fdrobcu\",\"isPartOf\":{\"@id\":\"https:\\\/\\\/www.sowosz.com\\\/sk\\\/#website\"},\"primaryImageOfPage\":{\"@id\":\"https:\\\/\\\/www.sowosz.com\\\/sk\\\/fondy-eu-sowosz\\\/#primaryimage\"},\"image\":{\"@id\":\"https:\\\/\\\/www.sowosz.com\\\/sk\\\/fondy-eu-sowosz\\\/#primaryimage\"},\"thumbnailUrl\":\"https:\\\/\\\/www.sowosz.com\\\/wp-content\\\/uploads\\\/2024\\\/08\\\/PL-Pasek_FE-RGB-poziom_2.webp\",\"datePublished\":\"2024-08-06T10:41:20+00:00\",\"dateModified\":\"2026-02-11T06:47:46+00:00\",\"description\":\"Spolo\u010dnos\u0165 SOWOSZ z\u00edskala financovanie z fondov Eur\u00f3pskej \u00fanie na projekt s n\u00e1zvom \u201eZavedenie lok\u00e1lne inovat\u00edvnej slu\u017eby spracovania dreva.\u201c\",\"breadcrumb\":{\"@id\":\"https:\\\/\\\/www.sowosz.com\\\/sk\\\/fondy-eu-sowosz\\\/#breadcrumb\"},\"inLanguage\":\"sk-SK\",\"potentialAction\":[{\"@type\":\"ReadAction\",\"target\":[\"https:\\\/\\\/www.sowosz.com\\\/sk\\\/fondy-eu-sowosz\\\/\"]}]},{\"@type\":\"ImageObject\",\"inLanguage\":\"sk-SK\",\"@id\":\"https:\\\/\\\/www.sowosz.com\\\/sk\\\/fondy-eu-sowosz\\\/#primaryimage\",\"url\":\"https:\\\/\\\/www.sowosz.com\\\/wp-content\\\/uploads\\\/2024\\\/08\\\/PL-Pasek_FE-RGB-poziom_2.webp\",\"contentUrl\":\"https:\\\/\\\/www.sowosz.com\\\/wp-content\\\/uploads\\\/2024\\\/08\\\/PL-Pasek_FE-RGB-poziom_2.webp\"},{\"@type\":\"BreadcrumbList\",\"@id\":\"https:\\\/\\\/www.sowosz.com\\\/sk\\\/fondy-eu-sowosz\\\/#breadcrumb\",\"itemListElement\":[{\"@type\":\"ListItem\",\"position\":1,\"name\":\"Strona g\u0142\u00f3wna\",\"item\":\"https:\\\/\\\/www.sowosz.com\\\/sk\\\/\"},{\"@type\":\"ListItem\",\"position\":2,\"name\":\"Financovanie z E\u00da\"}]},{\"@type\":\"WebSite\",\"@id\":\"https:\\\/\\\/www.sowosz.com\\\/sk\\\/#website\",\"url\":\"https:\\\/\\\/www.sowosz.com\\\/sk\\\/\",\"name\":\"SOWOSZ wooden straight and winder stairs manufacturer\",\"description\":\"sowosz\",\"publisher\":{\"@id\":\"https:\\\/\\\/www.sowosz.com\\\/sk\\\/#organization\"},\"alternateName\":\"SOWOSZ wooden stairs\",\"potentialAction\":[{\"@type\":\"SearchAction\",\"target\":{\"@type\":\"EntryPoint\",\"urlTemplate\":\"https:\\\/\\\/www.sowosz.com\\\/sk\\\/?s={search_term_string}\"},\"query-input\":{\"@type\":\"PropertyValueSpecification\",\"valueRequired\":true,\"valueName\":\"search_term_string\"}}],\"inLanguage\":\"sk-SK\"},{\"@type\":\"Organization\",\"@id\":\"https:\\\/\\\/www.sowosz.com\\\/sk\\\/#organization\",\"name\":\"Dreven\u00e9 schody SOWOSZ \u2013 priame a zabiehov\u00e9 schody od v\u00fdrobcu\",\"alternateName\":\"Schody SOWOSZ\",\"url\":\"https:\\\/\\\/www.sowosz.com\\\/sk\\\/\",\"logo\":{\"@type\":\"ImageObject\",\"inLanguage\":\"sk-SK\",\"@id\":\"https:\\\/\\\/www.sowosz.com\\\/sk\\\/#\\\/schema\\\/logo\\\/image\\\/\",\"url\":\"https:\\\/\\\/www.sowosz.com\\\/wp-content\\\/uploads\\\/2023\\\/08\\\/sowosz_logo.webp\",\"contentUrl\":\"https:\\\/\\\/www.sowosz.com\\\/wp-content\\\/uploads\\\/2023\\\/08\\\/sowosz_logo.webp\",\"width\":800,\"height\":303,\"caption\":\"Dreven\u00e9 schody SOWOSZ \u2013 priame a zabiehov\u00e9 schody od v\u00fdrobcu\"},\"image\":{\"@id\":\"https:\\\/\\\/www.sowosz.com\\\/sk\\\/#\\\/schema\\\/logo\\\/image\\\/\"},\"sameAs\":[\"https:\\\/\\\/www.facebook.com\\\/Sowosz\\\/\",\"https:\\\/\\\/www.instagram.com\\\/sowosz\\\/\",\"https:\\\/\\\/pl.pinterest.com\\\/sowosz\\\/\"]}]}<\/script>\n<!-- \/ Yoast SEO plugin. -->","yoast_head_json":{"title":"Financovanie z E\u00da - Dreven\u00e9 schody SOWOSZ \u2013 priame a zabiehov\u00e9 schody od v\u00fdrobcu","description":"Spolo\u010dnos\u0165 SOWOSZ z\u00edskala financovanie z fondov Eur\u00f3pskej \u00fanie na projekt s n\u00e1zvom \u201eZavedenie lok\u00e1lne inovat\u00edvnej slu\u017eby spracovania dreva.\u201c","robots":{"index":"index","follow":"follow","max-snippet":"max-snippet:-1","max-image-preview":"max-image-preview:large","max-video-preview":"max-video-preview:-1"},"canonical":"https:\/\/www.sowosz.com\/sk\/fondy-eu-sowosz\/","og_locale":"sk_SK","og_type":"article","og_title":"Financovanie z E\u00da - Dreven\u00e9 schody SOWOSZ \u2013 priame a zabiehov\u00e9 schody od v\u00fdrobcu","og_description":"Spolo\u010dnos\u0165 SOWOSZ z\u00edskala financovanie z fondov Eur\u00f3pskej \u00fanie na projekt s n\u00e1zvom \u201eZavedenie lok\u00e1lne inovat\u00edvnej slu\u017eby spracovania dreva.\u201c","og_url":"https:\/\/www.sowosz.com\/sk\/fondy-eu-sowosz\/","og_site_name":"Dreven\u00e9 schody SOWOSZ \u2013 priame a zabiehov\u00e9 schody od v\u00fdrobcu","article_publisher":"https:\/\/www.facebook.com\/Sowosz\/","article_modified_time":"2026-02-11T06:47:46+00:00","og_image":[{"url":"https:\/\/www.sowosz.com\/wp-content\/uploads\/2024\/08\/PL-Pasek_FE-RGB-poziom_2.webp","type":"","width":"","height":""}],"twitter_card":"summary_large_image","twitter_misc":{"Predpokladan\u00fd \u010das \u010d\u00edtania":"2 min\u00faty"},"schema":{"@context":"https:\/\/schema.org","@graph":[{"@type":"WebPage","@id":"https:\/\/www.sowosz.com\/sk\/fondy-eu-sowosz\/","url":"https:\/\/www.sowosz.com\/sk\/fondy-eu-sowosz\/","name":"Financovanie z E\u00da - Dreven\u00e9 schody SOWOSZ \u2013 priame a zabiehov\u00e9 schody od v\u00fdrobcu","isPartOf":{"@id":"https:\/\/www.sowosz.com\/sk\/#website"},"primaryImageOfPage":{"@id":"https:\/\/www.sowosz.com\/sk\/fondy-eu-sowosz\/#primaryimage"},"image":{"@id":"https:\/\/www.sowosz.com\/sk\/fondy-eu-sowosz\/#primaryimage"},"thumbnailUrl":"https:\/\/www.sowosz.com\/wp-content\/uploads\/2024\/08\/PL-Pasek_FE-RGB-poziom_2.webp","datePublished":"2024-08-06T10:41:20+00:00","dateModified":"2026-02-11T06:47:46+00:00","description":"Spolo\u010dnos\u0165 SOWOSZ z\u00edskala financovanie z fondov Eur\u00f3pskej \u00fanie na projekt s n\u00e1zvom \u201eZavedenie lok\u00e1lne inovat\u00edvnej slu\u017eby spracovania dreva.\u201c","breadcrumb":{"@id":"https:\/\/www.sowosz.com\/sk\/fondy-eu-sowosz\/#breadcrumb"},"inLanguage":"sk-SK","potentialAction":[{"@type":"ReadAction","target":["https:\/\/www.sowosz.com\/sk\/fondy-eu-sowosz\/"]}]},{"@type":"ImageObject","inLanguage":"sk-SK","@id":"https:\/\/www.sowosz.com\/sk\/fondy-eu-sowosz\/#primaryimage","url":"https:\/\/www.sowosz.com\/wp-content\/uploads\/2024\/08\/PL-Pasek_FE-RGB-poziom_2.webp","contentUrl":"https:\/\/www.sowosz.com\/wp-content\/uploads\/2024\/08\/PL-Pasek_FE-RGB-poziom_2.webp"},{"@type":"BreadcrumbList","@id":"https:\/\/www.sowosz.com\/sk\/fondy-eu-sowosz\/#breadcrumb","itemListElement":[{"@type":"ListItem","position":1,"name":"Strona g\u0142\u00f3wna","item":"https:\/\/www.sowosz.com\/sk\/"},{"@type":"ListItem","position":2,"name":"Financovanie z E\u00da"}]},{"@type":"WebSite","@id":"https:\/\/www.sowosz.com\/sk\/#website","url":"https:\/\/www.sowosz.com\/sk\/","name":"SOWOSZ wooden straight and winder stairs manufacturer","description":"sowosz","publisher":{"@id":"https:\/\/www.sowosz.com\/sk\/#organization"},"alternateName":"SOWOSZ wooden stairs","potentialAction":[{"@type":"SearchAction","target":{"@type":"EntryPoint","urlTemplate":"https:\/\/www.sowosz.com\/sk\/?s={search_term_string}"},"query-input":{"@type":"PropertyValueSpecification","valueRequired":true,"valueName":"search_term_string"}}],"inLanguage":"sk-SK"},{"@type":"Organization","@id":"https:\/\/www.sowosz.com\/sk\/#organization","name":"Dreven\u00e9 schody SOWOSZ \u2013 priame a zabiehov\u00e9 schody od v\u00fdrobcu","alternateName":"Schody SOWOSZ","url":"https:\/\/www.sowosz.com\/sk\/","logo":{"@type":"ImageObject","inLanguage":"sk-SK","@id":"https:\/\/www.sowosz.com\/sk\/#\/schema\/logo\/image\/","url":"https:\/\/www.sowosz.com\/wp-content\/uploads\/2023\/08\/sowosz_logo.webp","contentUrl":"https:\/\/www.sowosz.com\/wp-content\/uploads\/2023\/08\/sowosz_logo.webp","width":800,"height":303,"caption":"Dreven\u00e9 schody SOWOSZ \u2013 priame a zabiehov\u00e9 schody od v\u00fdrobcu"},"image":{"@id":"https:\/\/www.sowosz.com\/sk\/#\/schema\/logo\/image\/"},"sameAs":["https:\/\/www.facebook.com\/Sowosz\/","https:\/\/www.instagram.com\/sowosz\/","https:\/\/pl.pinterest.com\/sowosz\/"]}]}},"_links":{"self":[{"href":"https:\/\/www.sowosz.com\/sk\/wp-json\/wp\/v2\/pages\/41271","targetHints":{"allow":["GET"]}}],"collection":[{"href":"https:\/\/www.sowosz.com\/sk\/wp-json\/wp\/v2\/pages"}],"about":[{"href":"https:\/\/www.sowosz.com\/sk\/wp-json\/wp\/v2\/types\/page"}],"author":[{"embeddable":true,"href":"https:\/\/www.sowosz.com\/sk\/wp-json\/wp\/v2\/users\/3"}],"replies":[{"embeddable":true,"href":"https:\/\/www.sowosz.com\/sk\/wp-json\/wp\/v2\/comments?post=41271"}],"version-history":[{"count":4,"href":"https:\/\/www.sowosz.com\/sk\/wp-json\/wp\/v2\/pages\/41271\/revisions"}],"predecessor-version":[{"id":41276,"href":"https:\/\/www.sowosz.com\/sk\/wp-json\/wp\/v2\/pages\/41271\/revisions\/41276"}],"wp:attachment":[{"href":"https:\/\/www.sowosz.com\/sk\/wp-json\/wp\/v2\/media?parent=41271"}],"curies":[{"name":"wp","href":"https:\/\/api.w.org\/{rel}","templated":true}]}}