{"id":31210,"date":"2023-01-11T10:31:44","date_gmt":"2023-01-11T09:31:44","guid":{"rendered":"https:\/\/www.sowosz.com\/collaboration\/"},"modified":"2026-02-09T15:02:17","modified_gmt":"2026-02-09T14:02:17","slug":"spolupraca","status":"publish","type":"page","link":"https:\/\/www.sowosz.com\/sk\/spolupraca\/","title":{"rendered":"Spolupr\u00e1ca"},"content":{"rendered":"\t\t<div data-elementor-type=\"wp-page\" data-elementor-id=\"31210\" class=\"elementor elementor-31210 elementor-8846\" data-elementor-post-type=\"page\">\n\t\t\t\t\t\t<section class=\"wd-negative-gap elementor-section elementor-top-section elementor-element elementor-element-1df882b1 elementor-section-boxed elementor-section-height-default elementor-section-height-default\" data-id=\"1df882b1\" data-element_type=\"section\" data-e-type=\"section\">\n\t\t\t\t\t\t<div class=\"elementor-container elementor-column-gap-default\">\n\t\t\t\t\t<div class=\"elementor-column elementor-col-100 elementor-top-column elementor-element elementor-element-52cec593\" data-id=\"52cec593\" data-element_type=\"column\" data-e-type=\"column\">\n\t\t\t<div class=\"elementor-widget-wrap elementor-element-populated\">\n\t\t\t\t\t\t<div class=\"elementor-element elementor-element-61518610 color-scheme-inherit text-left elementor-widget elementor-widget-text-editor\" data-id=\"61518610\" data-element_type=\"widget\" data-e-type=\"widget\" data-widget_type=\"text-editor.default\">\n\t\t\t\t<div class=\"elementor-widget-container\">\n\t\t\t\t\t\t\t\t\t<article class=\"text-token-text-primary w-full focus:outline-none [--shadow-height:45px] has-data-writing-block:pointer-events-none has-data-writing-block:-mt-(--shadow-height) has-data-writing-block:pt-(--shadow-height) [&amp;:has([data-writing-block])&gt;*]:pointer-events-auto scroll-mt-(--header-height)\" dir=\"auto\" tabindex=\"-1\" data-turn-id=\"47fa8b49-0e30-4ae2-906f-dcc6de423ee5\" data-testid=\"conversation-turn-1\" data-scroll-anchor=\"false\" data-turn=\"user\"><\/article><article class=\"text-token-text-primary w-full focus:outline-none [--shadow-height:45px] has-data-writing-block:pointer-events-none has-data-writing-block:-mt-(--shadow-height) has-data-writing-block:pt-(--shadow-height) [&amp;:has([data-writing-block])&gt;*]:pointer-events-auto [content-visibility:auto] supports-[content-visibility:auto]:[contain-intrinsic-size:auto_100lvh] scroll-mt-[calc(var(--header-height)+min(200px,max(70px,20svh)))]\" dir=\"auto\" tabindex=\"-1\" data-turn-id=\"b9759d8d-9e62-41c8-97a8-0640abde8507\" data-testid=\"conversation-turn-2\" data-scroll-anchor=\"true\" data-turn=\"assistant\"><div class=\"text-base my-auto mx-auto pb-10 [--thread-content-margin:--spacing(4)] @w-sm\/main:[--thread-content-margin:--spacing(6)] @w-lg\/main:[--thread-content-margin:--spacing(16)] px-(--thread-content-margin)\"><div class=\"[--thread-content-max-width:40rem] @w-lg\/main:[--thread-content-max-width:48rem] mx-auto max-w-(--thread-content-max-width) flex-1 group\/turn-messages focus-visible:outline-hidden relative flex w-full min-w-0 flex-col agent-turn\" tabindex=\"-1\"><div class=\"flex max-w-full flex-col grow\"><div class=\"min-h-8 text-message relative flex w-full flex-col items-end gap-2 text-start break-words whitespace-normal [.text-message+&amp;]:mt-1\" dir=\"auto\" data-message-author-role=\"assistant\" data-message-id=\"4b2986a5-3dff-44d0-ab36-5f4e4a805821\" data-message-model-slug=\"gpt-5-2-instant\"><div class=\"flex w-full flex-col gap-1 empty:hidden first:pt-[1px]\"><div class=\"streaming-animation markdown prose dark:prose-invert w-full wrap-break-word dark markdown-new-styling\"><h2 data-start=\"0\" data-end=\"104\">Poz\u00fdvame v\u00e1s k spolupr\u00e1ci v oblasti <strong data-start=\"36\" data-end=\"103\">ve\u013ekoobchodn\u00fdch dod\u00e1vok dreven\u00fdch schodov na svojpomocn\u00fa mont\u00e1\u017e<\/strong>.<\/h2><\/div><\/div><\/div><\/div><\/div><\/div><\/article><p data-start=\"106\" data-end=\"138\"><strong>Na\u0161a ponuka je ur\u010den\u00e1 najm\u00e4 pre:<\/strong><\/p><ul data-start=\"140\" data-end=\"276\"><li data-start=\"140\" data-end=\"158\"><p data-start=\"142\" data-end=\"158\">stavebn\u00e9 firmy<\/p><\/li><li data-start=\"159\" data-end=\"194\"><p data-start=\"161\" data-end=\"194\">predajcov stavebn\u00fdch materi\u00e1lov<\/p><\/li><li data-start=\"195\" data-end=\"218\"><p data-start=\"197\" data-end=\"218\">v\u00fdrobcov drevodomov<\/p><\/li><li data-start=\"219\" data-end=\"251\"><p data-start=\"221\" data-end=\"251\">hobby markety a supermarkety<\/p><\/li><li data-start=\"252\" data-end=\"276\"><p data-start=\"254\" data-end=\"276\">obchodn\u00fdch z\u00e1stupcov<\/p><\/li><\/ul><p>\u00a0<\/p><p data-start=\"278\" data-end=\"303\"><strong>V\u00fdhody spolupr\u00e1ce s nami:<\/strong><\/p><ul data-start=\"305\" data-end=\"455\"><li data-start=\"305\" data-end=\"329\"><p data-start=\"307\" data-end=\"329\">dlhoro\u010dn\u00e9 sk\u00fasenosti<\/p><\/li><li data-start=\"330\" data-end=\"380\"><p data-start=\"332\" data-end=\"380\">atrakt\u00edvne z\u013eavy pri pravideln\u00fdch objedn\u00e1vkach<\/p><\/li><li data-start=\"381\" data-end=\"414\"><p data-start=\"383\" data-end=\"414\">dodr\u017eiavanie term\u00ednov dodania<\/p><\/li><li data-start=\"415\" data-end=\"455\"><p data-start=\"417\" data-end=\"455\">r\u00fdchly a efekt\u00edvny z\u00e1kazn\u00edcky servis<\/p><\/li><\/ul><p>\u00a0<\/p><p data-start=\"457\" data-end=\"503\"><strong>V pr\u00edpade z\u00e1ujmu alebo ot\u00e1zok n\u00e1s kontaktujte:<\/strong><\/p><p data-start=\"457\" data-end=\"503\"><strong data-start=\"564\" data-end=\"575\">E-mail:<\/strong> <a class=\"decorated-link cursor-pointer\" rel=\"noopener\" data-start=\"576\" data-end=\"593\">stairs@sowosz.com<\/a> (odpove\u010f do 48 hod\u00edn v pracovn\u00e9 dni)<\/p>\t\t\t\t\t\t\t\t<\/div>\n\t\t\t\t<\/div>\n\t\t\t\t\t<\/div>\n\t\t<\/div>\n\t\t\t\t\t<\/div>\n\t\t<\/section>\n\t\t\t\t<\/div>\n\t\t","protected":false},"excerpt":{"rendered":"<p>Poz\u00fdvame v\u00e1s k spolupr\u00e1ci v oblasti ve\u013ekoobchodn\u00fdch dod\u00e1vok dreven\u00fdch schodov na svojpomocn\u00fa mont\u00e1\u017e. Na\u0161a ponuka je ur\u010den\u00e1 najm\u00e4 pre: stavebn\u00e9<\/p>\n","protected":false},"author":3,"featured_media":0,"parent":0,"menu_order":0,"comment_status":"closed","ping_status":"closed","template":"","meta":{"_acf_changed":false,"_themeisle_gutenberg_block_has_review":false,"footnotes":""},"class_list":["post-31210","page","type-page","status-publish","hentry"],"acf":[],"yoast_head":"<!-- This site is optimized with the Yoast SEO plugin v27.3 - https:\/\/yoast.com\/product\/yoast-seo-wordpress\/ -->\n<title>Spolupr\u00e1ca - Dreven\u00e9 schody SOWOSZ \u2013 priame a zabiehov\u00e9 schody od v\u00fdrobcu<\/title>\n<meta name=\"robots\" content=\"index, follow, max-snippet:-1, max-image-preview:large, max-video-preview:-1\" \/>\n<link rel=\"canonical\" href=\"https:\/\/www.sowosz.com\/sk\/spolupraca\/\" \/>\n<meta property=\"og:locale\" content=\"sk_SK\" \/>\n<meta property=\"og:type\" content=\"article\" \/>\n<meta property=\"og:title\" content=\"Spolupr\u00e1ca - Dreven\u00e9 schody SOWOSZ \u2013 priame a zabiehov\u00e9 schody od v\u00fdrobcu\" \/>\n<meta property=\"og:description\" content=\"Poz\u00fdvame v\u00e1s k spolupr\u00e1ci v oblasti ve\u013ekoobchodn\u00fdch dod\u00e1vok dreven\u00fdch schodov na svojpomocn\u00fa mont\u00e1\u017e. Na\u0161a ponuka je ur\u010den\u00e1 najm\u00e4 pre: stavebn\u00e9\" \/>\n<meta property=\"og:url\" content=\"https:\/\/www.sowosz.com\/sk\/spolupraca\/\" \/>\n<meta property=\"og:site_name\" content=\"Dreven\u00e9 schody SOWOSZ \u2013 priame a zabiehov\u00e9 schody od v\u00fdrobcu\" \/>\n<meta property=\"article:publisher\" content=\"https:\/\/www.facebook.com\/Sowosz\/\" \/>\n<meta property=\"article:modified_time\" content=\"2026-02-09T14:02:17+00:00\" \/>\n<meta name=\"twitter:card\" content=\"summary_large_image\" \/>\n<meta name=\"twitter:label1\" content=\"Predpokladan\u00fd \u010das \u010d\u00edtania\" \/>\n\t<meta name=\"twitter:data1\" content=\"1 min\u00fata\" \/>\n<script type=\"application\/ld+json\" class=\"yoast-schema-graph\">{\"@context\":\"https:\\\/\\\/schema.org\",\"@graph\":[{\"@type\":\"WebPage\",\"@id\":\"https:\\\/\\\/www.sowosz.com\\\/sk\\\/spolupraca\\\/\",\"url\":\"https:\\\/\\\/www.sowosz.com\\\/sk\\\/spolupraca\\\/\",\"name\":\"Spolupr\u00e1ca - Dreven\u00e9 schody SOWOSZ \u2013 priame a zabiehov\u00e9 schody od v\u00fdrobcu\",\"isPartOf\":{\"@id\":\"https:\\\/\\\/www.sowosz.com\\\/sk\\\/#website\"},\"datePublished\":\"2023-01-11T09:31:44+00:00\",\"dateModified\":\"2026-02-09T14:02:17+00:00\",\"breadcrumb\":{\"@id\":\"https:\\\/\\\/www.sowosz.com\\\/sk\\\/spolupraca\\\/#breadcrumb\"},\"inLanguage\":\"sk-SK\",\"potentialAction\":[{\"@type\":\"ReadAction\",\"target\":[\"https:\\\/\\\/www.sowosz.com\\\/sk\\\/spolupraca\\\/\"]}]},{\"@type\":\"BreadcrumbList\",\"@id\":\"https:\\\/\\\/www.sowosz.com\\\/sk\\\/spolupraca\\\/#breadcrumb\",\"itemListElement\":[{\"@type\":\"ListItem\",\"position\":1,\"name\":\"Strona g\u0142\u00f3wna\",\"item\":\"https:\\\/\\\/www.sowosz.com\\\/sk\\\/\"},{\"@type\":\"ListItem\",\"position\":2,\"name\":\"Spolupr\u00e1ca\"}]},{\"@type\":\"WebSite\",\"@id\":\"https:\\\/\\\/www.sowosz.com\\\/sk\\\/#website\",\"url\":\"https:\\\/\\\/www.sowosz.com\\\/sk\\\/\",\"name\":\"SOWOSZ wooden straight and winder stairs manufacturer\",\"description\":\"sowosz\",\"publisher\":{\"@id\":\"https:\\\/\\\/www.sowosz.com\\\/sk\\\/#organization\"},\"alternateName\":\"SOWOSZ wooden stairs\",\"potentialAction\":[{\"@type\":\"SearchAction\",\"target\":{\"@type\":\"EntryPoint\",\"urlTemplate\":\"https:\\\/\\\/www.sowosz.com\\\/sk\\\/?s={search_term_string}\"},\"query-input\":{\"@type\":\"PropertyValueSpecification\",\"valueRequired\":true,\"valueName\":\"search_term_string\"}}],\"inLanguage\":\"sk-SK\"},{\"@type\":\"Organization\",\"@id\":\"https:\\\/\\\/www.sowosz.com\\\/sk\\\/#organization\",\"name\":\"Dreven\u00e9 schody SOWOSZ \u2013 priame a zabiehov\u00e9 schody od v\u00fdrobcu\",\"alternateName\":\"Schody SOWOSZ\",\"url\":\"https:\\\/\\\/www.sowosz.com\\\/sk\\\/\",\"logo\":{\"@type\":\"ImageObject\",\"inLanguage\":\"sk-SK\",\"@id\":\"https:\\\/\\\/www.sowosz.com\\\/sk\\\/#\\\/schema\\\/logo\\\/image\\\/\",\"url\":\"https:\\\/\\\/www.sowosz.com\\\/wp-content\\\/uploads\\\/2023\\\/08\\\/sowosz_logo.webp\",\"contentUrl\":\"https:\\\/\\\/www.sowosz.com\\\/wp-content\\\/uploads\\\/2023\\\/08\\\/sowosz_logo.webp\",\"width\":800,\"height\":303,\"caption\":\"Dreven\u00e9 schody SOWOSZ \u2013 priame a zabiehov\u00e9 schody od v\u00fdrobcu\"},\"image\":{\"@id\":\"https:\\\/\\\/www.sowosz.com\\\/sk\\\/#\\\/schema\\\/logo\\\/image\\\/\"},\"sameAs\":[\"https:\\\/\\\/www.facebook.com\\\/Sowosz\\\/\",\"https:\\\/\\\/www.instagram.com\\\/sowosz\\\/\",\"https:\\\/\\\/pl.pinterest.com\\\/sowosz\\\/\"]}]}<\/script>\n<!-- \/ Yoast SEO plugin. -->","yoast_head_json":{"title":"Spolupr\u00e1ca - Dreven\u00e9 schody SOWOSZ \u2013 priame a zabiehov\u00e9 schody od v\u00fdrobcu","robots":{"index":"index","follow":"follow","max-snippet":"max-snippet:-1","max-image-preview":"max-image-preview:large","max-video-preview":"max-video-preview:-1"},"canonical":"https:\/\/www.sowosz.com\/sk\/spolupraca\/","og_locale":"sk_SK","og_type":"article","og_title":"Spolupr\u00e1ca - Dreven\u00e9 schody SOWOSZ \u2013 priame a zabiehov\u00e9 schody od v\u00fdrobcu","og_description":"Poz\u00fdvame v\u00e1s k spolupr\u00e1ci v oblasti ve\u013ekoobchodn\u00fdch dod\u00e1vok dreven\u00fdch schodov na svojpomocn\u00fa mont\u00e1\u017e. Na\u0161a ponuka je ur\u010den\u00e1 najm\u00e4 pre: stavebn\u00e9","og_url":"https:\/\/www.sowosz.com\/sk\/spolupraca\/","og_site_name":"Dreven\u00e9 schody SOWOSZ \u2013 priame a zabiehov\u00e9 schody od v\u00fdrobcu","article_publisher":"https:\/\/www.facebook.com\/Sowosz\/","article_modified_time":"2026-02-09T14:02:17+00:00","twitter_card":"summary_large_image","twitter_misc":{"Predpokladan\u00fd \u010das \u010d\u00edtania":"1 min\u00fata"},"schema":{"@context":"https:\/\/schema.org","@graph":[{"@type":"WebPage","@id":"https:\/\/www.sowosz.com\/sk\/spolupraca\/","url":"https:\/\/www.sowosz.com\/sk\/spolupraca\/","name":"Spolupr\u00e1ca - Dreven\u00e9 schody SOWOSZ \u2013 priame a zabiehov\u00e9 schody od v\u00fdrobcu","isPartOf":{"@id":"https:\/\/www.sowosz.com\/sk\/#website"},"datePublished":"2023-01-11T09:31:44+00:00","dateModified":"2026-02-09T14:02:17+00:00","breadcrumb":{"@id":"https:\/\/www.sowosz.com\/sk\/spolupraca\/#breadcrumb"},"inLanguage":"sk-SK","potentialAction":[{"@type":"ReadAction","target":["https:\/\/www.sowosz.com\/sk\/spolupraca\/"]}]},{"@type":"BreadcrumbList","@id":"https:\/\/www.sowosz.com\/sk\/spolupraca\/#breadcrumb","itemListElement":[{"@type":"ListItem","position":1,"name":"Strona g\u0142\u00f3wna","item":"https:\/\/www.sowosz.com\/sk\/"},{"@type":"ListItem","position":2,"name":"Spolupr\u00e1ca"}]},{"@type":"WebSite","@id":"https:\/\/www.sowosz.com\/sk\/#website","url":"https:\/\/www.sowosz.com\/sk\/","name":"SOWOSZ wooden straight and winder stairs manufacturer","description":"sowosz","publisher":{"@id":"https:\/\/www.sowosz.com\/sk\/#organization"},"alternateName":"SOWOSZ wooden stairs","potentialAction":[{"@type":"SearchAction","target":{"@type":"EntryPoint","urlTemplate":"https:\/\/www.sowosz.com\/sk\/?s={search_term_string}"},"query-input":{"@type":"PropertyValueSpecification","valueRequired":true,"valueName":"search_term_string"}}],"inLanguage":"sk-SK"},{"@type":"Organization","@id":"https:\/\/www.sowosz.com\/sk\/#organization","name":"Dreven\u00e9 schody SOWOSZ \u2013 priame a zabiehov\u00e9 schody od v\u00fdrobcu","alternateName":"Schody SOWOSZ","url":"https:\/\/www.sowosz.com\/sk\/","logo":{"@type":"ImageObject","inLanguage":"sk-SK","@id":"https:\/\/www.sowosz.com\/sk\/#\/schema\/logo\/image\/","url":"https:\/\/www.sowosz.com\/wp-content\/uploads\/2023\/08\/sowosz_logo.webp","contentUrl":"https:\/\/www.sowosz.com\/wp-content\/uploads\/2023\/08\/sowosz_logo.webp","width":800,"height":303,"caption":"Dreven\u00e9 schody SOWOSZ \u2013 priame a zabiehov\u00e9 schody od v\u00fdrobcu"},"image":{"@id":"https:\/\/www.sowosz.com\/sk\/#\/schema\/logo\/image\/"},"sameAs":["https:\/\/www.facebook.com\/Sowosz\/","https:\/\/www.instagram.com\/sowosz\/","https:\/\/pl.pinterest.com\/sowosz\/"]}]}},"_links":{"self":[{"href":"https:\/\/www.sowosz.com\/sk\/wp-json\/wp\/v2\/pages\/31210","targetHints":{"allow":["GET"]}}],"collection":[{"href":"https:\/\/www.sowosz.com\/sk\/wp-json\/wp\/v2\/pages"}],"about":[{"href":"https:\/\/www.sowosz.com\/sk\/wp-json\/wp\/v2\/types\/page"}],"author":[{"embeddable":true,"href":"https:\/\/www.sowosz.com\/sk\/wp-json\/wp\/v2\/users\/3"}],"replies":[{"embeddable":true,"href":"https:\/\/www.sowosz.com\/sk\/wp-json\/wp\/v2\/comments?post=31210"}],"version-history":[{"count":14,"href":"https:\/\/www.sowosz.com\/sk\/wp-json\/wp\/v2\/pages\/31210\/revisions"}],"predecessor-version":[{"id":41127,"href":"https:\/\/www.sowosz.com\/sk\/wp-json\/wp\/v2\/pages\/31210\/revisions\/41127"}],"wp:attachment":[{"href":"https:\/\/www.sowosz.com\/sk\/wp-json\/wp\/v2\/media?parent=31210"}],"curies":[{"name":"wp","href":"https:\/\/api.w.org\/{rel}","templated":true}]}}