{"id":31205,"date":"2023-08-24T10:24:29","date_gmt":"2023-08-24T08:24:29","guid":{"rendered":"https:\/\/www.sowosz.com\/copyright\/"},"modified":"2026-02-09T15:05:55","modified_gmt":"2026-02-09T14:05:55","slug":"autorske-prava","status":"publish","type":"page","link":"https:\/\/www.sowosz.com\/sk\/autorske-prava\/","title":{"rendered":"Autorsk\u00e9 pr\u00e1va"},"content":{"rendered":"\t\t<div data-elementor-type=\"wp-page\" data-elementor-id=\"31205\" class=\"elementor elementor-31205 elementor-18454\" data-elementor-post-type=\"page\">\n\t\t\t\t\t\t<section class=\"wd-negative-gap elementor-section elementor-top-section elementor-element elementor-element-6c74a22 elementor-section-boxed elementor-section-height-default elementor-section-height-default\" data-id=\"6c74a22\" data-element_type=\"section\" data-e-type=\"section\">\n\t\t\t\t\t\t<div class=\"elementor-container elementor-column-gap-default\">\n\t\t\t\t\t<div class=\"elementor-column elementor-col-100 elementor-top-column elementor-element elementor-element-29c5f24\" data-id=\"29c5f24\" data-element_type=\"column\" data-e-type=\"column\">\n\t\t\t<div class=\"elementor-widget-wrap elementor-element-populated\">\n\t\t\t\t\t\t<div data-dce-text-color=\"default\" class=\"elementor-element elementor-element-1b77f38 elementor-widget elementor-widget-wd_text_block\" data-id=\"1b77f38\" data-element_type=\"widget\" data-e-type=\"widget\" data-widget_type=\"wd_text_block.default\">\n\t\t\t\t<div class=\"elementor-widget-container\">\n\t\t\t\t\t\t\t<div class=\"wd-text-block reset-last-child text-left\">\n\t\t\t\n\t\t\t<p><strong>V\u0161etky materi\u00e1ly zverejnen\u00e9 na webovej str\u00e1nke <a href=\"http:\/\/www.sowosz.com\" data-wplink-edit=\"true\">www.sowosz.com<\/a> s\u00fa chr\u00e1nen\u00e9 z\u00e1konom z 4. febru\u00e1ra 1994 o autorskom pr\u00e1ve a pr\u00e1vach s\u00favisiacich s autorsk\u00fdm pr\u00e1vom.<\/strong><\/p><p>Dr\u017eite\u013eom majetkov\u00fdch autorsk\u00fdch pr\u00e1v je spolo\u010dnos\u0165 <strong>P.P.U.H \u201eSowosz\u201d sp. z o.o.<\/strong> so s\u00eddlom na adrese <strong>ul. Wadowicka 86, 32-551 Jankowice, NIP: 6280001480, REGON: 003445122.<\/strong><\/p><p>Dr\u017eite\u013e autorsk\u00fdch pr\u00e1v si pod\u013ea \u010dl\u00e1nku 25 ods. 1 bodu 1 z\u00e1kona z 4. febru\u00e1ra 1994 v\u00fdslovne vyhradzuje, \u017ee ak\u00e1ko\u013evek \u010fal\u0161ia distrib\u00facia materi\u00e1lov zverejnen\u00fdch na webovej str\u00e1nke spolo\u010dnosti Sowosz je zak\u00e1zan\u00e1 \u2013 bez oh\u013eadu na \u00fa\u010del tejto distrib\u00facie alebo pou\u017eit\u00fd nosi\u010d.<\/p><p>Je pr\u00edsne zak\u00e1zan\u00e9 kop\u00edrova\u0165 alebo \u0161\u00edri\u0165 ak\u00fdko\u013evek obsah zverejnen\u00fd na webovej str\u00e1nke, vr\u00e1tane fotografi\u00ed, grafiky, bannerov, log, textov, formul\u00e1rov at\u010f., pod hrozbou pr\u00e1vnych sankci\u00ed.<\/p>\n\t\t\t\t\t<\/div>\n\t\t\t\t\t\t<\/div>\n\t\t\t\t<\/div>\n\t\t\t\t\t<\/div>\n\t\t<\/div>\n\t\t\t\t\t<\/div>\n\t\t<\/section>\n\t\t\t\t<\/div>\n\t\t","protected":false},"excerpt":{"rendered":"<p>V\u0161etky materi\u00e1ly zverejnen\u00e9 na webovej str\u00e1nke www.sowosz.com s\u00fa chr\u00e1nen\u00e9 z\u00e1konom z 4. febru\u00e1ra 1994 o autorskom pr\u00e1ve a pr\u00e1vach s\u00favisiacich<\/p>\n","protected":false},"author":5,"featured_media":0,"parent":0,"menu_order":0,"comment_status":"closed","ping_status":"closed","template":"elementor_header_footer","meta":{"_acf_changed":false,"_themeisle_gutenberg_block_has_review":false,"footnotes":""},"class_list":["post-31205","page","type-page","status-publish","hentry"],"acf":[],"yoast_head":"<!-- This site is optimized with the Yoast SEO plugin v27.3 - https:\/\/yoast.com\/product\/yoast-seo-wordpress\/ -->\n<title>Autorsk\u00e9 pr\u00e1va - Dreven\u00e9 schody SOWOSZ \u2013 priame a zabiehov\u00e9 schody od v\u00fdrobcu<\/title>\n<meta name=\"robots\" content=\"index, follow, max-snippet:-1, max-image-preview:large, max-video-preview:-1\" \/>\n<link rel=\"canonical\" href=\"https:\/\/www.sowosz.com\/sk\/autorske-prava\/\" \/>\n<meta property=\"og:locale\" content=\"sk_SK\" \/>\n<meta property=\"og:type\" content=\"article\" \/>\n<meta property=\"og:title\" content=\"Autorsk\u00e9 pr\u00e1va - Dreven\u00e9 schody SOWOSZ \u2013 priame a zabiehov\u00e9 schody od v\u00fdrobcu\" \/>\n<meta property=\"og:description\" content=\"V\u0161etky materi\u00e1ly zverejnen\u00e9 na webovej str\u00e1nke www.sowosz.com s\u00fa chr\u00e1nen\u00e9 z\u00e1konom z 4. febru\u00e1ra 1994 o autorskom pr\u00e1ve a pr\u00e1vach s\u00favisiacich\" \/>\n<meta property=\"og:url\" content=\"https:\/\/www.sowosz.com\/sk\/autorske-prava\/\" \/>\n<meta property=\"og:site_name\" content=\"Dreven\u00e9 schody SOWOSZ \u2013 priame a zabiehov\u00e9 schody od v\u00fdrobcu\" \/>\n<meta property=\"article:publisher\" content=\"https:\/\/www.facebook.com\/Sowosz\/\" \/>\n<meta property=\"article:modified_time\" content=\"2026-02-09T14:05:55+00:00\" \/>\n<meta name=\"twitter:card\" content=\"summary_large_image\" \/>\n<meta name=\"twitter:label1\" content=\"Predpokladan\u00fd \u010das \u010d\u00edtania\" \/>\n\t<meta name=\"twitter:data1\" content=\"1 min\u00fata\" \/>\n<script type=\"application\/ld+json\" class=\"yoast-schema-graph\">{\"@context\":\"https:\\\/\\\/schema.org\",\"@graph\":[{\"@type\":\"WebPage\",\"@id\":\"https:\\\/\\\/www.sowosz.com\\\/sk\\\/autorske-prava\\\/\",\"url\":\"https:\\\/\\\/www.sowosz.com\\\/sk\\\/autorske-prava\\\/\",\"name\":\"Autorsk\u00e9 pr\u00e1va - Dreven\u00e9 schody SOWOSZ \u2013 priame a zabiehov\u00e9 schody od v\u00fdrobcu\",\"isPartOf\":{\"@id\":\"https:\\\/\\\/www.sowosz.com\\\/sk\\\/#website\"},\"datePublished\":\"2023-08-24T08:24:29+00:00\",\"dateModified\":\"2026-02-09T14:05:55+00:00\",\"breadcrumb\":{\"@id\":\"https:\\\/\\\/www.sowosz.com\\\/sk\\\/autorske-prava\\\/#breadcrumb\"},\"inLanguage\":\"sk-SK\",\"potentialAction\":[{\"@type\":\"ReadAction\",\"target\":[\"https:\\\/\\\/www.sowosz.com\\\/sk\\\/autorske-prava\\\/\"]}]},{\"@type\":\"BreadcrumbList\",\"@id\":\"https:\\\/\\\/www.sowosz.com\\\/sk\\\/autorske-prava\\\/#breadcrumb\",\"itemListElement\":[{\"@type\":\"ListItem\",\"position\":1,\"name\":\"Strona g\u0142\u00f3wna\",\"item\":\"https:\\\/\\\/www.sowosz.com\\\/sk\\\/\"},{\"@type\":\"ListItem\",\"position\":2,\"name\":\"Autorsk\u00e9 pr\u00e1va\"}]},{\"@type\":\"WebSite\",\"@id\":\"https:\\\/\\\/www.sowosz.com\\\/sk\\\/#website\",\"url\":\"https:\\\/\\\/www.sowosz.com\\\/sk\\\/\",\"name\":\"SOWOSZ wooden straight and winder stairs manufacturer\",\"description\":\"sowosz\",\"publisher\":{\"@id\":\"https:\\\/\\\/www.sowosz.com\\\/sk\\\/#organization\"},\"alternateName\":\"SOWOSZ wooden stairs\",\"potentialAction\":[{\"@type\":\"SearchAction\",\"target\":{\"@type\":\"EntryPoint\",\"urlTemplate\":\"https:\\\/\\\/www.sowosz.com\\\/sk\\\/?s={search_term_string}\"},\"query-input\":{\"@type\":\"PropertyValueSpecification\",\"valueRequired\":true,\"valueName\":\"search_term_string\"}}],\"inLanguage\":\"sk-SK\"},{\"@type\":\"Organization\",\"@id\":\"https:\\\/\\\/www.sowosz.com\\\/sk\\\/#organization\",\"name\":\"Dreven\u00e9 schody SOWOSZ \u2013 priame a zabiehov\u00e9 schody od v\u00fdrobcu\",\"alternateName\":\"Schody SOWOSZ\",\"url\":\"https:\\\/\\\/www.sowosz.com\\\/sk\\\/\",\"logo\":{\"@type\":\"ImageObject\",\"inLanguage\":\"sk-SK\",\"@id\":\"https:\\\/\\\/www.sowosz.com\\\/sk\\\/#\\\/schema\\\/logo\\\/image\\\/\",\"url\":\"https:\\\/\\\/www.sowosz.com\\\/wp-content\\\/uploads\\\/2023\\\/08\\\/sowosz_logo.webp\",\"contentUrl\":\"https:\\\/\\\/www.sowosz.com\\\/wp-content\\\/uploads\\\/2023\\\/08\\\/sowosz_logo.webp\",\"width\":800,\"height\":303,\"caption\":\"Dreven\u00e9 schody SOWOSZ \u2013 priame a zabiehov\u00e9 schody od v\u00fdrobcu\"},\"image\":{\"@id\":\"https:\\\/\\\/www.sowosz.com\\\/sk\\\/#\\\/schema\\\/logo\\\/image\\\/\"},\"sameAs\":[\"https:\\\/\\\/www.facebook.com\\\/Sowosz\\\/\",\"https:\\\/\\\/www.instagram.com\\\/sowosz\\\/\",\"https:\\\/\\\/pl.pinterest.com\\\/sowosz\\\/\"]}]}<\/script>\n<!-- \/ Yoast SEO plugin. -->","yoast_head_json":{"title":"Autorsk\u00e9 pr\u00e1va - Dreven\u00e9 schody SOWOSZ \u2013 priame a zabiehov\u00e9 schody od v\u00fdrobcu","robots":{"index":"index","follow":"follow","max-snippet":"max-snippet:-1","max-image-preview":"max-image-preview:large","max-video-preview":"max-video-preview:-1"},"canonical":"https:\/\/www.sowosz.com\/sk\/autorske-prava\/","og_locale":"sk_SK","og_type":"article","og_title":"Autorsk\u00e9 pr\u00e1va - Dreven\u00e9 schody SOWOSZ \u2013 priame a zabiehov\u00e9 schody od v\u00fdrobcu","og_description":"V\u0161etky materi\u00e1ly zverejnen\u00e9 na webovej str\u00e1nke www.sowosz.com s\u00fa chr\u00e1nen\u00e9 z\u00e1konom z 4. febru\u00e1ra 1994 o autorskom pr\u00e1ve a pr\u00e1vach s\u00favisiacich","og_url":"https:\/\/www.sowosz.com\/sk\/autorske-prava\/","og_site_name":"Dreven\u00e9 schody SOWOSZ \u2013 priame a zabiehov\u00e9 schody od v\u00fdrobcu","article_publisher":"https:\/\/www.facebook.com\/Sowosz\/","article_modified_time":"2026-02-09T14:05:55+00:00","twitter_card":"summary_large_image","twitter_misc":{"Predpokladan\u00fd \u010das \u010d\u00edtania":"1 min\u00fata"},"schema":{"@context":"https:\/\/schema.org","@graph":[{"@type":"WebPage","@id":"https:\/\/www.sowosz.com\/sk\/autorske-prava\/","url":"https:\/\/www.sowosz.com\/sk\/autorske-prava\/","name":"Autorsk\u00e9 pr\u00e1va - Dreven\u00e9 schody SOWOSZ \u2013 priame a zabiehov\u00e9 schody od v\u00fdrobcu","isPartOf":{"@id":"https:\/\/www.sowosz.com\/sk\/#website"},"datePublished":"2023-08-24T08:24:29+00:00","dateModified":"2026-02-09T14:05:55+00:00","breadcrumb":{"@id":"https:\/\/www.sowosz.com\/sk\/autorske-prava\/#breadcrumb"},"inLanguage":"sk-SK","potentialAction":[{"@type":"ReadAction","target":["https:\/\/www.sowosz.com\/sk\/autorske-prava\/"]}]},{"@type":"BreadcrumbList","@id":"https:\/\/www.sowosz.com\/sk\/autorske-prava\/#breadcrumb","itemListElement":[{"@type":"ListItem","position":1,"name":"Strona g\u0142\u00f3wna","item":"https:\/\/www.sowosz.com\/sk\/"},{"@type":"ListItem","position":2,"name":"Autorsk\u00e9 pr\u00e1va"}]},{"@type":"WebSite","@id":"https:\/\/www.sowosz.com\/sk\/#website","url":"https:\/\/www.sowosz.com\/sk\/","name":"SOWOSZ wooden straight and winder stairs manufacturer","description":"sowosz","publisher":{"@id":"https:\/\/www.sowosz.com\/sk\/#organization"},"alternateName":"SOWOSZ wooden stairs","potentialAction":[{"@type":"SearchAction","target":{"@type":"EntryPoint","urlTemplate":"https:\/\/www.sowosz.com\/sk\/?s={search_term_string}"},"query-input":{"@type":"PropertyValueSpecification","valueRequired":true,"valueName":"search_term_string"}}],"inLanguage":"sk-SK"},{"@type":"Organization","@id":"https:\/\/www.sowosz.com\/sk\/#organization","name":"Dreven\u00e9 schody SOWOSZ \u2013 priame a zabiehov\u00e9 schody od v\u00fdrobcu","alternateName":"Schody SOWOSZ","url":"https:\/\/www.sowosz.com\/sk\/","logo":{"@type":"ImageObject","inLanguage":"sk-SK","@id":"https:\/\/www.sowosz.com\/sk\/#\/schema\/logo\/image\/","url":"https:\/\/www.sowosz.com\/wp-content\/uploads\/2023\/08\/sowosz_logo.webp","contentUrl":"https:\/\/www.sowosz.com\/wp-content\/uploads\/2023\/08\/sowosz_logo.webp","width":800,"height":303,"caption":"Dreven\u00e9 schody SOWOSZ \u2013 priame a zabiehov\u00e9 schody od v\u00fdrobcu"},"image":{"@id":"https:\/\/www.sowosz.com\/sk\/#\/schema\/logo\/image\/"},"sameAs":["https:\/\/www.facebook.com\/Sowosz\/","https:\/\/www.instagram.com\/sowosz\/","https:\/\/pl.pinterest.com\/sowosz\/"]}]}},"_links":{"self":[{"href":"https:\/\/www.sowosz.com\/sk\/wp-json\/wp\/v2\/pages\/31205","targetHints":{"allow":["GET"]}}],"collection":[{"href":"https:\/\/www.sowosz.com\/sk\/wp-json\/wp\/v2\/pages"}],"about":[{"href":"https:\/\/www.sowosz.com\/sk\/wp-json\/wp\/v2\/types\/page"}],"author":[{"embeddable":true,"href":"https:\/\/www.sowosz.com\/sk\/wp-json\/wp\/v2\/users\/5"}],"replies":[{"embeddable":true,"href":"https:\/\/www.sowosz.com\/sk\/wp-json\/wp\/v2\/comments?post=31205"}],"version-history":[{"count":4,"href":"https:\/\/www.sowosz.com\/sk\/wp-json\/wp\/v2\/pages\/31205\/revisions"}],"predecessor-version":[{"id":31240,"href":"https:\/\/www.sowosz.com\/sk\/wp-json\/wp\/v2\/pages\/31205\/revisions\/31240"}],"wp:attachment":[{"href":"https:\/\/www.sowosz.com\/sk\/wp-json\/wp\/v2\/media?parent=31205"}],"curies":[{"name":"wp","href":"https:\/\/api.w.org\/{rel}","templated":true}]}}