{"id":31193,"date":"2023-08-18T13:59:56","date_gmt":"2023-08-18T11:59:56","guid":{"rendered":"https:\/\/www.sowosz.com\/declarations-and-certificates\/"},"modified":"2026-02-09T15:05:25","modified_gmt":"2026-02-09T14:05:25","slug":"vyhlasenia-a-osvedcenia","status":"publish","type":"page","link":"https:\/\/www.sowosz.com\/sk\/vyhlasenia-a-osvedcenia\/","title":{"rendered":"Vyhl\u00e1senia a osved\u010denia"},"content":{"rendered":"\t\t<div data-elementor-type=\"wp-page\" data-elementor-id=\"31193\" class=\"elementor elementor-31193 elementor-18179\" data-elementor-post-type=\"page\">\n\t\t\t\t\t\t<section class=\"wd-negative-gap elementor-section elementor-top-section elementor-element elementor-element-79e38fb elementor-section-boxed elementor-section-height-default elementor-section-height-default\" data-id=\"79e38fb\" data-element_type=\"section\" data-e-type=\"section\">\n\t\t\t\t\t\t<div class=\"elementor-container elementor-column-gap-default\">\n\t\t\t\t\t<div class=\"elementor-column elementor-col-100 elementor-top-column elementor-element elementor-element-6418ed2\" data-id=\"6418ed2\" data-element_type=\"column\" data-e-type=\"column\">\n\t\t\t<div class=\"elementor-widget-wrap elementor-element-populated\">\n\t\t\t\t\t\t<div data-dce-text-color=\"default\" class=\"elementor-element elementor-element-88d5481 elementor-widget elementor-widget-wd_text_block\" data-id=\"88d5481\" data-element_type=\"widget\" data-e-type=\"widget\" data-widget_type=\"wd_text_block.default\">\n\t\t\t\t<div class=\"elementor-widget-container\">\n\t\t\t\t\t\t\t<div class=\"wd-text-block reset-last-child text-center\">\n\t\t\t\n\t\t\t<h2 class=\"entry-title title\">Vyhl\u00e1senia<\/h2>\n\t\t\t\t\t<\/div>\n\t\t\t\t\t\t<\/div>\n\t\t\t\t<\/div>\n\t\t\t\t\t<\/div>\n\t\t<\/div>\n\t\t\t\t\t<\/div>\n\t\t<\/section>\n\t\t\t\t<section class=\"wd-negative-gap elementor-section elementor-top-section elementor-element elementor-element-badf969 elementor-section-boxed elementor-section-height-default elementor-section-height-default\" data-id=\"badf969\" data-element_type=\"section\" data-e-type=\"section\">\n\t\t\t\t\t\t<div class=\"elementor-container elementor-column-gap-default\">\n\t\t\t\t\t<div class=\"elementor-column elementor-col-16 elementor-top-column elementor-element elementor-element-8e4663c\" data-id=\"8e4663c\" data-element_type=\"column\" data-e-type=\"column\">\n\t\t\t<div class=\"elementor-widget-wrap elementor-element-populated\">\n\t\t\t\t\t\t<div class=\"elementor-element elementor-element-8219b27 dce_masking-none elementor-widget elementor-widget-image\" data-id=\"8219b27\" data-element_type=\"widget\" data-e-type=\"widget\" data-widget_type=\"image.default\">\n\t\t\t\t<div class=\"elementor-widget-container\">\n\t\t\t\t\t\t\t\t\t\t\t\t<figure class=\"wp-caption\">\n\t\t\t\t\t\t\t\t\t\t\t<a href=\"http:\/\/sowosz.pl\/wp-content\/uploads\/2023\/08\/Deklaracja-1-EAD.pdf\" target=\"_blank\">\n\t\t\t\t\t\t\t<img decoding=\"async\" src=\"https:\/\/www.sowosz.com\/wp-content\/uploads\/elementor\/thumbs\/icon-354359_640-qua06n0gzgrm2ai20u1s5lfdzjol0vp6mdvroyhdc0.png\" title=\"ikona pdf\" alt=\"ikona pliku PDF\" loading=\"lazy\" \/>\t\t\t\t\t\t\t\t<\/a>\n\t\t\t\t\t\t\t\t\t\t\t<figcaption class=\"widget-image-caption wp-caption-text\">Vyhl\u00e1senie EAD<\/figcaption>\n\t\t\t\t\t\t\t\t\t\t<\/figure>\n\t\t\t\t\t\t\t\t\t<\/div>\n\t\t\t\t<\/div>\n\t\t\t\t\t<\/div>\n\t\t<\/div>\n\t\t\t\t<div class=\"elementor-column elementor-col-16 elementor-top-column elementor-element elementor-element-7bd6e67\" data-id=\"7bd6e67\" data-element_type=\"column\" data-e-type=\"column\">\n\t\t\t<div class=\"elementor-widget-wrap elementor-element-populated\">\n\t\t\t\t\t\t<div class=\"elementor-element elementor-element-3a12e8f dce_masking-none elementor-widget elementor-widget-image\" data-id=\"3a12e8f\" data-element_type=\"widget\" data-e-type=\"widget\" data-widget_type=\"image.default\">\n\t\t\t\t<div class=\"elementor-widget-container\">\n\t\t\t\t\t\t\t\t\t\t\t\t<figure class=\"wp-caption\">\n\t\t\t\t\t\t\t\t\t\t\t<a href=\"http:\/\/sowosz.pl\/wp-content\/uploads\/2023\/08\/Deklaracja-2-EGD.pdf\" target=\"_blank\">\n\t\t\t\t\t\t\t<img decoding=\"async\" src=\"https:\/\/www.sowosz.com\/wp-content\/uploads\/elementor\/thumbs\/icon-354359_640-qua06n0gzgrm2ai20u1s5lfdzjol0vp6mdvroyhdc0.png\" title=\"ikona pdf\" alt=\"ikona pliku PDF\" loading=\"lazy\" \/>\t\t\t\t\t\t\t\t<\/a>\n\t\t\t\t\t\t\t\t\t\t\t<figcaption class=\"widget-image-caption wp-caption-text\">Vyhl\u00e1senie EGD<\/figcaption>\n\t\t\t\t\t\t\t\t\t\t<\/figure>\n\t\t\t\t\t\t\t\t\t<\/div>\n\t\t\t\t<\/div>\n\t\t\t\t\t<\/div>\n\t\t<\/div>\n\t\t\t\t<div class=\"elementor-column elementor-col-16 elementor-top-column elementor-element elementor-element-6e5dc4a\" data-id=\"6e5dc4a\" data-element_type=\"column\" data-e-type=\"column\">\n\t\t\t<div class=\"elementor-widget-wrap elementor-element-populated\">\n\t\t\t\t\t\t<div class=\"elementor-element elementor-element-84c0a65 dce_masking-none elementor-widget elementor-widget-image\" data-id=\"84c0a65\" data-element_type=\"widget\" data-e-type=\"widget\" data-widget_type=\"image.default\">\n\t\t\t\t<div class=\"elementor-widget-container\">\n\t\t\t\t\t\t\t\t\t\t\t\t<figure class=\"wp-caption\">\n\t\t\t\t\t\t\t\t\t\t\t<a href=\"http:\/\/sowosz.pl\/wp-content\/uploads\/2023\/08\/Deklaracja-3-EMQD.pdf\">\n\t\t\t\t\t\t\t<img decoding=\"async\" src=\"https:\/\/www.sowosz.com\/wp-content\/uploads\/elementor\/thumbs\/icon-354359_640-qua06n0gzgrm2ai20u1s5lfdzjol0vp6mdvroyhdc0.png\" title=\"ikona pdf\" alt=\"ikona pliku PDF\" loading=\"lazy\" \/>\t\t\t\t\t\t\t\t<\/a>\n\t\t\t\t\t\t\t\t\t\t\t<figcaption class=\"widget-image-caption wp-caption-text\">Vyhl\u00e1senie EMQD<\/figcaption>\n\t\t\t\t\t\t\t\t\t\t<\/figure>\n\t\t\t\t\t\t\t\t\t<\/div>\n\t\t\t\t<\/div>\n\t\t\t\t\t<\/div>\n\t\t<\/div>\n\t\t\t\t<div class=\"elementor-column elementor-col-16 elementor-top-column elementor-element elementor-element-1e2af2b\" data-id=\"1e2af2b\" data-element_type=\"column\" data-e-type=\"column\">\n\t\t\t<div class=\"elementor-widget-wrap elementor-element-populated\">\n\t\t\t\t\t\t<div class=\"elementor-element elementor-element-fe9fd84 dce_masking-none elementor-widget elementor-widget-image\" data-id=\"fe9fd84\" data-element_type=\"widget\" data-e-type=\"widget\" data-widget_type=\"image.default\">\n\t\t\t\t<div class=\"elementor-widget-container\">\n\t\t\t\t\t\t\t\t\t\t\t\t<figure class=\"wp-caption\">\n\t\t\t\t\t\t\t\t\t\t\t<a href=\"http:\/\/sowosz.pl\/wp-content\/uploads\/2023\/08\/Deklaracja-4-EQD.pdf\">\n\t\t\t\t\t\t\t<img decoding=\"async\" src=\"https:\/\/www.sowosz.com\/wp-content\/uploads\/elementor\/thumbs\/icon-354359_640-qua06n0gzgrm2ai20u1s5lfdzjol0vp6mdvroyhdc0.png\" title=\"ikona pdf\" alt=\"ikona pliku PDF\" loading=\"lazy\" \/>\t\t\t\t\t\t\t\t<\/a>\n\t\t\t\t\t\t\t\t\t\t\t<figcaption class=\"widget-image-caption wp-caption-text\">Vyhl\u00e1senie EQD<\/figcaption>\n\t\t\t\t\t\t\t\t\t\t<\/figure>\n\t\t\t\t\t\t\t\t\t<\/div>\n\t\t\t\t<\/div>\n\t\t\t\t\t<\/div>\n\t\t<\/div>\n\t\t\t\t<div class=\"elementor-column elementor-col-16 elementor-top-column elementor-element elementor-element-12ea04a\" data-id=\"12ea04a\" data-element_type=\"column\" data-e-type=\"column\">\n\t\t\t<div class=\"elementor-widget-wrap elementor-element-populated\">\n\t\t\t\t\t\t<div class=\"elementor-element elementor-element-84384f4 dce_masking-none elementor-widget elementor-widget-image\" data-id=\"84384f4\" data-element_type=\"widget\" data-e-type=\"widget\" data-widget_type=\"image.default\">\n\t\t\t\t<div class=\"elementor-widget-container\">\n\t\t\t\t\t\t\t\t\t\t\t\t<figure class=\"wp-caption\">\n\t\t\t\t\t\t\t\t\t\t\t<a href=\"http:\/\/sowosz.pl\/wp-content\/uploads\/2023\/08\/Deklaracja-5-EMQG.pdf\">\n\t\t\t\t\t\t\t<img decoding=\"async\" src=\"https:\/\/www.sowosz.com\/wp-content\/uploads\/elementor\/thumbs\/icon-354359_640-qua06n0gzgrm2ai20u1s5lfdzjol0vp6mdvroyhdc0.png\" title=\"ikona pdf\" alt=\"ikona pliku PDF\" loading=\"lazy\" \/>\t\t\t\t\t\t\t\t<\/a>\n\t\t\t\t\t\t\t\t\t\t\t<figcaption class=\"widget-image-caption wp-caption-text\">Vyhl\u00e1senie EMQG<\/figcaption>\n\t\t\t\t\t\t\t\t\t\t<\/figure>\n\t\t\t\t\t\t\t\t\t<\/div>\n\t\t\t\t<\/div>\n\t\t\t\t\t<\/div>\n\t\t<\/div>\n\t\t\t\t<div class=\"elementor-column elementor-col-16 elementor-top-column elementor-element elementor-element-5191e72\" data-id=\"5191e72\" data-element_type=\"column\" data-e-type=\"column\">\n\t\t\t<div class=\"elementor-widget-wrap elementor-element-populated\">\n\t\t\t\t\t\t<div class=\"elementor-element elementor-element-1d5d06e dce_masking-none elementor-widget elementor-widget-image\" data-id=\"1d5d06e\" data-element_type=\"widget\" data-e-type=\"widget\" data-widget_type=\"image.default\">\n\t\t\t\t<div class=\"elementor-widget-container\">\n\t\t\t\t\t\t\t\t\t\t\t\t<figure class=\"wp-caption\">\n\t\t\t\t\t\t\t\t\t\t\t<a href=\"http:\/\/sowosz.pl\/wp-content\/uploads\/2023\/08\/Deklaracja-6-EQG.pdf\">\n\t\t\t\t\t\t\t<img decoding=\"async\" src=\"https:\/\/www.sowosz.com\/wp-content\/uploads\/elementor\/thumbs\/icon-354359_640-qua06n0gzgrm2ai20u1s5lfdzjol0vp6mdvroyhdc0.png\" title=\"ikona pdf\" alt=\"ikona pliku PDF\" loading=\"lazy\" \/>\t\t\t\t\t\t\t\t<\/a>\n\t\t\t\t\t\t\t\t\t\t\t<figcaption class=\"widget-image-caption wp-caption-text\">Vyhl\u00e1senie EQG<\/figcaption>\n\t\t\t\t\t\t\t\t\t\t<\/figure>\n\t\t\t\t\t\t\t\t\t<\/div>\n\t\t\t\t<\/div>\n\t\t\t\t\t<\/div>\n\t\t<\/div>\n\t\t\t\t\t<\/div>\n\t\t<\/section>\n\t\t\t\t<section class=\"wd-negative-gap elementor-section elementor-top-section elementor-element elementor-element-eed80b1 elementor-section-boxed elementor-section-height-default elementor-section-height-default\" data-id=\"eed80b1\" data-element_type=\"section\" data-e-type=\"section\">\n\t\t\t\t\t\t<div class=\"elementor-container elementor-column-gap-default\">\n\t\t\t\t\t<div class=\"elementor-column elementor-col-100 elementor-top-column elementor-element elementor-element-9af3db4\" data-id=\"9af3db4\" data-element_type=\"column\" data-e-type=\"column\">\n\t\t\t<div class=\"elementor-widget-wrap elementor-element-populated\">\n\t\t\t\t\t\t<div class=\"elementor-element elementor-element-040dc2a elementor-widget elementor-widget-spacer\" data-id=\"040dc2a\" data-element_type=\"widget\" data-e-type=\"widget\" data-widget_type=\"spacer.default\">\n\t\t\t\t<div class=\"elementor-widget-container\">\n\t\t\t\t\t\t\t<div class=\"elementor-spacer\">\n\t\t\t<div class=\"elementor-spacer-inner\"><\/div>\n\t\t<\/div>\n\t\t\t\t\t\t<\/div>\n\t\t\t\t<\/div>\n\t\t\t\t<div data-dce-text-color=\"default\" class=\"elementor-element elementor-element-c5a6d31 elementor-widget elementor-widget-wd_text_block\" data-id=\"c5a6d31\" data-element_type=\"widget\" data-e-type=\"widget\" data-widget_type=\"wd_text_block.default\">\n\t\t\t\t<div class=\"elementor-widget-container\">\n\t\t\t\t\t\t\t<div class=\"wd-text-block reset-last-child text-center\">\n\t\t\t\n\t\t\t<h2>Osved\u010denia<\/h2>\n\t\t\t\t\t<\/div>\n\t\t\t\t\t\t<\/div>\n\t\t\t\t<\/div>\n\t\t\t\t<div class=\"elementor-element elementor-element-25bbcaa wd-width-100 elementor-widget elementor-widget-wd_images_gallery\" data-id=\"25bbcaa\" data-element_type=\"widget\" data-e-type=\"widget\" data-widget_type=\"wd_images_gallery.default\">\n\t\t\t\t<div class=\"elementor-widget-container\">\n\t\t\t\t\t\t\t<div class=\"wd-images-gallery photoswipe-images\" style=\"--wd-align-items:center; --wd-justify-content:center;\">\n\t\t\t\t\t\t<div class=\"wd-grid-g\" style=\"--wd-col-lg:3;--wd-col-md:3;--wd-col-sm:1;--wd-gap-lg:20px;--wd-gap-sm:10px;\" >\n\t\t\t\t\t\t\t\t\t\t\t\t\t\t\t\t\t\t<div class=\"wd-gallery-item wd-col\">\n\t\t\t\t\t\t\t\t\t\t\t\t\t<a  href=\"https:\/\/www.sowosz.com\/wp-content\/uploads\/2024\/08\/KOT-2024.webp\" data-width=\"1488\" data-height=\"2105\" data-index=\"1\" data-elementor-open-lightbox=\"no\">\n\t\t\t\t\t\t\n\t\t\t\t\t\t<img fetchpriority=\"high\" decoding=\"async\" width=\"1488\" height=\"2105\" src=\"https:\/\/www.sowosz.com\/wp-content\/uploads\/2024\/08\/KOT-2024.webp\" class=\"attachment-full size-full\" alt=\"Krajowa ocena techniczna\" srcset=\"https:\/\/www.sowosz.com\/wp-content\/uploads\/2024\/08\/KOT-2024.webp 1488w, https:\/\/www.sowosz.com\/wp-content\/uploads\/2024\/08\/KOT-2024-212x300.webp 212w, https:\/\/www.sowosz.com\/wp-content\/uploads\/2024\/08\/KOT-2024-566x800.webp 566w, https:\/\/www.sowosz.com\/wp-content\/uploads\/2024\/08\/KOT-2024-768x1086.webp 768w, https:\/\/www.sowosz.com\/wp-content\/uploads\/2024\/08\/KOT-2024-1086x1536.webp 1086w, https:\/\/www.sowosz.com\/wp-content\/uploads\/2024\/08\/KOT-2024-1448x2048.webp 1448w, https:\/\/www.sowosz.com\/wp-content\/uploads\/2024\/08\/KOT-2024-860x1217.webp 860w, https:\/\/www.sowosz.com\/wp-content\/uploads\/2024\/08\/KOT-2024-430x608.webp 430w, https:\/\/www.sowosz.com\/wp-content\/uploads\/2024\/08\/KOT-2024-700x990.webp 700w, https:\/\/www.sowosz.com\/wp-content\/uploads\/2024\/08\/KOT-2024-150x212.webp 150w\" sizes=\"(max-width: 1488px) 100vw, 1488px\" \/>\n\t\t\t\t\t\t\t\t\t\t\t\t\t<\/a>\n\t\t\t\t\t\t\t\t\t\t\t<\/div>\n\t\t\t\t\t\t\t\t\t\t\t\t\t\t\t<div class=\"wd-gallery-item wd-col\">\n\t\t\t\t\t\t\t\t\t\t\t\t\t<a  href=\"https:\/\/www.sowosz.com\/wp-content\/uploads\/2024\/03\/PEFC-P1-scaled.webp\" data-width=\"1811\" data-height=\"2560\" data-index=\"2\" data-elementor-open-lightbox=\"no\">\n\t\t\t\t\t\t\n\t\t\t\t\t\t<img decoding=\"async\" width=\"1811\" height=\"2560\" src=\"https:\/\/www.sowosz.com\/wp-content\/uploads\/2024\/03\/PEFC-P1-scaled.webp\" class=\"attachment-full size-full\" alt=\"Certyfikat PEFC Sowosz\" srcset=\"https:\/\/www.sowosz.com\/wp-content\/uploads\/2024\/03\/PEFC-P1-scaled.webp 1811w, https:\/\/www.sowosz.com\/wp-content\/uploads\/2024\/03\/PEFC-P1-212x300.webp 212w, https:\/\/www.sowosz.com\/wp-content\/uploads\/2024\/03\/PEFC-P1-566x800.webp 566w, https:\/\/www.sowosz.com\/wp-content\/uploads\/2024\/03\/PEFC-P1-768x1086.webp 768w, https:\/\/www.sowosz.com\/wp-content\/uploads\/2024\/03\/PEFC-P1-1086x1536.webp 1086w, https:\/\/www.sowosz.com\/wp-content\/uploads\/2024\/03\/PEFC-P1-1448x2048.webp 1448w, https:\/\/www.sowosz.com\/wp-content\/uploads\/2024\/03\/PEFC-P1-860x1216.webp 860w, https:\/\/www.sowosz.com\/wp-content\/uploads\/2024\/03\/PEFC-P1-430x608.webp 430w, https:\/\/www.sowosz.com\/wp-content\/uploads\/2024\/03\/PEFC-P1-700x990.webp 700w, https:\/\/www.sowosz.com\/wp-content\/uploads\/2024\/03\/PEFC-P1-150x212.webp 150w\" sizes=\"(max-width: 1811px) 100vw, 1811px\" \/>\n\t\t\t\t\t\t\t\t\t\t\t\t\t<\/a>\n\t\t\t\t\t\t\t\t\t\t\t<\/div>\n\t\t\t\t\t\t\t\t\t\t\t\t\t\t\t<div class=\"wd-gallery-item wd-col\">\n\t\t\t\t\t\t\t\t\t\t\t\t\t<a  href=\"https:\/\/www.sowosz.com\/wp-content\/uploads\/2024\/03\/PEFC-label-tlo.webp\" data-width=\"1536\" data-height=\"876\" data-index=\"3\" data-elementor-open-lightbox=\"no\">\n\t\t\t\t\t\t\n\t\t\t\t\t\t<img decoding=\"async\" width=\"1536\" height=\"876\" src=\"https:\/\/www.sowosz.com\/wp-content\/uploads\/2024\/03\/PEFC-label-tlo.webp\" class=\"attachment-full size-full\" alt=\"Etykieta PEFC dla SOWOSZ\" srcset=\"https:\/\/www.sowosz.com\/wp-content\/uploads\/2024\/03\/PEFC-label-tlo.webp 1536w, https:\/\/www.sowosz.com\/wp-content\/uploads\/2024\/03\/PEFC-label-tlo-400x228.webp 400w, https:\/\/www.sowosz.com\/wp-content\/uploads\/2024\/03\/PEFC-label-tlo-1300x741.webp 1300w, https:\/\/www.sowosz.com\/wp-content\/uploads\/2024\/03\/PEFC-label-tlo-768x438.webp 768w, https:\/\/www.sowosz.com\/wp-content\/uploads\/2024\/03\/PEFC-label-tlo-860x490.webp 860w, https:\/\/www.sowosz.com\/wp-content\/uploads\/2024\/03\/PEFC-label-tlo-430x245.webp 430w, https:\/\/www.sowosz.com\/wp-content\/uploads\/2024\/03\/PEFC-label-tlo-700x399.webp 700w, https:\/\/www.sowosz.com\/wp-content\/uploads\/2024\/03\/PEFC-label-tlo-150x86.webp 150w\" sizes=\"(max-width: 1536px) 100vw, 1536px\" \/>\n\t\t\t\t\t\t\t\t\t\t\t\t\t<\/a>\n\t\t\t\t\t\t\t\t\t\t\t<\/div>\n\t\t\t\t\t\t\t\t\t\t\t\t\t<\/div>\n\t\t\t\t\t<\/div>\n\t\t\t\t\t\t<\/div>\n\t\t\t\t<\/div>\n\t\t\t\t\t<\/div>\n\t\t<\/div>\n\t\t\t\t\t<\/div>\n\t\t<\/section>\n\t\t\t\t<\/div>\n\t\t","protected":false},"excerpt":{"rendered":"<p>Vyhl\u00e1senia Vyhl\u00e1senie EAD Vyhl\u00e1senie EGD Vyhl\u00e1senie EMQD Vyhl\u00e1senie EQD Vyhl\u00e1senie EMQG Vyhl\u00e1senie EQG Osved\u010denia<\/p>\n","protected":false},"author":5,"featured_media":0,"parent":0,"menu_order":0,"comment_status":"closed","ping_status":"closed","template":"elementor_header_footer","meta":{"_acf_changed":false,"_themeisle_gutenberg_block_has_review":false,"footnotes":""},"class_list":["post-31193","page","type-page","status-publish","hentry"],"acf":[],"yoast_head":"<!-- This site is optimized with the Yoast SEO plugin v27.3 - https:\/\/yoast.com\/product\/yoast-seo-wordpress\/ -->\n<title>Vyhl\u00e1senia a osved\u010denia - Dreven\u00e9 schody SOWOSZ \u2013 priame a zabiehov\u00e9 schody od v\u00fdrobcu<\/title>\n<meta name=\"robots\" content=\"index, follow, max-snippet:-1, max-image-preview:large, max-video-preview:-1\" \/>\n<link rel=\"canonical\" href=\"https:\/\/www.sowosz.com\/sk\/vyhlasenia-a-osvedcenia\/\" \/>\n<meta property=\"og:locale\" content=\"sk_SK\" \/>\n<meta property=\"og:type\" content=\"article\" \/>\n<meta property=\"og:title\" content=\"Vyhl\u00e1senia a osved\u010denia - Dreven\u00e9 schody SOWOSZ \u2013 priame a zabiehov\u00e9 schody od v\u00fdrobcu\" \/>\n<meta property=\"og:description\" content=\"Vyhl\u00e1senia Vyhl\u00e1senie EAD Vyhl\u00e1senie EGD Vyhl\u00e1senie EMQD Vyhl\u00e1senie EQD Vyhl\u00e1senie EMQG Vyhl\u00e1senie EQG Osved\u010denia\" \/>\n<meta property=\"og:url\" content=\"https:\/\/www.sowosz.com\/sk\/vyhlasenia-a-osvedcenia\/\" \/>\n<meta property=\"og:site_name\" content=\"Dreven\u00e9 schody SOWOSZ \u2013 priame a zabiehov\u00e9 schody od v\u00fdrobcu\" \/>\n<meta property=\"article:publisher\" content=\"https:\/\/www.facebook.com\/Sowosz\/\" \/>\n<meta property=\"article:modified_time\" content=\"2026-02-09T14:05:25+00:00\" \/>\n<meta property=\"og:image\" content=\"https:\/\/www.sowosz.com\/wp-content\/uploads\/elementor\/thumbs\/icon-354359_640-qua06n0gzgrm2ai20u1s5lfdzjol0vp6mdvroyhdc0.png\" \/>\n<meta name=\"twitter:card\" content=\"summary_large_image\" \/>\n<meta name=\"twitter:label1\" content=\"Predpokladan\u00fd \u010das \u010d\u00edtania\" \/>\n\t<meta name=\"twitter:data1\" content=\"2 min\u00faty\" \/>\n<script type=\"application\/ld+json\" class=\"yoast-schema-graph\">{\"@context\":\"https:\\\/\\\/schema.org\",\"@graph\":[{\"@type\":\"WebPage\",\"@id\":\"https:\\\/\\\/www.sowosz.com\\\/sk\\\/vyhlasenia-a-osvedcenia\\\/\",\"url\":\"https:\\\/\\\/www.sowosz.com\\\/sk\\\/vyhlasenia-a-osvedcenia\\\/\",\"name\":\"Vyhl\u00e1senia a osved\u010denia - Dreven\u00e9 schody SOWOSZ \u2013 priame a zabiehov\u00e9 schody od v\u00fdrobcu\",\"isPartOf\":{\"@id\":\"https:\\\/\\\/www.sowosz.com\\\/sk\\\/#website\"},\"primaryImageOfPage\":{\"@id\":\"https:\\\/\\\/www.sowosz.com\\\/sk\\\/vyhlasenia-a-osvedcenia\\\/#primaryimage\"},\"image\":{\"@id\":\"https:\\\/\\\/www.sowosz.com\\\/sk\\\/vyhlasenia-a-osvedcenia\\\/#primaryimage\"},\"thumbnailUrl\":\"https:\\\/\\\/www.sowosz.com\\\/wp-content\\\/uploads\\\/elementor\\\/thumbs\\\/icon-354359_640-qua06n0gzgrm2ai20u1s5lfdzjol0vp6mdvroyhdc0.png\",\"datePublished\":\"2023-08-18T11:59:56+00:00\",\"dateModified\":\"2026-02-09T14:05:25+00:00\",\"breadcrumb\":{\"@id\":\"https:\\\/\\\/www.sowosz.com\\\/sk\\\/vyhlasenia-a-osvedcenia\\\/#breadcrumb\"},\"inLanguage\":\"sk-SK\",\"potentialAction\":[{\"@type\":\"ReadAction\",\"target\":[\"https:\\\/\\\/www.sowosz.com\\\/sk\\\/vyhlasenia-a-osvedcenia\\\/\"]}]},{\"@type\":\"ImageObject\",\"inLanguage\":\"sk-SK\",\"@id\":\"https:\\\/\\\/www.sowosz.com\\\/sk\\\/vyhlasenia-a-osvedcenia\\\/#primaryimage\",\"url\":\"https:\\\/\\\/www.sowosz.com\\\/wp-content\\\/uploads\\\/elementor\\\/thumbs\\\/icon-354359_640-qua06n0gzgrm2ai20u1s5lfdzjol0vp6mdvroyhdc0.png\",\"contentUrl\":\"https:\\\/\\\/www.sowosz.com\\\/wp-content\\\/uploads\\\/elementor\\\/thumbs\\\/icon-354359_640-qua06n0gzgrm2ai20u1s5lfdzjol0vp6mdvroyhdc0.png\"},{\"@type\":\"BreadcrumbList\",\"@id\":\"https:\\\/\\\/www.sowosz.com\\\/sk\\\/vyhlasenia-a-osvedcenia\\\/#breadcrumb\",\"itemListElement\":[{\"@type\":\"ListItem\",\"position\":1,\"name\":\"Strona g\u0142\u00f3wna\",\"item\":\"https:\\\/\\\/www.sowosz.com\\\/sk\\\/\"},{\"@type\":\"ListItem\",\"position\":2,\"name\":\"Vyhl\u00e1senia a osved\u010denia\"}]},{\"@type\":\"WebSite\",\"@id\":\"https:\\\/\\\/www.sowosz.com\\\/sk\\\/#website\",\"url\":\"https:\\\/\\\/www.sowosz.com\\\/sk\\\/\",\"name\":\"SOWOSZ wooden straight and winder stairs manufacturer\",\"description\":\"sowosz\",\"publisher\":{\"@id\":\"https:\\\/\\\/www.sowosz.com\\\/sk\\\/#organization\"},\"alternateName\":\"SOWOSZ wooden stairs\",\"potentialAction\":[{\"@type\":\"SearchAction\",\"target\":{\"@type\":\"EntryPoint\",\"urlTemplate\":\"https:\\\/\\\/www.sowosz.com\\\/sk\\\/?s={search_term_string}\"},\"query-input\":{\"@type\":\"PropertyValueSpecification\",\"valueRequired\":true,\"valueName\":\"search_term_string\"}}],\"inLanguage\":\"sk-SK\"},{\"@type\":\"Organization\",\"@id\":\"https:\\\/\\\/www.sowosz.com\\\/sk\\\/#organization\",\"name\":\"Dreven\u00e9 schody SOWOSZ \u2013 priame a zabiehov\u00e9 schody od v\u00fdrobcu\",\"alternateName\":\"Schody SOWOSZ\",\"url\":\"https:\\\/\\\/www.sowosz.com\\\/sk\\\/\",\"logo\":{\"@type\":\"ImageObject\",\"inLanguage\":\"sk-SK\",\"@id\":\"https:\\\/\\\/www.sowosz.com\\\/sk\\\/#\\\/schema\\\/logo\\\/image\\\/\",\"url\":\"https:\\\/\\\/www.sowosz.com\\\/wp-content\\\/uploads\\\/2023\\\/08\\\/sowosz_logo.webp\",\"contentUrl\":\"https:\\\/\\\/www.sowosz.com\\\/wp-content\\\/uploads\\\/2023\\\/08\\\/sowosz_logo.webp\",\"width\":800,\"height\":303,\"caption\":\"Dreven\u00e9 schody SOWOSZ \u2013 priame a zabiehov\u00e9 schody od v\u00fdrobcu\"},\"image\":{\"@id\":\"https:\\\/\\\/www.sowosz.com\\\/sk\\\/#\\\/schema\\\/logo\\\/image\\\/\"},\"sameAs\":[\"https:\\\/\\\/www.facebook.com\\\/Sowosz\\\/\",\"https:\\\/\\\/www.instagram.com\\\/sowosz\\\/\",\"https:\\\/\\\/pl.pinterest.com\\\/sowosz\\\/\"]}]}<\/script>\n<!-- \/ Yoast SEO plugin. -->","yoast_head_json":{"title":"Vyhl\u00e1senia a osved\u010denia - Dreven\u00e9 schody SOWOSZ \u2013 priame a zabiehov\u00e9 schody od v\u00fdrobcu","robots":{"index":"index","follow":"follow","max-snippet":"max-snippet:-1","max-image-preview":"max-image-preview:large","max-video-preview":"max-video-preview:-1"},"canonical":"https:\/\/www.sowosz.com\/sk\/vyhlasenia-a-osvedcenia\/","og_locale":"sk_SK","og_type":"article","og_title":"Vyhl\u00e1senia a osved\u010denia - Dreven\u00e9 schody SOWOSZ \u2013 priame a zabiehov\u00e9 schody od v\u00fdrobcu","og_description":"Vyhl\u00e1senia Vyhl\u00e1senie EAD Vyhl\u00e1senie EGD Vyhl\u00e1senie EMQD Vyhl\u00e1senie EQD Vyhl\u00e1senie EMQG Vyhl\u00e1senie EQG Osved\u010denia","og_url":"https:\/\/www.sowosz.com\/sk\/vyhlasenia-a-osvedcenia\/","og_site_name":"Dreven\u00e9 schody SOWOSZ \u2013 priame a zabiehov\u00e9 schody od v\u00fdrobcu","article_publisher":"https:\/\/www.facebook.com\/Sowosz\/","article_modified_time":"2026-02-09T14:05:25+00:00","og_image":[{"url":"https:\/\/www.sowosz.com\/wp-content\/uploads\/elementor\/thumbs\/icon-354359_640-qua06n0gzgrm2ai20u1s5lfdzjol0vp6mdvroyhdc0.png","type":"","width":"","height":""}],"twitter_card":"summary_large_image","twitter_misc":{"Predpokladan\u00fd \u010das \u010d\u00edtania":"2 min\u00faty"},"schema":{"@context":"https:\/\/schema.org","@graph":[{"@type":"WebPage","@id":"https:\/\/www.sowosz.com\/sk\/vyhlasenia-a-osvedcenia\/","url":"https:\/\/www.sowosz.com\/sk\/vyhlasenia-a-osvedcenia\/","name":"Vyhl\u00e1senia a osved\u010denia - Dreven\u00e9 schody SOWOSZ \u2013 priame a zabiehov\u00e9 schody od v\u00fdrobcu","isPartOf":{"@id":"https:\/\/www.sowosz.com\/sk\/#website"},"primaryImageOfPage":{"@id":"https:\/\/www.sowosz.com\/sk\/vyhlasenia-a-osvedcenia\/#primaryimage"},"image":{"@id":"https:\/\/www.sowosz.com\/sk\/vyhlasenia-a-osvedcenia\/#primaryimage"},"thumbnailUrl":"https:\/\/www.sowosz.com\/wp-content\/uploads\/elementor\/thumbs\/icon-354359_640-qua06n0gzgrm2ai20u1s5lfdzjol0vp6mdvroyhdc0.png","datePublished":"2023-08-18T11:59:56+00:00","dateModified":"2026-02-09T14:05:25+00:00","breadcrumb":{"@id":"https:\/\/www.sowosz.com\/sk\/vyhlasenia-a-osvedcenia\/#breadcrumb"},"inLanguage":"sk-SK","potentialAction":[{"@type":"ReadAction","target":["https:\/\/www.sowosz.com\/sk\/vyhlasenia-a-osvedcenia\/"]}]},{"@type":"ImageObject","inLanguage":"sk-SK","@id":"https:\/\/www.sowosz.com\/sk\/vyhlasenia-a-osvedcenia\/#primaryimage","url":"https:\/\/www.sowosz.com\/wp-content\/uploads\/elementor\/thumbs\/icon-354359_640-qua06n0gzgrm2ai20u1s5lfdzjol0vp6mdvroyhdc0.png","contentUrl":"https:\/\/www.sowosz.com\/wp-content\/uploads\/elementor\/thumbs\/icon-354359_640-qua06n0gzgrm2ai20u1s5lfdzjol0vp6mdvroyhdc0.png"},{"@type":"BreadcrumbList","@id":"https:\/\/www.sowosz.com\/sk\/vyhlasenia-a-osvedcenia\/#breadcrumb","itemListElement":[{"@type":"ListItem","position":1,"name":"Strona g\u0142\u00f3wna","item":"https:\/\/www.sowosz.com\/sk\/"},{"@type":"ListItem","position":2,"name":"Vyhl\u00e1senia a osved\u010denia"}]},{"@type":"WebSite","@id":"https:\/\/www.sowosz.com\/sk\/#website","url":"https:\/\/www.sowosz.com\/sk\/","name":"SOWOSZ wooden straight and winder stairs manufacturer","description":"sowosz","publisher":{"@id":"https:\/\/www.sowosz.com\/sk\/#organization"},"alternateName":"SOWOSZ wooden stairs","potentialAction":[{"@type":"SearchAction","target":{"@type":"EntryPoint","urlTemplate":"https:\/\/www.sowosz.com\/sk\/?s={search_term_string}"},"query-input":{"@type":"PropertyValueSpecification","valueRequired":true,"valueName":"search_term_string"}}],"inLanguage":"sk-SK"},{"@type":"Organization","@id":"https:\/\/www.sowosz.com\/sk\/#organization","name":"Dreven\u00e9 schody SOWOSZ \u2013 priame a zabiehov\u00e9 schody od v\u00fdrobcu","alternateName":"Schody SOWOSZ","url":"https:\/\/www.sowosz.com\/sk\/","logo":{"@type":"ImageObject","inLanguage":"sk-SK","@id":"https:\/\/www.sowosz.com\/sk\/#\/schema\/logo\/image\/","url":"https:\/\/www.sowosz.com\/wp-content\/uploads\/2023\/08\/sowosz_logo.webp","contentUrl":"https:\/\/www.sowosz.com\/wp-content\/uploads\/2023\/08\/sowosz_logo.webp","width":800,"height":303,"caption":"Dreven\u00e9 schody SOWOSZ \u2013 priame a zabiehov\u00e9 schody od v\u00fdrobcu"},"image":{"@id":"https:\/\/www.sowosz.com\/sk\/#\/schema\/logo\/image\/"},"sameAs":["https:\/\/www.facebook.com\/Sowosz\/","https:\/\/www.instagram.com\/sowosz\/","https:\/\/pl.pinterest.com\/sowosz\/"]}]}},"_links":{"self":[{"href":"https:\/\/www.sowosz.com\/sk\/wp-json\/wp\/v2\/pages\/31193","targetHints":{"allow":["GET"]}}],"collection":[{"href":"https:\/\/www.sowosz.com\/sk\/wp-json\/wp\/v2\/pages"}],"about":[{"href":"https:\/\/www.sowosz.com\/sk\/wp-json\/wp\/v2\/types\/page"}],"author":[{"embeddable":true,"href":"https:\/\/www.sowosz.com\/sk\/wp-json\/wp\/v2\/users\/5"}],"replies":[{"embeddable":true,"href":"https:\/\/www.sowosz.com\/sk\/wp-json\/wp\/v2\/comments?post=31193"}],"version-history":[{"count":4,"href":"https:\/\/www.sowosz.com\/sk\/wp-json\/wp\/v2\/pages\/31193\/revisions"}],"predecessor-version":[{"id":31252,"href":"https:\/\/www.sowosz.com\/sk\/wp-json\/wp\/v2\/pages\/31193\/revisions\/31252"}],"wp:attachment":[{"href":"https:\/\/www.sowosz.com\/sk\/wp-json\/wp\/v2\/media?parent=31193"}],"curies":[{"name":"wp","href":"https:\/\/api.w.org\/{rel}","templated":true}]}}