{"id":31101,"date":"2023-04-12T10:02:11","date_gmt":"2023-04-12T08:02:11","guid":{"rendered":"https:\/\/www.sowosz.com\/sawmill\/"},"modified":"2026-02-09T15:05:45","modified_gmt":"2026-02-09T14:05:45","slug":"pila","status":"publish","type":"page","link":"https:\/\/www.sowosz.com\/sk\/pila\/","title":{"rendered":"P\u00edla"},"content":{"rendered":"\t\t<div data-elementor-type=\"wp-page\" data-elementor-id=\"31101\" class=\"elementor elementor-31101 elementor-15455\" data-elementor-post-type=\"page\">\n\t\t\t\t\t\t<section class=\"wd-negative-gap elementor-section elementor-top-section elementor-element elementor-element-900eb68 elementor-section-boxed elementor-section-height-default elementor-section-height-default\" data-id=\"900eb68\" data-element_type=\"section\" data-e-type=\"section\">\n\t\t\t\t\t\t<div class=\"elementor-container elementor-column-gap-default\">\n\t\t\t\t\t<div class=\"elementor-column elementor-col-66 elementor-top-column elementor-element elementor-element-5c64494\" data-id=\"5c64494\" data-element_type=\"column\" data-e-type=\"column\">\n\t\t\t<div class=\"elementor-widget-wrap elementor-element-populated\">\n\t\t\t\t\t\t<div class=\"elementor-element elementor-element-657b7e2 color-scheme-inherit text-left elementor-widget elementor-widget-text-editor\" data-id=\"657b7e2\" data-element_type=\"widget\" data-e-type=\"widget\" data-widget_type=\"text-editor.default\">\n\t\t\t\t<div class=\"elementor-widget-container\">\n\t\t\t\t\t\t\t\t\t<h2><strong>P\u00edla SOWOSZ \u2013 sk\u00fasenosti a kvalita pri spracovan\u00ed dreva<\/strong><\/h2>\t\t\t\t\t\t\t\t<\/div>\n\t\t\t\t<\/div>\n\t\t\t\t<div class=\"elementor-element elementor-element-2df173f color-scheme-inherit text-left elementor-widget elementor-widget-text-editor\" data-id=\"2df173f\" data-element_type=\"widget\" data-e-type=\"widget\" data-widget_type=\"text-editor.default\">\n\t\t\t\t<div class=\"elementor-widget-container\">\n\t\t\t\t\t\t\t\t\t<h4 data-start=\"254\" data-end=\"294\">Spolo\u010dnos\u0165 SOWOSZ je po\u013esk\u00fd v\u00fdrobca schodov a reziva so s\u00eddlom v obci Jankowice na juhu Po\u013eska. U\u017e mnoho rokov sa \u0161pecializujeme na komplexn\u00e9 spracovanie <strong data-start=\"367\" data-end=\"387\">smrekov\u00e9ho dreva<\/strong>, ktor\u00e9 poch\u00e1dza od overen\u00fdch dod\u00e1vate\u013eov z n\u00e1\u0161ho regi\u00f3nu.<\/h4>\t\t\t\t\t\t\t\t<\/div>\n\t\t\t\t<\/div>\n\t\t\t\t\t<\/div>\n\t\t<\/div>\n\t\t\t\t<div class=\"elementor-column elementor-col-33 elementor-top-column elementor-element elementor-element-946d036\" data-id=\"946d036\" data-element_type=\"column\" data-e-type=\"column\">\n\t\t\t<div class=\"elementor-widget-wrap elementor-element-populated\">\n\t\t\t\t\t\t<div class=\"elementor-element elementor-element-88eb1c5 wd-width-100 elementor-widget elementor-widget-wd_images_gallery\" data-id=\"88eb1c5\" data-element_type=\"widget\" data-e-type=\"widget\" data-widget_type=\"wd_images_gallery.default\">\n\t\t\t\t<div class=\"elementor-widget-container\">\n\t\t\t\t\t\t\t<div class=\"wd-images-gallery photoswipe-images wd-carousel-container wd-carousel-dis-mb wd-off-md wd-off-sm\" style=\"--wd-align-items:center; --wd-justify-content:center;\">\n\t\t\t\t\t\t\t<div class=\"wd-carousel-inner\">\n\t\t\t\t\t\t<div class=\"wd-carousel wd-grid\" data-speed=\"3000\" data-wrap=\"yes\" data-autoplay=\"yes\" data-scroll_per_page=\"yes\" style=\"--wd-col-lg:1;--wd-col-md:1;--wd-col-sm:1;--wd-gap-lg:10px;\">\n\t\t\t\t\t\t\t\t\t<div class=\"wd-carousel-wrap\">\n\t\t\t\t\t\t\t\t\t\t\t\t\t\t\t\t\t\t<div class=\"wd-gallery-item wd-carousel-item\">\n\t\t\t\t\t\t\t\t\t\t\t\t\t<a  href=\"https:\/\/www.sowosz.com\/wp-content\/uploads\/2023\/08\/deski.webp\" data-width=\"800\" data-height=\"600\" data-index=\"1\" data-elementor-open-lightbox=\"no\">\n\t\t\t\t\t\t\n\t\t\t\t\t\t<img fetchpriority=\"high\" decoding=\"async\" width=\"800\" height=\"600\" src=\"https:\/\/www.sowosz.com\/wp-content\/uploads\/2023\/08\/deski.webp\" class=\"attachment-full size-full\" alt=\"Tartak Deski tarcica SOWOSZ\" srcset=\"https:\/\/www.sowosz.com\/wp-content\/uploads\/2023\/08\/deski.webp 800w, https:\/\/www.sowosz.com\/wp-content\/uploads\/2023\/08\/deski-400x300.webp 400w, https:\/\/www.sowosz.com\/wp-content\/uploads\/2023\/08\/deski-768x576.webp 768w, https:\/\/www.sowosz.com\/wp-content\/uploads\/2023\/08\/deski-430x323.webp 430w, https:\/\/www.sowosz.com\/wp-content\/uploads\/2023\/08\/deski-700x525.webp 700w, https:\/\/www.sowosz.com\/wp-content\/uploads\/2023\/08\/deski-150x113.webp 150w\" sizes=\"(max-width: 800px) 100vw, 800px\" \/>\n\t\t\t\t\t\t\t\t\t\t\t\t\t<\/a>\n\t\t\t\t\t\t\t\t\t\t\t<\/div>\n\t\t\t\t\t\t\t\t\t\t\t\t\t\t\t<div class=\"wd-gallery-item wd-carousel-item\">\n\t\t\t\t\t\t\t\t\t\t\t\t\t<a  href=\"https:\/\/www.sowosz.com\/wp-content\/uploads\/2023\/08\/kloda_2.webp\" data-width=\"800\" data-height=\"600\" data-index=\"2\" data-elementor-open-lightbox=\"no\">\n\t\t\t\t\t\t\n\t\t\t\t\t\t<img decoding=\"async\" width=\"800\" height=\"600\" src=\"https:\/\/www.sowosz.com\/wp-content\/uploads\/2023\/08\/kloda_2.webp\" class=\"attachment-full size-full\" alt=\"Tartak K\u0142oda, zator, sowosz\" srcset=\"https:\/\/www.sowosz.com\/wp-content\/uploads\/2023\/08\/kloda_2.webp 800w, https:\/\/www.sowosz.com\/wp-content\/uploads\/2023\/08\/kloda_2-400x300.webp 400w, https:\/\/www.sowosz.com\/wp-content\/uploads\/2023\/08\/kloda_2-768x576.webp 768w, https:\/\/www.sowosz.com\/wp-content\/uploads\/2023\/08\/kloda_2-430x323.webp 430w, https:\/\/www.sowosz.com\/wp-content\/uploads\/2023\/08\/kloda_2-700x525.webp 700w, https:\/\/www.sowosz.com\/wp-content\/uploads\/2023\/08\/kloda_2-150x113.webp 150w\" sizes=\"(max-width: 800px) 100vw, 800px\" \/>\n\t\t\t\t\t\t\t\t\t\t\t\t\t<\/a>\n\t\t\t\t\t\t\t\t\t\t\t<\/div>\n\t\t\t\t\t\t\t\t\t\t\t\t\t\t\t<div class=\"wd-gallery-item wd-carousel-item\">\n\t\t\t\t\t\t\t\t\t\t\t\t\t<a  href=\"https:\/\/www.sowosz.com\/wp-content\/uploads\/2023\/08\/kloda_1.webp\" data-width=\"800\" data-height=\"600\" data-index=\"3\" data-elementor-open-lightbox=\"no\">\n\t\t\t\t\t\t\n\t\t\t\t\t\t<img decoding=\"async\" width=\"800\" height=\"600\" src=\"https:\/\/www.sowosz.com\/wp-content\/uploads\/2023\/08\/kloda_1.webp\" class=\"attachment-full size-full\" alt=\"K\u0142oda, tartak chrzan\u00f3w, sowosz\" srcset=\"https:\/\/www.sowosz.com\/wp-content\/uploads\/2023\/08\/kloda_1.webp 800w, https:\/\/www.sowosz.com\/wp-content\/uploads\/2023\/08\/kloda_1-400x300.webp 400w, https:\/\/www.sowosz.com\/wp-content\/uploads\/2023\/08\/kloda_1-768x576.webp 768w, https:\/\/www.sowosz.com\/wp-content\/uploads\/2023\/08\/kloda_1-430x323.webp 430w, https:\/\/www.sowosz.com\/wp-content\/uploads\/2023\/08\/kloda_1-700x525.webp 700w, https:\/\/www.sowosz.com\/wp-content\/uploads\/2023\/08\/kloda_1-150x113.webp 150w\" sizes=\"(max-width: 800px) 100vw, 800px\" \/>\n\t\t\t\t\t\t\t\t\t\t\t\t\t<\/a>\n\t\t\t\t\t\t\t\t\t\t\t<\/div>\n\t\t\t\t\t\t\t\t\t\t\t\t\t\t\t\t<\/div>\n\t\t\t\t\t\t\t\t<\/div>\n\t\t\t\t\t\t\t\t\t\t\t\t\t\t<div class=\"wd-nav-arrows wd-pos-sep wd-hover-1 wd-icon-1\">\n\t\t\t<div class=\"wd-btn-arrow wd-prev wd-disabled\">\n\t\t\t\t<div class=\"wd-arrow-inner\"><\/div>\n\t\t\t<\/div>\n\t\t\t<div class=\"wd-btn-arrow wd-next\">\n\t\t\t\t<div class=\"wd-arrow-inner\"><\/div>\n\t\t\t<\/div>\n\t\t<\/div>\n\t\t\t\t\t\t\n\t\t\t\t<\/div>\n\n\t\t\t\t\t\t\t\t\t\t\t\t\t<\/div>\n\t\t\t\t\t\t<\/div>\n\t\t\t\t<\/div>\n\t\t\t\t\t<\/div>\n\t\t<\/div>\n\t\t\t\t\t<\/div>\n\t\t<\/section>\n\t\t\t\t<section class=\"wd-negative-gap elementor-section elementor-top-section elementor-element elementor-element-70dadf1 elementor-section-boxed elementor-section-height-default elementor-section-height-default\" data-id=\"70dadf1\" data-element_type=\"section\" data-e-type=\"section\">\n\t\t\t\t\t\t<div class=\"elementor-container elementor-column-gap-default\">\n\t\t\t\t\t<div class=\"elementor-column elementor-col-66 elementor-top-column elementor-element elementor-element-ee05eb5\" data-id=\"ee05eb5\" data-element_type=\"column\" data-e-type=\"column\">\n\t\t\t<div class=\"elementor-widget-wrap elementor-element-populated\">\n\t\t\t\t\t\t<div data-dce-text-color=\"default\" class=\"elementor-element elementor-element-d6f3a57 elementor-widget elementor-widget-wd_text_block\" data-id=\"d6f3a57\" data-element_type=\"widget\" data-e-type=\"widget\" data-widget_type=\"wd_text_block.default\">\n\t\t\t\t<div class=\"elementor-widget-container\">\n\t\t\t\t\t\t\t<div class=\"wd-text-block reset-last-child text-left\">\n\t\t\t\n\t\t\t<h3 data-start=\"401\" data-end=\"432\">V na\u0161ej p\u00edle vyr\u00e1bame okrem in\u00e9ho:<\/h3><ul><li data-start=\"433\" data-end=\"449\"><p data-start=\"435\" data-end=\"449\">stre\u0161n\u00e9 krovy,<\/p><\/li><li data-start=\"450\" data-end=\"473\"><p data-start=\"452\" data-end=\"473\">kon\u0161truk\u010dn\u00e9 rezivo<\/p><\/li><li data-start=\"474\" data-end=\"493\"><p data-start=\"476\" data-end=\"493\">hranoly<\/p><\/li><li data-start=\"494\" data-end=\"525\"><p data-start=\"496\" data-end=\"525\">debniace dosky<\/p><\/li><li data-start=\"526\" data-end=\"544\"><p data-start=\"528\" data-end=\"544\">laty a kontralaty<\/p><\/li><li data-start=\"545\" data-end=\"562\"><p data-start=\"547\" data-end=\"562\">palivov\u00e9 drevo<\/p><\/li><\/ul><p data-start=\"600\" data-end=\"814\">Drevo je spracov\u00e1van\u00e9 s d\u00f4razom na presnos\u0165 a pod\u013ea po\u017eiadaviek z\u00e1kazn\u00edka pon\u00fakame aj <strong data-start=\"686\" data-end=\"709\">impregn\u00e1ciu ponorom<\/strong>. V\u010faka tomu vieme doda\u0165 materi\u00e1l, ktor\u00fd sp\u013a\u0148a o\u010dak\u00e1vania stavebn\u00fdch firiem aj individu\u00e1lnych z\u00e1kazn\u00edkov.<\/p><p data-start=\"816\" data-end=\"953\">Na\u0161e technick\u00e9 z\u00e1zemie a sk\u00fasenosti n\u00e1m umo\u017e\u0148uj\u00fa poskytova\u0165 <strong data-start=\"876\" data-end=\"894\">vysok\u00fa kvalitu<\/strong>, dodr\u017eiava\u0165 term\u00edny a flexibilne reagova\u0165 na potreby trhu.<\/p>\n\t\t\t\t\t<\/div>\n\t\t\t\t\t\t<\/div>\n\t\t\t\t<\/div>\n\t\t\t\t\t<\/div>\n\t\t<\/div>\n\t\t\t\t<div class=\"elementor-column elementor-col-33 elementor-top-column elementor-element elementor-element-ecdf163\" data-id=\"ecdf163\" data-element_type=\"column\" data-e-type=\"column\">\n\t\t\t<div class=\"elementor-widget-wrap elementor-element-populated\">\n\t\t\t\t\t\t<div class=\"elementor-element elementor-element-f99cb09 elementor-widget elementor-widget-wd_image_or_svg\" data-id=\"f99cb09\" data-element_type=\"widget\" data-e-type=\"widget\" data-widget_type=\"wd_image_or_svg.default\">\n\t\t\t\t<div class=\"elementor-widget-container\">\n\t\t\t\t\t\n\t\t<div class=\"wd-image text-left\">\n\t\t\t\t\t\t\t\t<img loading=\"lazy\" decoding=\"async\" width=\"450\" height=\"600\" src=\"https:\/\/www.sowosz.com\/wp-content\/uploads\/2023\/08\/kantowki.webp\" class=\"attachment-full size-full\" alt=\"Kant\u00f3wki, krokwie, wi\u0119\u017aba dachowa, drewno, tartak Zator, Chrzan\u00f3w, Giera\u0142towice, Andrych\u00f3w, Wadowice, O\u015bwi\u0119cim SOWOSZ\" srcset=\"https:\/\/www.sowosz.com\/wp-content\/uploads\/2023\/08\/kantowki.webp 450w, https:\/\/www.sowosz.com\/wp-content\/uploads\/2023\/08\/kantowki-225x300.webp 225w, https:\/\/www.sowosz.com\/wp-content\/uploads\/2023\/08\/kantowki-430x573.webp 430w, https:\/\/www.sowosz.com\/wp-content\/uploads\/2023\/08\/kantowki-150x200.webp 150w\" sizes=\"(max-width: 450px) 100vw, 450px\" \/>\t\t\t\t\t<\/div>\n\n\t\t\t\t\t\t<\/div>\n\t\t\t\t<\/div>\n\t\t\t\t\t<\/div>\n\t\t<\/div>\n\t\t\t\t\t<\/div>\n\t\t<\/section>\n\t\t\t\t<section class=\"wd-negative-gap elementor-section elementor-top-section elementor-element elementor-element-e53cbe0 elementor-section-boxed elementor-section-height-default elementor-section-height-default\" data-id=\"e53cbe0\" data-element_type=\"section\" data-e-type=\"section\">\n\t\t\t\t\t\t<div class=\"elementor-container elementor-column-gap-default\">\n\t\t\t\t\t<div class=\"elementor-column elementor-col-66 elementor-top-column elementor-element elementor-element-73c18b4\" data-id=\"73c18b4\" data-element_type=\"column\" data-e-type=\"column\">\n\t\t\t<div class=\"elementor-widget-wrap elementor-element-populated\">\n\t\t\t\t\t\t<div data-dce-text-color=\"default\" class=\"elementor-element elementor-element-1feec30 elementor-widget elementor-widget-wd_text_block\" data-id=\"1feec30\" data-element_type=\"widget\" data-e-type=\"widget\" data-widget_type=\"wd_text_block.default\">\n\t\t\t\t<div class=\"elementor-widget-container\">\n\t\t\t\t\t\t\t<div class=\"wd-text-block reset-last-child text-left\">\n\t\t\t\n\t\t\t<h3 data-start=\"401\" data-end=\"432\">D\u00f4vera budovan\u00e1 rokmi<\/h3><p>Od za\u010diatku na\u0161ej \u010dinnosti staviame na spo\u013eahlivos\u0165, poctivos\u0165 a profesionalitu.<br data-start=\"883\" data-end=\"886\" \/>Na\u0161e rezivo dod\u00e1vame z\u00e1kazn\u00edkom <strong data-start=\"918\" data-end=\"944\">v r\u00e1mci ju\u017en\u00e9ho Po\u013eska<\/strong>, zatia\u013e \u010do <strong data-start=\"956\" data-end=\"988\">dreven\u00e9 schody zna\u010dky SOWOSZ<\/strong> dod\u00e1vame klientom <strong data-start=\"1007\" data-end=\"1045\">na celom \u00fazem\u00ed Po\u013eska aj Slovenska<\/strong>.<\/p>\n\t\t\t\t\t<\/div>\n\t\t\t\t\t\t<\/div>\n\t\t\t\t<\/div>\n\t\t\t\t\t<\/div>\n\t\t<\/div>\n\t\t\t\t<div class=\"elementor-column elementor-col-33 elementor-top-column elementor-element elementor-element-5db0ea1\" data-id=\"5db0ea1\" data-element_type=\"column\" data-e-type=\"column\">\n\t\t\t<div class=\"elementor-widget-wrap elementor-element-populated\">\n\t\t\t\t\t\t<div class=\"elementor-element elementor-element-6db91c4 dce_masking-none elementor-widget elementor-widget-image\" data-id=\"6db91c4\" data-element_type=\"widget\" data-e-type=\"widget\" data-widget_type=\"image.default\">\n\t\t\t\t<div class=\"elementor-widget-container\">\n\t\t\t\t\t\t\t\t\t\t\t\t<figure class=\"wp-caption\">\n\t\t\t\t\t\t\t\t\t\t\t<a href=\"https:\/\/sowosz.pl\/wp-content\/uploads\/2023\/10\/mapimage.webp\" data-elementor-open-lightbox=\"yes\" data-elementor-lightbox-title=\"Mapa - obszar dzia\u0142ania\" data-e-action-hash=\"#elementor-action%3Aaction%3Dlightbox%26settings%3DeyJpZCI6MzAzMjYsInVybCI6Imh0dHBzOlwvXC93d3cuc293b3N6LmNvbVwvd3AtY29udGVudFwvdXBsb2Fkc1wvMjAyM1wvMTBcL21hcGltYWdlLndlYnAifQ%3D%3D\">\n\t\t\t\t\t\t\t<img loading=\"lazy\" decoding=\"async\" width=\"837\" height=\"800\" src=\"https:\/\/www.sowosz.com\/wp-content\/uploads\/2023\/10\/mapimage-837x800.webp\" class=\"attachment-large size-large wp-image-30326\" alt=\"Mapa obszaru dzia\u0142ania SOWOSZ TARTAK\" srcset=\"https:\/\/www.sowosz.com\/wp-content\/uploads\/2023\/10\/mapimage-837x800.webp 837w, https:\/\/www.sowosz.com\/wp-content\/uploads\/2023\/10\/mapimage-314x300.webp 314w, https:\/\/www.sowosz.com\/wp-content\/uploads\/2023\/10\/mapimage-768x734.webp 768w, https:\/\/www.sowosz.com\/wp-content\/uploads\/2023\/10\/mapimage-1536x1468.webp 1536w, https:\/\/www.sowosz.com\/wp-content\/uploads\/2023\/10\/mapimage-860x822.webp 860w, https:\/\/www.sowosz.com\/wp-content\/uploads\/2023\/10\/mapimage-430x411.webp 430w, https:\/\/www.sowosz.com\/wp-content\/uploads\/2023\/10\/mapimage-700x669.webp 700w, https:\/\/www.sowosz.com\/wp-content\/uploads\/2023\/10\/mapimage-150x143.webp 150w, https:\/\/www.sowosz.com\/wp-content\/uploads\/2023\/10\/mapimage.webp 2000w\" sizes=\"(max-width: 837px) 100vw, 837px\" \/>\t\t\t\t\t\t\t\t<\/a>\n\t\t\t\t\t\t\t\t\t\t\t<figcaption class=\"widget-image-caption wp-caption-text\">Tartak- Kliknij aby powi\u0119kszy\u0107<\/figcaption>\n\t\t\t\t\t\t\t\t\t\t<\/figure>\n\t\t\t\t\t\t\t\t\t<\/div>\n\t\t\t\t<\/div>\n\t\t\t\t\t<\/div>\n\t\t<\/div>\n\t\t\t\t\t<\/div>\n\t\t<\/section>\n\t\t\t\t<\/div>\n\t\t","protected":false},"excerpt":{"rendered":"<p>P\u00edla SOWOSZ \u2013 sk\u00fasenosti a kvalita pri spracovan\u00ed dreva Spolo\u010dnos\u0165 SOWOSZ je po\u013esk\u00fd v\u00fdrobca schodov a reziva so s\u00eddlom v<\/p>\n","protected":false},"author":4,"featured_media":0,"parent":0,"menu_order":0,"comment_status":"closed","ping_status":"closed","template":"","meta":{"_acf_changed":false,"_themeisle_gutenberg_block_has_review":false,"footnotes":""},"class_list":["post-31101","page","type-page","status-publish","hentry"],"acf":[],"yoast_head":"<!-- This site is optimized with the Yoast SEO plugin v27.3 - https:\/\/yoast.com\/product\/yoast-seo-wordpress\/ -->\n<title>Tartak SOWOSZ Jankowice - wi\u0119\u017aba dachowa, kant\u00f3wki, \u0142aty, opa\u0142<\/title>\n<meta name=\"description\" content=\"Tartak SOWOSZ - w naszej ofercie znajdziesz wi\u0119\u017ab\u0119 dachow\u0105, deski szalunkowe, \u0142aty i kontr\u0142aty, kant\u00f3wki. Oferujemy transport. Zapytaj o cen\u0119\" \/>\n<meta name=\"robots\" content=\"index, follow, max-snippet:-1, max-image-preview:large, max-video-preview:-1\" \/>\n<link rel=\"canonical\" href=\"https:\/\/www.sowosz.com\/sk\/pila\/\" \/>\n<meta property=\"og:locale\" content=\"sk_SK\" \/>\n<meta property=\"og:type\" content=\"article\" \/>\n<meta property=\"og:title\" content=\"Tartak SOWOSZ Jankowice - wi\u0119\u017aba dachowa, kant\u00f3wki, \u0142aty, opa\u0142\" \/>\n<meta property=\"og:description\" content=\"Tartak SOWOSZ - w naszej ofercie znajdziesz wi\u0119\u017ab\u0119 dachow\u0105, deski szalunkowe, \u0142aty i kontr\u0142aty, kant\u00f3wki. Oferujemy transport. Zapytaj o cen\u0119\" \/>\n<meta property=\"og:url\" content=\"https:\/\/www.sowosz.com\/sk\/pila\/\" \/>\n<meta property=\"og:site_name\" content=\"Dreven\u00e9 schody SOWOSZ \u2013 priame a zabiehov\u00e9 schody od v\u00fdrobcu\" \/>\n<meta property=\"article:publisher\" content=\"https:\/\/www.facebook.com\/Sowosz\/\" \/>\n<meta property=\"article:modified_time\" content=\"2026-02-09T14:05:45+00:00\" \/>\n<meta property=\"og:image\" content=\"https:\/\/www.sowosz.com\/wp-content\/uploads\/2023\/08\/deski.webp\" \/>\n<meta name=\"twitter:card\" content=\"summary_large_image\" \/>\n<meta name=\"twitter:label1\" content=\"Predpokladan\u00fd \u010das \u010d\u00edtania\" \/>\n\t<meta name=\"twitter:data1\" content=\"2 min\u00faty\" \/>\n<script type=\"application\/ld+json\" class=\"yoast-schema-graph\">{\"@context\":\"https:\\\/\\\/schema.org\",\"@graph\":[{\"@type\":\"WebPage\",\"@id\":\"https:\\\/\\\/www.sowosz.com\\\/sk\\\/pila\\\/\",\"url\":\"https:\\\/\\\/www.sowosz.com\\\/sk\\\/pila\\\/\",\"name\":\"Tartak SOWOSZ Jankowice - wi\u0119\u017aba dachowa, kant\u00f3wki, \u0142aty, opa\u0142\",\"isPartOf\":{\"@id\":\"https:\\\/\\\/www.sowosz.com\\\/sk\\\/#website\"},\"primaryImageOfPage\":{\"@id\":\"https:\\\/\\\/www.sowosz.com\\\/sk\\\/pila\\\/#primaryimage\"},\"image\":{\"@id\":\"https:\\\/\\\/www.sowosz.com\\\/sk\\\/pila\\\/#primaryimage\"},\"thumbnailUrl\":\"https:\\\/\\\/www.sowosz.com\\\/wp-content\\\/uploads\\\/2023\\\/08\\\/deski.webp\",\"datePublished\":\"2023-04-12T08:02:11+00:00\",\"dateModified\":\"2026-02-09T14:05:45+00:00\",\"description\":\"Tartak SOWOSZ - w naszej ofercie znajdziesz wi\u0119\u017ab\u0119 dachow\u0105, deski szalunkowe, \u0142aty i kontr\u0142aty, kant\u00f3wki. Oferujemy transport. Zapytaj o cen\u0119\",\"breadcrumb\":{\"@id\":\"https:\\\/\\\/www.sowosz.com\\\/sk\\\/pila\\\/#breadcrumb\"},\"inLanguage\":\"sk-SK\",\"potentialAction\":[{\"@type\":\"ReadAction\",\"target\":[\"https:\\\/\\\/www.sowosz.com\\\/sk\\\/pila\\\/\"]}]},{\"@type\":\"ImageObject\",\"inLanguage\":\"sk-SK\",\"@id\":\"https:\\\/\\\/www.sowosz.com\\\/sk\\\/pila\\\/#primaryimage\",\"url\":\"https:\\\/\\\/www.sowosz.com\\\/wp-content\\\/uploads\\\/2023\\\/08\\\/deski.webp\",\"contentUrl\":\"https:\\\/\\\/www.sowosz.com\\\/wp-content\\\/uploads\\\/2023\\\/08\\\/deski.webp\"},{\"@type\":\"BreadcrumbList\",\"@id\":\"https:\\\/\\\/www.sowosz.com\\\/sk\\\/pila\\\/#breadcrumb\",\"itemListElement\":[{\"@type\":\"ListItem\",\"position\":1,\"name\":\"Strona g\u0142\u00f3wna\",\"item\":\"https:\\\/\\\/www.sowosz.com\\\/sk\\\/\"},{\"@type\":\"ListItem\",\"position\":2,\"name\":\"P\u00edla\"}]},{\"@type\":\"WebSite\",\"@id\":\"https:\\\/\\\/www.sowosz.com\\\/sk\\\/#website\",\"url\":\"https:\\\/\\\/www.sowosz.com\\\/sk\\\/\",\"name\":\"SOWOSZ wooden straight and winder stairs manufacturer\",\"description\":\"sowosz\",\"publisher\":{\"@id\":\"https:\\\/\\\/www.sowosz.com\\\/sk\\\/#organization\"},\"alternateName\":\"SOWOSZ wooden stairs\",\"potentialAction\":[{\"@type\":\"SearchAction\",\"target\":{\"@type\":\"EntryPoint\",\"urlTemplate\":\"https:\\\/\\\/www.sowosz.com\\\/sk\\\/?s={search_term_string}\"},\"query-input\":{\"@type\":\"PropertyValueSpecification\",\"valueRequired\":true,\"valueName\":\"search_term_string\"}}],\"inLanguage\":\"sk-SK\"},{\"@type\":\"Organization\",\"@id\":\"https:\\\/\\\/www.sowosz.com\\\/sk\\\/#organization\",\"name\":\"Dreven\u00e9 schody SOWOSZ \u2013 priame a zabiehov\u00e9 schody od v\u00fdrobcu\",\"alternateName\":\"Schody SOWOSZ\",\"url\":\"https:\\\/\\\/www.sowosz.com\\\/sk\\\/\",\"logo\":{\"@type\":\"ImageObject\",\"inLanguage\":\"sk-SK\",\"@id\":\"https:\\\/\\\/www.sowosz.com\\\/sk\\\/#\\\/schema\\\/logo\\\/image\\\/\",\"url\":\"https:\\\/\\\/www.sowosz.com\\\/wp-content\\\/uploads\\\/2023\\\/08\\\/sowosz_logo.webp\",\"contentUrl\":\"https:\\\/\\\/www.sowosz.com\\\/wp-content\\\/uploads\\\/2023\\\/08\\\/sowosz_logo.webp\",\"width\":800,\"height\":303,\"caption\":\"Dreven\u00e9 schody SOWOSZ \u2013 priame a zabiehov\u00e9 schody od v\u00fdrobcu\"},\"image\":{\"@id\":\"https:\\\/\\\/www.sowosz.com\\\/sk\\\/#\\\/schema\\\/logo\\\/image\\\/\"},\"sameAs\":[\"https:\\\/\\\/www.facebook.com\\\/Sowosz\\\/\",\"https:\\\/\\\/www.instagram.com\\\/sowosz\\\/\",\"https:\\\/\\\/pl.pinterest.com\\\/sowosz\\\/\"]}]}<\/script>\n<!-- \/ Yoast SEO plugin. -->","yoast_head_json":{"title":"Tartak SOWOSZ Jankowice - wi\u0119\u017aba dachowa, kant\u00f3wki, \u0142aty, opa\u0142","description":"Tartak SOWOSZ - w naszej ofercie znajdziesz wi\u0119\u017ab\u0119 dachow\u0105, deski szalunkowe, \u0142aty i kontr\u0142aty, kant\u00f3wki. Oferujemy transport. Zapytaj o cen\u0119","robots":{"index":"index","follow":"follow","max-snippet":"max-snippet:-1","max-image-preview":"max-image-preview:large","max-video-preview":"max-video-preview:-1"},"canonical":"https:\/\/www.sowosz.com\/sk\/pila\/","og_locale":"sk_SK","og_type":"article","og_title":"Tartak SOWOSZ Jankowice - wi\u0119\u017aba dachowa, kant\u00f3wki, \u0142aty, opa\u0142","og_description":"Tartak SOWOSZ - w naszej ofercie znajdziesz wi\u0119\u017ab\u0119 dachow\u0105, deski szalunkowe, \u0142aty i kontr\u0142aty, kant\u00f3wki. Oferujemy transport. Zapytaj o cen\u0119","og_url":"https:\/\/www.sowosz.com\/sk\/pila\/","og_site_name":"Dreven\u00e9 schody SOWOSZ \u2013 priame a zabiehov\u00e9 schody od v\u00fdrobcu","article_publisher":"https:\/\/www.facebook.com\/Sowosz\/","article_modified_time":"2026-02-09T14:05:45+00:00","og_image":[{"url":"https:\/\/www.sowosz.com\/wp-content\/uploads\/2023\/08\/deski.webp","type":"","width":"","height":""}],"twitter_card":"summary_large_image","twitter_misc":{"Predpokladan\u00fd \u010das \u010d\u00edtania":"2 min\u00faty"},"schema":{"@context":"https:\/\/schema.org","@graph":[{"@type":"WebPage","@id":"https:\/\/www.sowosz.com\/sk\/pila\/","url":"https:\/\/www.sowosz.com\/sk\/pila\/","name":"Tartak SOWOSZ Jankowice - wi\u0119\u017aba dachowa, kant\u00f3wki, \u0142aty, opa\u0142","isPartOf":{"@id":"https:\/\/www.sowosz.com\/sk\/#website"},"primaryImageOfPage":{"@id":"https:\/\/www.sowosz.com\/sk\/pila\/#primaryimage"},"image":{"@id":"https:\/\/www.sowosz.com\/sk\/pila\/#primaryimage"},"thumbnailUrl":"https:\/\/www.sowosz.com\/wp-content\/uploads\/2023\/08\/deski.webp","datePublished":"2023-04-12T08:02:11+00:00","dateModified":"2026-02-09T14:05:45+00:00","description":"Tartak SOWOSZ - w naszej ofercie znajdziesz wi\u0119\u017ab\u0119 dachow\u0105, deski szalunkowe, \u0142aty i kontr\u0142aty, kant\u00f3wki. Oferujemy transport. Zapytaj o cen\u0119","breadcrumb":{"@id":"https:\/\/www.sowosz.com\/sk\/pila\/#breadcrumb"},"inLanguage":"sk-SK","potentialAction":[{"@type":"ReadAction","target":["https:\/\/www.sowosz.com\/sk\/pila\/"]}]},{"@type":"ImageObject","inLanguage":"sk-SK","@id":"https:\/\/www.sowosz.com\/sk\/pila\/#primaryimage","url":"https:\/\/www.sowosz.com\/wp-content\/uploads\/2023\/08\/deski.webp","contentUrl":"https:\/\/www.sowosz.com\/wp-content\/uploads\/2023\/08\/deski.webp"},{"@type":"BreadcrumbList","@id":"https:\/\/www.sowosz.com\/sk\/pila\/#breadcrumb","itemListElement":[{"@type":"ListItem","position":1,"name":"Strona g\u0142\u00f3wna","item":"https:\/\/www.sowosz.com\/sk\/"},{"@type":"ListItem","position":2,"name":"P\u00edla"}]},{"@type":"WebSite","@id":"https:\/\/www.sowosz.com\/sk\/#website","url":"https:\/\/www.sowosz.com\/sk\/","name":"SOWOSZ wooden straight and winder stairs manufacturer","description":"sowosz","publisher":{"@id":"https:\/\/www.sowosz.com\/sk\/#organization"},"alternateName":"SOWOSZ wooden stairs","potentialAction":[{"@type":"SearchAction","target":{"@type":"EntryPoint","urlTemplate":"https:\/\/www.sowosz.com\/sk\/?s={search_term_string}"},"query-input":{"@type":"PropertyValueSpecification","valueRequired":true,"valueName":"search_term_string"}}],"inLanguage":"sk-SK"},{"@type":"Organization","@id":"https:\/\/www.sowosz.com\/sk\/#organization","name":"Dreven\u00e9 schody SOWOSZ \u2013 priame a zabiehov\u00e9 schody od v\u00fdrobcu","alternateName":"Schody SOWOSZ","url":"https:\/\/www.sowosz.com\/sk\/","logo":{"@type":"ImageObject","inLanguage":"sk-SK","@id":"https:\/\/www.sowosz.com\/sk\/#\/schema\/logo\/image\/","url":"https:\/\/www.sowosz.com\/wp-content\/uploads\/2023\/08\/sowosz_logo.webp","contentUrl":"https:\/\/www.sowosz.com\/wp-content\/uploads\/2023\/08\/sowosz_logo.webp","width":800,"height":303,"caption":"Dreven\u00e9 schody SOWOSZ \u2013 priame a zabiehov\u00e9 schody od v\u00fdrobcu"},"image":{"@id":"https:\/\/www.sowosz.com\/sk\/#\/schema\/logo\/image\/"},"sameAs":["https:\/\/www.facebook.com\/Sowosz\/","https:\/\/www.instagram.com\/sowosz\/","https:\/\/pl.pinterest.com\/sowosz\/"]}]}},"_links":{"self":[{"href":"https:\/\/www.sowosz.com\/sk\/wp-json\/wp\/v2\/pages\/31101","targetHints":{"allow":["GET"]}}],"collection":[{"href":"https:\/\/www.sowosz.com\/sk\/wp-json\/wp\/v2\/pages"}],"about":[{"href":"https:\/\/www.sowosz.com\/sk\/wp-json\/wp\/v2\/types\/page"}],"author":[{"embeddable":true,"href":"https:\/\/www.sowosz.com\/sk\/wp-json\/wp\/v2\/users\/4"}],"replies":[{"embeddable":true,"href":"https:\/\/www.sowosz.com\/sk\/wp-json\/wp\/v2\/comments?post=31101"}],"version-history":[{"count":4,"href":"https:\/\/www.sowosz.com\/sk\/wp-json\/wp\/v2\/pages\/31101\/revisions"}],"predecessor-version":[{"id":31304,"href":"https:\/\/www.sowosz.com\/sk\/wp-json\/wp\/v2\/pages\/31101\/revisions\/31304"}],"wp:attachment":[{"href":"https:\/\/www.sowosz.com\/sk\/wp-json\/wp\/v2\/media?parent=31101"}],"curies":[{"name":"wp","href":"https:\/\/api.w.org\/{rel}","templated":true}]}}