{"id":30764,"date":"2023-01-09T12:37:37","date_gmt":"2023-01-09T11:37:37","guid":{"rendered":"https:\/\/www.sowosz.com\/cart\/"},"modified":"2025-12-17T14:07:34","modified_gmt":"2025-12-17T13:07:34","slug":"nakupny-kosik","status":"publish","type":"page","link":"https:\/\/www.sowosz.com\/sk\/nakupny-kosik\/","title":{"rendered":"N\u00e1kupn\u00fd ko\u0161\u00edk"},"content":{"rendered":"\n","protected":false},"excerpt":{"rendered":"","protected":false},"author":13,"featured_media":0,"parent":0,"menu_order":0,"comment_status":"closed","ping_status":"closed","template":"","meta":{"_acf_changed":false,"_themeisle_gutenberg_block_has_review":false,"footnotes":""},"class_list":["post-30764","page","type-page","status-publish","hentry"],"acf":[],"yoast_head":"<!-- This site is optimized with the Yoast SEO plugin v27.3 - https:\/\/yoast.com\/product\/yoast-seo-wordpress\/ -->\n<title>N\u00e1kupn\u00fd ko\u0161\u00edk - Dreven\u00e9 schody SOWOSZ \u2013 priame a zabiehov\u00e9 schody od v\u00fdrobcu<\/title>\n<meta name=\"robots\" content=\"noindex, nofollow\" \/>\n<meta property=\"og:locale\" content=\"sk_SK\" \/>\n<meta property=\"og:type\" content=\"article\" \/>\n<meta property=\"og:title\" content=\"N\u00e1kupn\u00fd ko\u0161\u00edk - Dreven\u00e9 schody SOWOSZ \u2013 priame a zabiehov\u00e9 schody od v\u00fdrobcu\" \/>\n<meta property=\"og:url\" content=\"https:\/\/www.sowosz.com\/sk\/nakupny-kosik\/\" \/>\n<meta property=\"og:site_name\" content=\"Dreven\u00e9 schody SOWOSZ \u2013 priame a zabiehov\u00e9 schody od v\u00fdrobcu\" \/>\n<meta property=\"article:publisher\" content=\"https:\/\/www.facebook.com\/Sowosz\/\" \/>\n<meta property=\"article:modified_time\" content=\"2025-12-17T13:07:34+00:00\" \/>\n<meta name=\"twitter:card\" content=\"summary_large_image\" \/>\n<script type=\"application\/ld+json\" class=\"yoast-schema-graph\">{\"@context\":\"https:\\\/\\\/schema.org\",\"@graph\":[{\"@type\":\"WebPage\",\"@id\":\"https:\\\/\\\/www.sowosz.com\\\/sk\\\/nakupny-kosik\\\/\",\"url\":\"https:\\\/\\\/www.sowosz.com\\\/sk\\\/nakupny-kosik\\\/\",\"name\":\"N\u00e1kupn\u00fd ko\u0161\u00edk - Dreven\u00e9 schody SOWOSZ \u2013 priame a zabiehov\u00e9 schody od v\u00fdrobcu\",\"isPartOf\":{\"@id\":\"https:\\\/\\\/www.sowosz.com\\\/sk\\\/#website\"},\"datePublished\":\"2023-01-09T11:37:37+00:00\",\"dateModified\":\"2025-12-17T13:07:34+00:00\",\"breadcrumb\":{\"@id\":\"https:\\\/\\\/www.sowosz.com\\\/sk\\\/nakupny-kosik\\\/#breadcrumb\"},\"inLanguage\":\"sk-SK\",\"potentialAction\":[{\"@type\":\"ReadAction\",\"target\":[\"https:\\\/\\\/www.sowosz.com\\\/sk\\\/nakupny-kosik\\\/\"]}]},{\"@type\":\"BreadcrumbList\",\"@id\":\"https:\\\/\\\/www.sowosz.com\\\/sk\\\/nakupny-kosik\\\/#breadcrumb\",\"itemListElement\":[{\"@type\":\"ListItem\",\"position\":1,\"name\":\"Strona g\u0142\u00f3wna\",\"item\":\"https:\\\/\\\/www.sowosz.com\\\/sk\\\/\"},{\"@type\":\"ListItem\",\"position\":2,\"name\":\"N\u00e1kupn\u00fd ko\u0161\u00edk\"}]},{\"@type\":\"WebSite\",\"@id\":\"https:\\\/\\\/www.sowosz.com\\\/sk\\\/#website\",\"url\":\"https:\\\/\\\/www.sowosz.com\\\/sk\\\/\",\"name\":\"SOWOSZ wooden straight and winder stairs manufacturer\",\"description\":\"sowosz\",\"publisher\":{\"@id\":\"https:\\\/\\\/www.sowosz.com\\\/sk\\\/#organization\"},\"alternateName\":\"SOWOSZ wooden stairs\",\"potentialAction\":[{\"@type\":\"SearchAction\",\"target\":{\"@type\":\"EntryPoint\",\"urlTemplate\":\"https:\\\/\\\/www.sowosz.com\\\/sk\\\/?s={search_term_string}\"},\"query-input\":{\"@type\":\"PropertyValueSpecification\",\"valueRequired\":true,\"valueName\":\"search_term_string\"}}],\"inLanguage\":\"sk-SK\"},{\"@type\":\"Organization\",\"@id\":\"https:\\\/\\\/www.sowosz.com\\\/sk\\\/#organization\",\"name\":\"Dreven\u00e9 schody SOWOSZ \u2013 priame a zabiehov\u00e9 schody od v\u00fdrobcu\",\"alternateName\":\"Schody SOWOSZ\",\"url\":\"https:\\\/\\\/www.sowosz.com\\\/sk\\\/\",\"logo\":{\"@type\":\"ImageObject\",\"inLanguage\":\"sk-SK\",\"@id\":\"https:\\\/\\\/www.sowosz.com\\\/sk\\\/#\\\/schema\\\/logo\\\/image\\\/\",\"url\":\"https:\\\/\\\/www.sowosz.com\\\/wp-content\\\/uploads\\\/2023\\\/08\\\/sowosz_logo.webp\",\"contentUrl\":\"https:\\\/\\\/www.sowosz.com\\\/wp-content\\\/uploads\\\/2023\\\/08\\\/sowosz_logo.webp\",\"width\":800,\"height\":303,\"caption\":\"Dreven\u00e9 schody SOWOSZ \u2013 priame a zabiehov\u00e9 schody od v\u00fdrobcu\"},\"image\":{\"@id\":\"https:\\\/\\\/www.sowosz.com\\\/sk\\\/#\\\/schema\\\/logo\\\/image\\\/\"},\"sameAs\":[\"https:\\\/\\\/www.facebook.com\\\/Sowosz\\\/\",\"https:\\\/\\\/www.instagram.com\\\/sowosz\\\/\",\"https:\\\/\\\/pl.pinterest.com\\\/sowosz\\\/\"]}]}<\/script>\n<!-- \/ Yoast SEO plugin. -->","yoast_head_json":{"title":"N\u00e1kupn\u00fd ko\u0161\u00edk - Dreven\u00e9 schody SOWOSZ \u2013 priame a zabiehov\u00e9 schody od v\u00fdrobcu","robots":{"index":"noindex","follow":"nofollow"},"og_locale":"sk_SK","og_type":"article","og_title":"N\u00e1kupn\u00fd ko\u0161\u00edk - Dreven\u00e9 schody SOWOSZ \u2013 priame a zabiehov\u00e9 schody od v\u00fdrobcu","og_url":"https:\/\/www.sowosz.com\/sk\/nakupny-kosik\/","og_site_name":"Dreven\u00e9 schody SOWOSZ \u2013 priame a zabiehov\u00e9 schody od v\u00fdrobcu","article_publisher":"https:\/\/www.facebook.com\/Sowosz\/","article_modified_time":"2025-12-17T13:07:34+00:00","twitter_card":"summary_large_image","schema":{"@context":"https:\/\/schema.org","@graph":[{"@type":"WebPage","@id":"https:\/\/www.sowosz.com\/sk\/nakupny-kosik\/","url":"https:\/\/www.sowosz.com\/sk\/nakupny-kosik\/","name":"N\u00e1kupn\u00fd ko\u0161\u00edk - Dreven\u00e9 schody SOWOSZ \u2013 priame a zabiehov\u00e9 schody od v\u00fdrobcu","isPartOf":{"@id":"https:\/\/www.sowosz.com\/sk\/#website"},"datePublished":"2023-01-09T11:37:37+00:00","dateModified":"2025-12-17T13:07:34+00:00","breadcrumb":{"@id":"https:\/\/www.sowosz.com\/sk\/nakupny-kosik\/#breadcrumb"},"inLanguage":"sk-SK","potentialAction":[{"@type":"ReadAction","target":["https:\/\/www.sowosz.com\/sk\/nakupny-kosik\/"]}]},{"@type":"BreadcrumbList","@id":"https:\/\/www.sowosz.com\/sk\/nakupny-kosik\/#breadcrumb","itemListElement":[{"@type":"ListItem","position":1,"name":"Strona g\u0142\u00f3wna","item":"https:\/\/www.sowosz.com\/sk\/"},{"@type":"ListItem","position":2,"name":"N\u00e1kupn\u00fd ko\u0161\u00edk"}]},{"@type":"WebSite","@id":"https:\/\/www.sowosz.com\/sk\/#website","url":"https:\/\/www.sowosz.com\/sk\/","name":"SOWOSZ wooden straight and winder stairs manufacturer","description":"sowosz","publisher":{"@id":"https:\/\/www.sowosz.com\/sk\/#organization"},"alternateName":"SOWOSZ wooden stairs","potentialAction":[{"@type":"SearchAction","target":{"@type":"EntryPoint","urlTemplate":"https:\/\/www.sowosz.com\/sk\/?s={search_term_string}"},"query-input":{"@type":"PropertyValueSpecification","valueRequired":true,"valueName":"search_term_string"}}],"inLanguage":"sk-SK"},{"@type":"Organization","@id":"https:\/\/www.sowosz.com\/sk\/#organization","name":"Dreven\u00e9 schody SOWOSZ \u2013 priame a zabiehov\u00e9 schody od v\u00fdrobcu","alternateName":"Schody SOWOSZ","url":"https:\/\/www.sowosz.com\/sk\/","logo":{"@type":"ImageObject","inLanguage":"sk-SK","@id":"https:\/\/www.sowosz.com\/sk\/#\/schema\/logo\/image\/","url":"https:\/\/www.sowosz.com\/wp-content\/uploads\/2023\/08\/sowosz_logo.webp","contentUrl":"https:\/\/www.sowosz.com\/wp-content\/uploads\/2023\/08\/sowosz_logo.webp","width":800,"height":303,"caption":"Dreven\u00e9 schody SOWOSZ \u2013 priame a zabiehov\u00e9 schody od v\u00fdrobcu"},"image":{"@id":"https:\/\/www.sowosz.com\/sk\/#\/schema\/logo\/image\/"},"sameAs":["https:\/\/www.facebook.com\/Sowosz\/","https:\/\/www.instagram.com\/sowosz\/","https:\/\/pl.pinterest.com\/sowosz\/"]}]}},"_links":{"self":[{"href":"https:\/\/www.sowosz.com\/sk\/wp-json\/wp\/v2\/pages\/30764","targetHints":{"allow":["GET"]}}],"collection":[{"href":"https:\/\/www.sowosz.com\/sk\/wp-json\/wp\/v2\/pages"}],"about":[{"href":"https:\/\/www.sowosz.com\/sk\/wp-json\/wp\/v2\/types\/page"}],"author":[{"embeddable":true,"href":"https:\/\/www.sowosz.com\/sk\/wp-json\/wp\/v2\/users\/13"}],"replies":[{"embeddable":true,"href":"https:\/\/www.sowosz.com\/sk\/wp-json\/wp\/v2\/comments?post=30764"}],"version-history":[{"count":2,"href":"https:\/\/www.sowosz.com\/sk\/wp-json\/wp\/v2\/pages\/30764\/revisions"}],"predecessor-version":[{"id":38555,"href":"https:\/\/www.sowosz.com\/sk\/wp-json\/wp\/v2\/pages\/30764\/revisions\/38555"}],"wp:attachment":[{"href":"https:\/\/www.sowosz.com\/sk\/wp-json\/wp\/v2\/media?parent=30764"}],"curies":[{"name":"wp","href":"https:\/\/api.w.org\/{rel}","templated":true}]}}